{"id":7551,"date":"2024-10-30T15:48:44","date_gmt":"2024-10-30T14:48:44","guid":{"rendered":"https:\/\/sklep.thepartners.pl\/?post_type=product&#038;p=7551"},"modified":"2024-10-31T07:07:06","modified_gmt":"2024-10-31T06:07:06","slug":"__trashed-7","status":"publish","type":"product","link":"https:\/\/sklep.thepartners.pl\/cs\/produkt\/__trashed-7\/","title":{"rendered":"Om\u00edtkov\u00e1 f\u00f3lie Blue Dolphin 4x5m"},"content":{"rendered":"<div class=\"flex max-w-full flex-col flex-grow\">\n<div class=\"min-h-8 text-message flex w-full flex-col items-end gap-2 whitespace-normal break-words [.text-message+&amp;]:mt-5\" dir=\"auto\" data-message-author-role=\"assistant\" data-message-id=\"a050a5ee-7424-44b7-bd95-10da1158a5de\" data-message-model-slug=\"gpt-4o\">\n<div class=\"flex w-full flex-col gap-1 empty:hidden first:pt-[3px]\">\n<div class=\"markdown prose w-full break-words dark:prose-invert light\">\n<div class=\"flex max-w-full flex-col flex-grow\">\n<div class=\"min-h-8 text-message flex w-full flex-col items-end gap-2 whitespace-normal break-words [.text-message+&amp;]:mt-5\" dir=\"auto\" data-message-author-role=\"assistant\" data-message-id=\"588912de-acab-472f-9eff-44e8592bdd3b\" data-message-model-slug=\"gpt-4o\">\n<div class=\"flex w-full flex-col gap-1 empty:hidden first:pt-[3px]\">\n<div class=\"markdown prose w-full break-words dark:prose-invert light\">\n<div class=\"flex max-w-full flex-col flex-grow\">\n<div class=\"min-h-8 text-message flex w-full flex-col items-end gap-2 whitespace-normal break-words [.text-message+&amp;]:mt-5\" dir=\"auto\" data-message-author-role=\"assistant\" data-message-id=\"588912de-acab-472f-9eff-44e8592bdd3b\" data-message-model-slug=\"gpt-4o\">\n<div class=\"flex w-full flex-col gap-1 empty:hidden first:pt-[3px]\">\n<div class=\"markdown prose w-full break-words dark:prose-invert light\">\n<div class=\"flex max-w-full flex-col flex-grow\">\n<div class=\"min-h-8 text-message flex w-full flex-col items-end gap-2 whitespace-normal break-words [.text-message+&amp;]:mt-5\" dir=\"auto\" data-message-author-role=\"assistant\" data-message-id=\"138933dd-6a49-4d6e-94ee-0e490a103e9a\" data-message-model-slug=\"gpt-4o\">\n<div class=\"flex w-full flex-col gap-1 empty:hidden first:pt-[3px]\">\n<div class=\"markdown prose w-full break-words dark:prose-invert light\">\n<p><strong>Om\u00edtkov\u00e1 f\u00f3lie Blue Dolphin<\/strong> je profesion\u00e1ln\u00ed ochrann\u00e1 f\u00f3lie ur\u010den\u00e1 k zakryt\u00ed ploch p\u0159i om\u00edt\u00e1n\u00ed a stavebn\u00edch prac\u00edch. Skv\u011ble se hod\u00ed pro ochranu oken, dve\u0159\u00ed a dal\u0161\u00edch prvk\u016f p\u0159ed ne\u010distotami, om\u00edtkou, barvou, prachem a vlhkost\u00ed. D\u00edky sv\u00e9 pevnosti a p\u0159ilnavosti poskytuje dlouhodobou ochranu, kterou ocen\u00ed jak profesion\u00e1lov\u00e9, tak i dom\u00e1c\u00ed kutilov\u00e9.<\/p>\n<h4>Hlavn\u00ed vlastnosti:<\/h4>\n<ul>\n<li><strong>Spolehliv\u00e1 ochrana<\/strong> \u2013 chr\u00e1n\u00ed p\u0159ed zne\u010di\u0161t\u011bn\u00edm, vlhkost\u00ed a prachem.<\/li>\n<li><strong>Odolnost v\u016f\u010di po\u0161kozen\u00ed<\/strong> \u2013 pevn\u00e1 struktura f\u00f3lie je ide\u00e1ln\u00ed pro n\u00e1ro\u010dn\u00e9 stavebn\u00ed prost\u0159ed\u00ed.<\/li>\n<li><strong>Snadn\u00e1 aplikace<\/strong> \u2013 snadno se rozkl\u00e1d\u00e1 a p\u0159ilne k povrchu, \u010d\u00edm\u017e urychluje p\u0159\u00edpravu pracovn\u00ed plochy.<\/li>\n<li><strong>Univerz\u00e1ln\u00ed vyu\u017eit\u00ed<\/strong> \u2013 vhodn\u00e1 jak pro interi\u00e9ry, tak i pro exteri\u00e9ry.<\/li>\n<li><strong>Dostupn\u00e1 v r\u016fzn\u00fdch rozm\u011brech<\/strong> \u2013 poskytuje vhodn\u00e9 pokryt\u00ed i v\u011bt\u0161\u00edch ploch.<\/li>\n<\/ul>\n<\/div>\n<\/div>\n<\/div>\n<\/div>\n<div class=\"mb-2 flex gap-3 empty:hidden -ml-2\">\n<div class=\"items-center justify-start rounded-xl p-1 flex\"><\/div>\n<\/div>\n<\/div>\n<\/div>\n<\/div>\n<\/div>\n<\/div>\n<\/div>\n<\/div>\n<\/div>\n<div class=\"mb-2 flex gap-3 empty:hidden -ml-2\">\n<div class=\"items-center justify-start rounded-xl p-1 flex\"><\/div>\n<\/div>\n<\/div>\n<\/div>\n<\/div>\n<\/div>\n","protected":false},"excerpt":{"rendered":"<p>Om\u00edtkov\u00e1 f\u00f3lie Blue Dolphin je profesion\u00e1ln\u00ed ochrann\u00e1 f\u00f3lie ur\u010den\u00e1 k zakryt\u00ed ploch p\u0159i om\u00edt\u00e1n\u00ed a stavebn\u00edch prac\u00edch. Skv\u011ble se hod\u00ed<\/p>\n","protected":false},"featured_media":7554,"comment_status":"open","ping_status":"closed","template":"","meta":{"_acf_changed":false},"product_brand":[],"product_cat":[162,1159],"product_tag":[],"class_list":{"0":"post-7551","1":"product","2":"type-product","3":"status-publish","4":"has-post-thumbnail","6":"product_cat-micharna-barev-a-omitek","7":"product_cat-malirske-doplnky","8":"product_shipping_class-kurier-cs","9":"pa_producent-blue-dolphin","11":"first","12":"instock","13":"taxable","14":"shipping-taxable","15":"purchasable","16":"product-type-simple"},"acf":[],"_links":{"self":[{"href":"https:\/\/sklep.thepartners.pl\/cs\/wp-json\/wp\/v2\/product\/7551","targetHints":{"allow":["GET"]}}],"collection":[{"href":"https:\/\/sklep.thepartners.pl\/cs\/wp-json\/wp\/v2\/product"}],"about":[{"href":"https:\/\/sklep.thepartners.pl\/cs\/wp-json\/wp\/v2\/types\/product"}],"replies":[{"embeddable":true,"href":"https:\/\/sklep.thepartners.pl\/cs\/wp-json\/wp\/v2\/comments?post=7551"}],"wp:featuredmedia":[{"embeddable":true,"href":"https:\/\/sklep.thepartners.pl\/cs\/wp-json\/wp\/v2\/media\/7554"}],"wp:attachment":[{"href":"https:\/\/sklep.thepartners.pl\/cs\/wp-json\/wp\/v2\/media?parent=7551"}],"wp:term":[{"taxonomy":"product_brand","embeddable":true,"href":"https:\/\/sklep.thepartners.pl\/cs\/wp-json\/wp\/v2\/product_brand?post=7551"},{"taxonomy":"product_cat","embeddable":true,"href":"https:\/\/sklep.thepartners.pl\/cs\/wp-json\/wp\/v2\/product_cat?post=7551"},{"taxonomy":"product_tag","embeddable":true,"href":"https:\/\/sklep.thepartners.pl\/cs\/wp-json\/wp\/v2\/product_tag?post=7551"}],"curies":[{"name":"wp","href":"https:\/\/api.w.org\/{rel}","templated":true}]}}