{"id":7558,"date":"2024-10-31T08:14:45","date_gmt":"2024-10-31T07:14:45","guid":{"rendered":"https:\/\/sklep.thepartners.pl\/produkt\/detektor-laserowy-dwl-02g\/"},"modified":"2024-11-04T13:50:09","modified_gmt":"2024-11-04T12:50:09","slug":"detektor-laserowy-dwl-02g","status":"publish","type":"product","link":"https:\/\/sklep.thepartners.pl\/cs\/produkt\/detektor-laserowy-dwl-02g\/","title":{"rendered":"Laserov\u00fd detektor DWL-02G"},"content":{"rendered":"<p><strong>Laserov\u00fd detektor DWL-02G<\/strong> je p\u0159esn\u00e9 za\u0159\u00edzen\u00ed ur\u010den\u00e9 k detekci zelen\u00e9ho laserov\u00e9ho paprsku emitovan\u00e9ho k\u0159\u00ed\u017eov\u00fdmi lasery, nivela\u010dn\u00edmi a jin\u00fdmi laserov\u00fdmi za\u0159\u00edzen\u00edmi. Je nenahraditeln\u00fd p\u0159i stavebn\u00edch a zem\u011bm\u011b\u0159ick\u00fdch prac\u00edch, kde je vy\u017eadov\u00e1na vysok\u00e1 p\u0159esnost m\u011b\u0159en\u00ed.<\/p>\n<p><strong>Technick\u00e9 \u00fadaje:<\/strong><\/p>\n<ul>\n<li><strong>P\u0159esnost m\u011b\u0159en\u00ed: nastaven\u00ed &#8222;Jemn\u00e9&#8220; \u00b11,5 mm, nastaven\u00ed &#8222;St\u0159edn\u00ed&#8220; \u00b12,5 mm.<br \/>\nDetek\u010dn\u00ed rozsah: Zvy\u0161uje provozn\u00ed dosah laserov\u00fdch za\u0159\u00edzen\u00ed a umo\u017e\u0148uje p\u0159esn\u00e1 m\u011b\u0159en\u00ed na v\u011bt\u0161\u00ed vzd\u00e1lenosti.<br \/>\nNap\u00e1jen\u00ed: 9V baterie, zaji\u0161\u0165uj\u00edc\u00ed dlouhotrvaj\u00edc\u00ed provoz za\u0159\u00edzen\u00ed.<\/strong><\/li>\n<\/ul>\n<p><strong>Zastosowanie:<\/strong><\/p>\n<p>Detektor DWL-02G je ide\u00e1ln\u00ed pro:<\/p>\n<ul>\n<li>Nivela\u010dn\u00ed pr\u00e1ce na stavb\u00e1ch.<\/li>\n<li>P\u0159esn\u00e9 um\u00edst\u011bn\u00ed konstruk\u010dn\u00edch prvk\u016f.<\/li>\n<li>M\u011b\u0159en\u00ed v ter\u00e9nu vy\u017eaduj\u00edc\u00ed vysokou p\u0159esnost.<\/li>\n<\/ul>\n<p><strong>Obsah sady:<\/strong><\/p>\n<ul>\n<li>Laserov\u00fd detektor DWL-02G.<\/li>\n<li>Mont\u00e1\u017en\u00ed dr\u017e\u00e1k.<\/li>\n<li>9V baterie.<\/li>\n<li>U\u017eivatelsk\u00e1 p\u0159\u00edru\u010dka.<\/li>\n<\/ul>\n","protected":false},"excerpt":{"rendered":"<p><strong>Kl\u00ed\u010dov\u00e9 vlastnosti produktu:<\/strong><\/p>\n<ul>\n<li><strong>Detekce zelen\u00e9ho paprsku:<\/strong> Speci\u00e1ln\u011b navr\u017een\u00e1 pro pr\u00e1ci se zelen\u00fdmi laserov\u00fdmi paprsky, zvy\u0161uj\u00edc\u00ed p\u0159esnost m\u011b\u0159en\u00ed<\/li>\n<li><strong>LED indik\u00e1tory<\/strong>: Um\u00edst\u011bn\u00e9 na p\u0159edn\u00ed, bo\u010dn\u00ed a zadn\u00ed stran\u011b detektoru poskytuj\u00ed informace o poloze laserov\u00e9ho paprsku, co\u017e usnad\u0148uje p\u0159esn\u00e9 vyrovn\u00e1n\u00ed.<\/li>\n<li><strong>Zvukov\u00e1 signalizace:<\/strong> Vestav\u011bn\u00fd reproduktor vyd\u00e1v\u00e1 r\u016fzn\u00e9 t\u00f3ny v z\u00e1vislosti na poloze detektoru vzhledem k laserov\u00e9 linii, co\u017e je u\u017eite\u010dn\u00e9 zejm\u00e9na v<\/li>\n<li><strong>podm\u00ednk\u00e1ch slab\u00e9ho osv\u011btlen\u00ed:<\/strong> Dv\u011b libely umo\u017e\u0148uj\u00ed p\u0159esn\u00e9 um\u00edst\u011bn\u00ed detektoru vertik\u00e1ln\u011b i horizont\u00e1ln\u011b p\u0159esnost m\u011b\u0159en\u00ed<\/li>\n<li><strong>Mont\u00e1\u017en\u00ed dr\u017e\u00e1k:<\/strong> Odn\u00edmateln\u00e1 rukoje\u0165 umo\u017e\u0148uje rychlou a p\u0159esnou mont\u00e1\u017e detektoru na nivela\u010dn\u00ed ty\u010d s mo\u017enost\u00ed nastaven\u00ed pro r\u016fzn\u00e9 \u0161\u00ed\u0159ky ty\u010de.<\/li>\n<\/ul>\n","protected":false},"featured_media":7557,"comment_status":"open","ping_status":"closed","template":"","meta":{"_acf_changed":false},"product_brand":[],"product_cat":[1022,1027],"product_tag":[1220],"class_list":{"0":"post-7558","1":"product","2":"type-product","3":"status-publish","4":"has-post-thumbnail","6":"product_cat-naradi","7":"product_cat-merici-zarizeni","8":"product_tag-detektor-laserowy-dwl-02g-cs","9":"product_shipping_class-kurier-cs","10":"pa_producent-pro-cs","12":"first","13":"instock","14":"taxable","15":"shipping-taxable","16":"purchasable","17":"product-type-simple"},"acf":[],"_links":{"self":[{"href":"https:\/\/sklep.thepartners.pl\/cs\/wp-json\/wp\/v2\/product\/7558","targetHints":{"allow":["GET"]}}],"collection":[{"href":"https:\/\/sklep.thepartners.pl\/cs\/wp-json\/wp\/v2\/product"}],"about":[{"href":"https:\/\/sklep.thepartners.pl\/cs\/wp-json\/wp\/v2\/types\/product"}],"replies":[{"embeddable":true,"href":"https:\/\/sklep.thepartners.pl\/cs\/wp-json\/wp\/v2\/comments?post=7558"}],"wp:featuredmedia":[{"embeddable":true,"href":"https:\/\/sklep.thepartners.pl\/cs\/wp-json\/wp\/v2\/media\/7557"}],"wp:attachment":[{"href":"https:\/\/sklep.thepartners.pl\/cs\/wp-json\/wp\/v2\/media?parent=7558"}],"wp:term":[{"taxonomy":"product_brand","embeddable":true,"href":"https:\/\/sklep.thepartners.pl\/cs\/wp-json\/wp\/v2\/product_brand?post=7558"},{"taxonomy":"product_cat","embeddable":true,"href":"https:\/\/sklep.thepartners.pl\/cs\/wp-json\/wp\/v2\/product_cat?post=7558"},{"taxonomy":"product_tag","embeddable":true,"href":"https:\/\/sklep.thepartners.pl\/cs\/wp-json\/wp\/v2\/product_tag?post=7558"}],"curies":[{"name":"wp","href":"https:\/\/api.w.org\/{rel}","templated":true}]}}