{"id":7566,"date":"2024-10-31T09:07:05","date_gmt":"2024-10-31T08:07:05","guid":{"rendered":"https:\/\/sklep.thepartners.pl\/produkt\/diamentowy-dysk-szlifierski-gran-100-100-mm-na-rzep\/"},"modified":"2024-11-12T11:08:32","modified_gmt":"2024-11-12T10:08:32","slug":"diamentowy-dysk-szlifierski-gran-100-100-mm-na-rzep","status":"publish","type":"product","link":"https:\/\/sklep.thepartners.pl\/cs\/produkt\/diamentowy-dysk-szlifierski-gran-100-100-mm-na-rzep\/","title":{"rendered":"Diamantov\u00fd brusn\u00fd kotou\u010d, \u017eula. 100, 100 mm such\u00fd zip"},"content":{"rendered":"<p><strong>Aplikace:<\/strong><\/p>\n<p><strong>Kotou\u010d je ur\u010den k brou\u0161en\u00ed a le\u0161t\u011bn\u00ed:<\/strong><\/p>\n<p>Gresu<br \/>\nKonkr\u00e9tn\u00ed<br \/>\n\u017dula<br \/>\nMramor<br \/>\nKeramika<br \/>\nP\u0159\u00edrodn\u00ed k\u00e1men<\/p>\n<p><strong>Doporu\u010den\u00ed pro pou\u017eit\u00ed:<\/strong><\/p>\n<p>Pr\u00e1ce za mokra: Pro zv\u00fd\u0161en\u00ed trvanlivosti kotou\u010de a \u00fa\u010dinnosti brou\u0161en\u00ed doporu\u010dujeme pracovat s vodou.<br \/>\nRegulace rychlosti: Pou\u017eit\u00ed \u00fahlov\u00e9 brusky s regulac\u00ed rychlosti umo\u017e\u0148uje p\u0159izp\u016fsobit pracovn\u00ed rychlost typu materi\u00e1lu a f\u00e1zi zpracov\u00e1n\u00ed.<br \/>\nPou\u017eit\u00ed pry\u017eov\u00e9ho kotou\u010de: P\u0159i obr\u00e1b\u011bn\u00ed se doporu\u010duje pou\u017e\u00edt pry\u017eov\u00fd kotou\u010d na such\u00fd zip pro lep\u0161\u00ed kontrolu a rovnom\u011brn\u00e9 brou\u0161en\u00ed.<\/p>\n","protected":false},"excerpt":{"rendered":"<p><strong>Kl\u00ed\u010dov\u00e9 vlastnosti produktu:<\/strong><\/p>\n<p><strong>Granulace:<\/strong> 100 \u2013 ide\u00e1ln\u00ed pro st\u0159edn\u00ed mlet\u00ed a p\u0159\u00edpravu povrchu pro dal\u0161\u00ed zpracov\u00e1n\u00ed.<br \/>\n<strong>Uchycen\u00ed:<\/strong> such\u00fd zip &#8211; umo\u017e\u0148uje rychl\u00e9 a bezpe\u010dn\u00e9 p\u0159ipevn\u011bn\u00ed kotou\u010de k dr\u017e\u00e1ku, co\u017e usnad\u0148uje pr\u00e1ci.<br \/>\n<strong>Pr\u016fm\u011br:<\/strong> 100 mm \u2013 kompatibiln\u00ed s v\u011bt\u0161inou \u00fahlov\u00fdch brusek a le\u0161ti\u010dek dostupn\u00fdch na trhu.<\/p>\n","protected":false},"featured_media":7563,"comment_status":"open","ping_status":"closed","template":"","meta":{"_acf_changed":false},"product_brand":[],"product_cat":[1022,1028],"product_tag":[1226,1225],"class_list":{"0":"post-7566","1":"product","2":"type-product","3":"status-publish","4":"has-post-thumbnail","6":"product_cat-naradi","7":"product_cat-pilove-kotouce-a-vrtaky","8":"product_tag-100-mm-na-rzep-cs","9":"product_tag-diamentowy-dysk-szlifierski-gran-100-cs","10":"product_shipping_class-kurier-cs","11":"pa_producent-pro-cs","13":"first","14":"instock","15":"taxable","16":"shipping-taxable","17":"purchasable","18":"product-type-simple"},"acf":[],"_links":{"self":[{"href":"https:\/\/sklep.thepartners.pl\/cs\/wp-json\/wp\/v2\/product\/7566","targetHints":{"allow":["GET"]}}],"collection":[{"href":"https:\/\/sklep.thepartners.pl\/cs\/wp-json\/wp\/v2\/product"}],"about":[{"href":"https:\/\/sklep.thepartners.pl\/cs\/wp-json\/wp\/v2\/types\/product"}],"replies":[{"embeddable":true,"href":"https:\/\/sklep.thepartners.pl\/cs\/wp-json\/wp\/v2\/comments?post=7566"}],"wp:featuredmedia":[{"embeddable":true,"href":"https:\/\/sklep.thepartners.pl\/cs\/wp-json\/wp\/v2\/media\/7563"}],"wp:attachment":[{"href":"https:\/\/sklep.thepartners.pl\/cs\/wp-json\/wp\/v2\/media?parent=7566"}],"wp:term":[{"taxonomy":"product_brand","embeddable":true,"href":"https:\/\/sklep.thepartners.pl\/cs\/wp-json\/wp\/v2\/product_brand?post=7566"},{"taxonomy":"product_cat","embeddable":true,"href":"https:\/\/sklep.thepartners.pl\/cs\/wp-json\/wp\/v2\/product_cat?post=7566"},{"taxonomy":"product_tag","embeddable":true,"href":"https:\/\/sklep.thepartners.pl\/cs\/wp-json\/wp\/v2\/product_tag?post=7566"}],"curies":[{"name":"wp","href":"https:\/\/api.w.org\/{rel}","templated":true}]}}