{"id":7571,"date":"2024-10-31T09:10:03","date_gmt":"2024-10-31T08:10:03","guid":{"rendered":"https:\/\/sklep.thepartners.pl\/?post_type=product&#038;p=7571"},"modified":"2024-10-31T09:13:34","modified_gmt":"2024-10-31T08:13:34","slug":"diamentowy-dysk-szlifierski-gran-400-100-mm-na-rzep","status":"publish","type":"product","link":"https:\/\/sklep.thepartners.pl\/cs\/produkt\/diamentowy-dysk-szlifierski-gran-400-100-mm-na-rzep\/","title":{"rendered":"Diamentowy dysk szlifierski gran. 400, 100 mm na rzep"},"content":{"rendered":"<p><strong>Zastosowanie:<\/strong><\/p>\n<p>Dysk jest przeznaczony do szlifowania i polerowania:<\/p>\n<ul>\n<li>Gresu<\/li>\n<li>Betonu<\/li>\n<li>Granitu<\/li>\n<li>Marmuru<\/li>\n<li>Ceramiki<\/li>\n<li>Kamienia naturalnego<\/li>\n<\/ul>\n<p><strong>Zalecenia dotycz\u0105ce u\u017cytkowania:<\/strong><\/p>\n<ul>\n<li><strong>Praca na mokro:<\/strong> Aby zwi\u0119kszy\u0107 trwa\u0142o\u015b\u0107 dysku i efektywno\u015b\u0107 szlifowania, zaleca si\u0119 prac\u0119 z u\u017cyciem wody.<\/li>\n<li><strong>Regulacja obrot\u00f3w:<\/strong> U\u017cywanie szlifierki k\u0105towej z regulacj\u0105 obrot\u00f3w pozwala dostosowa\u0107 pr\u0119dko\u015b\u0107 pracy do rodzaju materia\u0142u i etapu obr\u00f3bki.<\/li>\n<li><strong>U\u017cycie gumowego dysku:<\/strong> Podczas obr\u00f3bki zaleca si\u0119 stosowanie gumowego dysku na rzep, co zapewnia lepsz\u0105 kontrol\u0119 i r\u00f3wnomierne szlifowanie.<\/li>\n<\/ul>\n","protected":false},"excerpt":{"rendered":"<p><strong>Kluczowe cechy produktu:<\/strong><\/p>\n<ul>\n<li><strong>Granulacja: <\/strong>400 \u2013 idealna do \u015bredniego szlifowania i przygotowania powierzchni pod dalsz\u0105 obr\u00f3bk\u0119.<\/li>\n<li><strong>Mocowanie:<\/strong> Rzep \u2013 umo\u017cliwia szybkie i pewne mocowanie dysku do uchwytu, co usprawnia prac\u0119.<\/li>\n<li><strong>\u015arednica:<\/strong> 100 mm \u2013 kompatybilny z wi\u0119kszo\u015bci\u0105 szlifierek k\u0105towych i polerek dost\u0119pnych na rynku.<\/li>\n<\/ul>\n","protected":false},"featured_media":7563,"comment_status":"open","ping_status":"closed","template":"","meta":{"_acf_changed":false},"product_brand":[],"product_cat":[1022,1028],"product_tag":[1226,1228],"class_list":{"0":"post-7571","1":"product","2":"type-product","3":"status-publish","4":"has-post-thumbnail","6":"product_cat-naradi","7":"product_cat-pilove-kotouce-a-vrtaky","8":"product_tag-100-mm-na-rzep-cs","9":"product_tag-diamentowy-dysk-szlifierski-gran-400-cs","10":"product_shipping_class-kurier-cs","11":"pa_producent-pro-cs","13":"first","14":"instock","15":"taxable","16":"shipping-taxable","17":"purchasable","18":"product-type-simple"},"acf":[],"_links":{"self":[{"href":"https:\/\/sklep.thepartners.pl\/cs\/wp-json\/wp\/v2\/product\/7571","targetHints":{"allow":["GET"]}}],"collection":[{"href":"https:\/\/sklep.thepartners.pl\/cs\/wp-json\/wp\/v2\/product"}],"about":[{"href":"https:\/\/sklep.thepartners.pl\/cs\/wp-json\/wp\/v2\/types\/product"}],"replies":[{"embeddable":true,"href":"https:\/\/sklep.thepartners.pl\/cs\/wp-json\/wp\/v2\/comments?post=7571"}],"wp:featuredmedia":[{"embeddable":true,"href":"https:\/\/sklep.thepartners.pl\/cs\/wp-json\/wp\/v2\/media\/7563"}],"wp:attachment":[{"href":"https:\/\/sklep.thepartners.pl\/cs\/wp-json\/wp\/v2\/media?parent=7571"}],"wp:term":[{"taxonomy":"product_brand","embeddable":true,"href":"https:\/\/sklep.thepartners.pl\/cs\/wp-json\/wp\/v2\/product_brand?post=7571"},{"taxonomy":"product_cat","embeddable":true,"href":"https:\/\/sklep.thepartners.pl\/cs\/wp-json\/wp\/v2\/product_cat?post=7571"},{"taxonomy":"product_tag","embeddable":true,"href":"https:\/\/sklep.thepartners.pl\/cs\/wp-json\/wp\/v2\/product_tag?post=7571"}],"curies":[{"name":"wp","href":"https:\/\/api.w.org\/{rel}","templated":true}]}}