{"id":758,"date":"2024-04-25T01:35:19","date_gmt":"2024-04-24T23:35:19","guid":{"rendered":"https:\/\/www.partners.proadax-dev.pl\/?post_type=product&#038;p=758"},"modified":"2024-10-01T09:55:53","modified_gmt":"2024-10-01T07:55:53","slug":"preklad-porotherm-23-8","status":"publish","type":"product","link":"https:\/\/sklep.thepartners.pl\/cs\/produkt\/preklad-porotherm-23-8\/","title":{"rendered":"P\u0159eklad POROTHERM 23.8"},"content":{"rendered":"<p>Nadpra\u017e\u00ed Porotherm 23.8 jsou prvky ur\u010den\u00e9 k uzav\u00edr\u00e1n\u00ed dve\u0159n\u00edch a okenn\u00edch otvor\u016f ve st\u011bn\u00e1ch r\u016fzn\u00fdch tlou\u0161t\u011bk a ur\u010den\u00ed. Jsou vyrobeny z p\u00f3rovit\u00fdch keramick\u00fdch tvarovek, v\u00fdztu\u017ee m\u0159\u00ed\u017ekou a betonu t\u0159\u00eddy C30\/37, kter\u00e9 po polo\u017een\u00ed na zdi okam\u017eit\u011b pln\u00ed nosnou funkci.<\/p>\n<p><strong>V\u00fdhody:<\/strong><\/p>\n<ul>\n<li>Stejn\u00e1 v\u00fd\u0161ka jako Porotherm cihly, co\u017e eliminuje pot\u0159ebu p\u0159edokenn\u00edho v\u00fdstu\u017ee.<\/li>\n<li>Velmi vysok\u00e1 nosnost, eliminuj\u00edc\u00ed pot\u0159ebu pou\u017eit\u00ed dodate\u010dn\u00fdch mont\u00e1\u017en\u00edch podpor.<\/li>\n<li>Mo\u017enost snadn\u00e9ho a rychl\u00e9ho zateplen\u00ed u venkovn\u00edch st\u011bn.<\/li>\n<li>Keramick\u00fd povrch zabr\u00e1n\u00ed prask\u00e1n\u00ed om\u00edtky na hranici nadpra\u017e\u00ed a st\u011bny.<\/li>\n<\/ul>\n<p><strong>Pou\u017eit\u00ed:<\/strong> Ide\u00e1ln\u00ed \u0159e\u0161en\u00ed pro pou\u017eit\u00ed ve stavebn\u00edm syst\u00e9mu Porotherm p\u0159i stavb\u011b a n\u00e1vrhu vn\u011bj\u0161\u00edch i vnit\u0159n\u00edch st\u011bn.<\/p>\n<p><strong>Mont\u00e1\u017en\u00ed pokyny:<\/strong> Je nutn\u00e9 dodr\u017eovat pokyny pro pou\u017eit\u00ed a mont\u00e1\u017e Porotherm 23.8 poskytnut\u00e9 v\u00fdrobcem.<\/p>\n","protected":false},"excerpt":{"rendered":"<blockquote><p><strong>Keramick\u00fd a \u017eelezobetonov\u00fd p\u0159ekladov\u00fd nosn\u00edk Porotherm 23.8.<\/strong><\/p>\n<p><strong> Vyzna\u010duje se vysokou odolnost\u00ed a nevy\u017eaduje p\u0159ekr\u00fdv\u00e1n\u00ed.<\/strong><\/p><\/blockquote>\n","protected":false},"featured_media":5944,"comment_status":"open","ping_status":"closed","template":"","meta":{"_acf_changed":false},"product_brand":[],"product_cat":[156,159],"product_tag":[450,446],"class_list":{"0":"post-758","1":"product","2":"type-product","3":"status-publish","4":"has-post-thumbnail","6":"product_cat-stavebni-materialy","7":"product_cat-nosne-preklady","8":"product_tag-nadproze-cs","9":"product_tag-porotherm-cs","10":"product_shipping_class-transport-the-partners-cs","11":"pa_dlugosc-100-cm-cs","12":"pa_dlugosc-125-cm-cs","13":"pa_dlugosc-150-cm-cs","14":"pa_dlugosc-175cm-cs","15":"pa_dlugosc-200cm-cs","16":"pa_dlugosc-225cm-cs","17":"pa_dlugosc-250cm-cs","18":"pa_dlugosc-300cm-cs","19":"pa_producent-wienerberger-cs","21":"first","22":"instock","23":"taxable","24":"shipping-taxable","25":"purchasable","26":"product-type-variable"},"acf":[],"_links":{"self":[{"href":"https:\/\/sklep.thepartners.pl\/cs\/wp-json\/wp\/v2\/product\/758","targetHints":{"allow":["GET"]}}],"collection":[{"href":"https:\/\/sklep.thepartners.pl\/cs\/wp-json\/wp\/v2\/product"}],"about":[{"href":"https:\/\/sklep.thepartners.pl\/cs\/wp-json\/wp\/v2\/types\/product"}],"replies":[{"embeddable":true,"href":"https:\/\/sklep.thepartners.pl\/cs\/wp-json\/wp\/v2\/comments?post=758"}],"wp:featuredmedia":[{"embeddable":true,"href":"https:\/\/sklep.thepartners.pl\/cs\/wp-json\/wp\/v2\/media\/5944"}],"wp:attachment":[{"href":"https:\/\/sklep.thepartners.pl\/cs\/wp-json\/wp\/v2\/media?parent=758"}],"wp:term":[{"taxonomy":"product_brand","embeddable":true,"href":"https:\/\/sklep.thepartners.pl\/cs\/wp-json\/wp\/v2\/product_brand?post=758"},{"taxonomy":"product_cat","embeddable":true,"href":"https:\/\/sklep.thepartners.pl\/cs\/wp-json\/wp\/v2\/product_cat?post=758"},{"taxonomy":"product_tag","embeddable":true,"href":"https:\/\/sklep.thepartners.pl\/cs\/wp-json\/wp\/v2\/product_tag?post=758"}],"curies":[{"name":"wp","href":"https:\/\/api.w.org\/{rel}","templated":true}]}}