{"id":7580,"date":"2024-10-31T09:39:37","date_gmt":"2024-10-31T08:39:37","guid":{"rendered":"https:\/\/sklep.thepartners.pl\/produkt\/dysk-szlifierski-aluminiowy-na-rzep-100-mm-x-m14\/"},"modified":"2025-07-21T11:16:36","modified_gmt":"2025-07-21T09:16:36","slug":"dysk-szlifierski-aluminiowy-na-rzep-100-mm-x-m14","status":"publish","type":"product","link":"https:\/\/sklep.thepartners.pl\/cs\/produkt\/dysk-szlifierski-aluminiowy-na-rzep-100-mm-x-m14\/","title":{"rendered":"Dysk szlifierski aluminiowy na rzep 100 mm x M14"},"content":{"rendered":"<p><strong>Zastosowanie:<\/strong><\/p>\n<p>Dysk jest idealny do:<\/p>\n<ul>\n<li>Szlifowania powierzchni metalowych, takich jak aluminium, stal czy stal kwasoodporna.<\/li>\n<li>Obr\u00f3bki drewna oraz materia\u0142\u00f3w drewnopochodnych.<\/li>\n<li>Polerowania r\u00f3\u017cnorodnych powierzchni przy u\u017cyciu odpowiednich pad\u00f3w.<\/li>\n<\/ul>\n<p><strong>Zalecenia dotycz\u0105ce u\u017cytkowania:<\/strong><\/p>\n<ul>\n<li><strong>Pr\u0119dko\u015b\u0107 obrotowa:<\/strong> Maksymalna pr\u0119dko\u015b\u0107 obrotowa wynosi 13 000 obr.\/min, co zapewnia efektywn\u0105 prac\u0119 przy zachowaniu bezpiecze\u0144stwa.<\/li>\n<li><strong>Mocowanie akcesori\u00f3w:<\/strong> Dzi\u0119ki mocnemu rzepowi, akcesoria takie jak papiery \u015bcierne czy g\u0105bki polerskie s\u0105 pewnie i stabilnie zamocowane, co u\u0142atwia precyzyjn\u0105 obr\u00f3bk\u0119 powierzchni.<\/li>\n<\/ul>\n","protected":false},"excerpt":{"rendered":"<ul>\n<li><strong>Materia\u0142:<\/strong> Aluminium \u2013 lekkie i wytrzyma\u0142e, odporne na korozj\u0119.<\/li>\n<li><strong>\u015arednica:<\/strong> 100 mm \u2013 kompatybilny z wi\u0119kszo\u015bci\u0105 szlifierek k\u0105towych dost\u0119pnych na rynku.<\/li>\n<li><strong>Mocowanie:<\/strong> Gwint M14 \u2013 standardowe mocowanie zapewniaj\u0105ce pewne i stabilne po\u0142\u0105czenie z narz\u0119dziem.<\/li>\n<li><strong>Powierzchnia robocza:<\/strong> Wyposa\u017cony w rzep, umo\u017cliwiaj\u0105cy szybkie i pewne mocowanie pad\u00f3w, g\u0105bek polerskich oraz papier\u00f3w \u015bciernych.<\/li>\n<\/ul>\n","protected":false},"featured_media":7579,"comment_status":"open","ping_status":"closed","template":"","meta":{"_acf_changed":false},"product_brand":[],"product_cat":[1022,1028],"product_tag":[1232],"class_list":{"0":"post-7580","1":"product","2":"type-product","3":"status-publish","4":"has-post-thumbnail","6":"product_cat-naradi","7":"product_cat-pilove-kotouce-a-vrtaky","8":"product_tag-dysk_szlifierski_aluminiowy_na_rzep-cs","9":"product_shipping_class-kurier-cs","10":"pa_producent-pro-cs","12":"first","13":"instock","14":"taxable","15":"shipping-taxable","16":"purchasable","17":"product-type-simple"},"acf":[],"_links":{"self":[{"href":"https:\/\/sklep.thepartners.pl\/cs\/wp-json\/wp\/v2\/product\/7580","targetHints":{"allow":["GET"]}}],"collection":[{"href":"https:\/\/sklep.thepartners.pl\/cs\/wp-json\/wp\/v2\/product"}],"about":[{"href":"https:\/\/sklep.thepartners.pl\/cs\/wp-json\/wp\/v2\/types\/product"}],"replies":[{"embeddable":true,"href":"https:\/\/sklep.thepartners.pl\/cs\/wp-json\/wp\/v2\/comments?post=7580"}],"wp:featuredmedia":[{"embeddable":true,"href":"https:\/\/sklep.thepartners.pl\/cs\/wp-json\/wp\/v2\/media\/7579"}],"wp:attachment":[{"href":"https:\/\/sklep.thepartners.pl\/cs\/wp-json\/wp\/v2\/media?parent=7580"}],"wp:term":[{"taxonomy":"product_brand","embeddable":true,"href":"https:\/\/sklep.thepartners.pl\/cs\/wp-json\/wp\/v2\/product_brand?post=7580"},{"taxonomy":"product_cat","embeddable":true,"href":"https:\/\/sklep.thepartners.pl\/cs\/wp-json\/wp\/v2\/product_cat?post=7580"},{"taxonomy":"product_tag","embeddable":true,"href":"https:\/\/sklep.thepartners.pl\/cs\/wp-json\/wp\/v2\/product_tag?post=7580"}],"curies":[{"name":"wp","href":"https:\/\/api.w.org\/{rel}","templated":true}]}}