{"id":7589,"date":"2024-10-31T10:05:59","date_gmt":"2024-10-31T09:05:59","guid":{"rendered":"https:\/\/sklep.thepartners.pl\/produkt\/dysk-szlifierski-uniwersalny-na-rzep-100-mm-x-m14\/"},"modified":"2024-11-04T13:35:12","modified_gmt":"2024-11-04T12:35:12","slug":"dysk-szlifierski-uniwersalny-na-rzep-100-mm-x-m14","status":"publish","type":"product","link":"https:\/\/sklep.thepartners.pl\/cs\/produkt\/dysk-szlifierski-uniwersalny-na-rzep-100-mm-x-m14\/","title":{"rendered":"Univerz\u00e1ln\u00ed brusn\u00fd kotou\u010d se such\u00fdm zipem 100 mm x M14"},"content":{"rendered":"<p><strong>Aplikace:<\/strong><\/p>\n<p><strong>Pohon je ide\u00e1ln\u00ed pro:<\/strong><\/p>\n<p>Brou\u0161en\u00ed kovov\u00fdch povrch\u016f jako je hlin\u00edk, ocel nebo kyselinovzdorn\u00e1 ocel.<br \/>\nZpracov\u00e1n\u00ed d\u0159eva a materi\u00e1l\u016f na b\u00e1zi d\u0159eva.<br \/>\nLe\u0161t\u011bn\u00ed r\u016fzn\u00fdch povrch\u016f pomoc\u00ed vhodn\u00fdch pad\u016f.<\/p>\n<p><strong>Doporu\u010den\u00ed pro pou\u017eit\u00ed:<\/strong><\/p>\n<ul>\n<li><strong>Rychlost ot\u00e1\u010den\u00ed:<\/strong> Maxim\u00e1ln\u00ed rychlost ot\u00e1\u010den\u00ed je 12 000 ot.\/min, co\u017e zaji\u0161\u0165uje efektivn\u00ed provoz p\u0159i zachov\u00e1n\u00ed bezpe\u010dnosti.<\/li>\n<li><strong>P\u0159ipevn\u011bn\u00ed p\u0159\u00edslu\u0161enstv\u00ed:<\/strong> D\u00edky pevn\u00e9mu p\u00e1sku na such\u00fd zip jsou dopl\u0148ky jako brusn\u00e9 pap\u00edry nebo le\u0161t\u00edc\u00ed houby bezpe\u010dn\u011b a stabiln\u011b p\u0159ipevn\u011bny, co\u017e usnad\u0148uje p\u0159esn\u00e9 opracov\u00e1n\u00ed povrchu.<\/li>\n<\/ul>\n","protected":false},"excerpt":{"rendered":"<p><strong>Kl\u00ed\u010dov\u00e9 vlastnosti produktu:<\/strong><\/p>\n<ul>\n<li><strong>Pr\u016fm\u011br:<\/strong> 100 mm \u2013 kompatibiln\u00ed s v\u011bt\u0161inou \u00fahlov\u00fdch brusek dostupn\u00fdch na trhu.<\/li>\n<li><strong>Mont\u00e1\u017e:<\/strong> z\u00e1vit M14 &#8211; standardn\u00ed mont\u00e1\u017e zaji\u0161\u0165uj\u00edc\u00ed bezpe\u010dn\u00e9 a stabiln\u00ed p\u0159ipojen\u00ed k n\u00e1\u0159ad\u00ed.<\/li>\n<li><strong>Pracovn\u00ed plocha:<\/strong> Vybavena such\u00fdm zipem, umo\u017e\u0148uj\u00edc\u00ed rychl\u00e9 a bezpe\u010dn\u00e9 p\u0159ipevn\u011bn\u00ed pad\u016f, le\u0161t\u00edc\u00edch houbi\u010dek a brusn\u00fdch pap\u00edr\u016f.<\/li>\n<\/ul>\n","protected":false},"featured_media":7584,"comment_status":"open","ping_status":"closed","template":"","meta":{"_acf_changed":false},"product_brand":[],"product_cat":[1022,1028],"product_tag":[],"class_list":{"0":"post-7589","1":"product","2":"type-product","3":"status-publish","4":"has-post-thumbnail","6":"product_cat-naradi","7":"product_cat-pilove-kotouce-a-vrtaky","8":"product_shipping_class-kurier-cs","9":"pa_producent-pro-cs","11":"first","12":"instock","13":"taxable","14":"shipping-taxable","15":"purchasable","16":"product-type-simple"},"acf":[],"_links":{"self":[{"href":"https:\/\/sklep.thepartners.pl\/cs\/wp-json\/wp\/v2\/product\/7589","targetHints":{"allow":["GET"]}}],"collection":[{"href":"https:\/\/sklep.thepartners.pl\/cs\/wp-json\/wp\/v2\/product"}],"about":[{"href":"https:\/\/sklep.thepartners.pl\/cs\/wp-json\/wp\/v2\/types\/product"}],"replies":[{"embeddable":true,"href":"https:\/\/sklep.thepartners.pl\/cs\/wp-json\/wp\/v2\/comments?post=7589"}],"wp:featuredmedia":[{"embeddable":true,"href":"https:\/\/sklep.thepartners.pl\/cs\/wp-json\/wp\/v2\/media\/7584"}],"wp:attachment":[{"href":"https:\/\/sklep.thepartners.pl\/cs\/wp-json\/wp\/v2\/media?parent=7589"}],"wp:term":[{"taxonomy":"product_brand","embeddable":true,"href":"https:\/\/sklep.thepartners.pl\/cs\/wp-json\/wp\/v2\/product_brand?post=7589"},{"taxonomy":"product_cat","embeddable":true,"href":"https:\/\/sklep.thepartners.pl\/cs\/wp-json\/wp\/v2\/product_cat?post=7589"},{"taxonomy":"product_tag","embeddable":true,"href":"https:\/\/sklep.thepartners.pl\/cs\/wp-json\/wp\/v2\/product_tag?post=7589"}],"curies":[{"name":"wp","href":"https:\/\/api.w.org\/{rel}","templated":true}]}}