{"id":7601,"date":"2024-10-31T10:14:00","date_gmt":"2024-10-31T09:14:00","guid":{"rendered":"https:\/\/sklep.thepartners.pl\/produkt\/laser-krzyzowy-pro-smart-xg-z-zielona-wiazka-pro\/"},"modified":"2024-11-04T10:22:16","modified_gmt":"2024-11-04T09:22:16","slug":"laser-krzyzowy-pro-smart-xg-z-zielona-wiazka-pro","status":"publish","type":"product","link":"https:\/\/sklep.thepartners.pl\/cs\/produkt\/laser-krzyzowy-pro-smart-xg-z-zielona-wiazka-pro\/","title":{"rendered":"K\u0159\u00ed\u017eov\u00fd \u010d\u00e1rov\u00fd laser PRO Smart-XG se zelen\u00fdm paprskem PRO"},"content":{"rendered":"<p>K\u0159\u00ed\u017eov\u00fd \u010d\u00e1rov\u00fd laser PRO Smart-XG je p\u0159esn\u00fd m\u011b\u0159ic\u00ed n\u00e1stroj, kter\u00fd d\u00edky pou\u017eit\u00ed zelen\u00e9ho laserov\u00e9ho paprsku nab\u00edz\u00ed \u010dty\u0159ikr\u00e1t v\u011bt\u0161\u00ed jas ve srovn\u00e1n\u00ed s tradi\u010dn\u00edmi \u010derven\u00fdmi lasery. To je u\u017eite\u010dn\u00e9 zejm\u00e9na v dob\u0159e osv\u011btlen\u00fdch m\u00edstnostech a venku, kde je viditelnost laserov\u00fdch \u010dar rozhoduj\u00edc\u00ed.<\/p>\n<p><strong>Aplikace:<\/strong><\/p>\n<p>K\u0159\u00ed\u017eov\u00fd \u010d\u00e1rov\u00fd laser PRO Smart-XG jest idealny do:<\/p>\n<ul>\n<li>Obklada\u010dsk\u00e9 pr\u00e1ce.<\/li>\n<li>Mont\u00e1\u017e podhled\u016f.<\/li>\n<li>Mont\u00e1\u017e n\u00e1bytku na m\u00edru.<\/li>\n<li>Stavebn\u00ed pr\u00e1ce vy\u017eaduj\u00edc\u00ed p\u0159esn\u00e9 vyrovn\u00e1n\u00ed a instalat\u00e9rsk\u00e9 pr\u00e1ce.<\/li>\n<\/ul>\n","protected":false},"excerpt":{"rendered":"<p><strong>Kl\u00ed\u010dov\u00e9 vlastnosti produktu:<\/strong><\/p>\n<ul>\n<li><strong>Laserov\u00fd paprsek:<\/strong> Zelen\u00fd, zaji\u0161\u0165uje lep\u0161\u00ed viditelnost a p\u0159esnost pr\u00e1ce.<\/li>\n<li><strong>Laserov\u00e9 diody:<\/strong> Dv\u011b vysoce kvalitn\u00ed diody, odd\u011blen\u00e9 pro horizont\u00e1ln\u00ed a vertik\u00e1ln\u00ed, generuj\u00edc\u00ed jeden vertik\u00e1ln\u00ed a jeden horizont\u00e1ln\u00ed paprsek, prot\u00ednaj\u00edc\u00ed se pod \u00fahlem 90\u00b0.<\/li>\n<li><strong>Laserov\u00e9 \u010d\u00e1ry:<\/strong> Extr\u00e9mn\u011b tenk\u00e9, co\u017e usnad\u0148uje obkl\u00e1d\u00e1n\u00ed a dal\u0161\u00ed pr\u00e1ce vy\u017eaduj\u00edc\u00ed p\u0159esnost.<br \/>\nKyvadlov\u00fd z\u00e1mek: Mechanick\u00fd z\u00e1mek pro zna\u010den\u00ed diagon\u00e1ln\u00edch \u010dar.<\/li>\n<li><strong>Provozn\u00ed dosah:<\/strong> A\u017e 25 m, roz\u0161i\u0159iteln\u00fd na 40 m pomoc\u00ed detektoru.<br \/>\nP\u0159esnost m\u011b\u0159en\u00ed: \u00b11,5 mm\/5 m (\u00b10,3 mm\/1 m).<\/li>\n<li><strong>Stupe\u0148 kryt\u00ed:<\/strong> IP54, co\u017e znamen\u00e1 odolnost proti prachu a st\u0159\u00edkaj\u00edc\u00ed vod\u011b.<\/li>\n<\/ul>\n","protected":false},"featured_media":7598,"comment_status":"open","ping_status":"closed","template":"","meta":{"_acf_changed":false},"product_brand":[],"product_cat":[1027,1022],"product_tag":[],"class_list":{"0":"post-7601","1":"product","2":"type-product","3":"status-publish","4":"has-post-thumbnail","6":"product_cat-merici-zarizeni","7":"product_cat-naradi","8":"product_shipping_class-kurier-cs","9":"pa_producent-pro-cs","11":"first","12":"instock","13":"taxable","14":"shipping-taxable","15":"purchasable","16":"product-type-simple"},"acf":[],"_links":{"self":[{"href":"https:\/\/sklep.thepartners.pl\/cs\/wp-json\/wp\/v2\/product\/7601","targetHints":{"allow":["GET"]}}],"collection":[{"href":"https:\/\/sklep.thepartners.pl\/cs\/wp-json\/wp\/v2\/product"}],"about":[{"href":"https:\/\/sklep.thepartners.pl\/cs\/wp-json\/wp\/v2\/types\/product"}],"replies":[{"embeddable":true,"href":"https:\/\/sklep.thepartners.pl\/cs\/wp-json\/wp\/v2\/comments?post=7601"}],"wp:featuredmedia":[{"embeddable":true,"href":"https:\/\/sklep.thepartners.pl\/cs\/wp-json\/wp\/v2\/media\/7598"}],"wp:attachment":[{"href":"https:\/\/sklep.thepartners.pl\/cs\/wp-json\/wp\/v2\/media?parent=7601"}],"wp:term":[{"taxonomy":"product_brand","embeddable":true,"href":"https:\/\/sklep.thepartners.pl\/cs\/wp-json\/wp\/v2\/product_brand?post=7601"},{"taxonomy":"product_cat","embeddable":true,"href":"https:\/\/sklep.thepartners.pl\/cs\/wp-json\/wp\/v2\/product_cat?post=7601"},{"taxonomy":"product_tag","embeddable":true,"href":"https:\/\/sklep.thepartners.pl\/cs\/wp-json\/wp\/v2\/product_tag?post=7601"}],"curies":[{"name":"wp","href":"https:\/\/api.w.org\/{rel}","templated":true}]}}