{"id":7618,"date":"2024-10-31T10:50:43","date_gmt":"2024-10-31T09:50:43","guid":{"rendered":"https:\/\/sklep.thepartners.pl\/produkt\/laser-krzyzowy-pro-lk-180g-zielona-wiazka-pro\/"},"modified":"2024-11-04T10:28:17","modified_gmt":"2024-11-04T09:28:17","slug":"laser-krzyzowy-pro-lk-180g-zielona-wiazka-pro","status":"publish","type":"product","link":"https:\/\/sklep.thepartners.pl\/cs\/produkt\/laser-krzyzowy-pro-lk-180g-zielona-wiazka-pro\/","title":{"rendered":"K\u0159\u00ed\u017eov\u00fd \u010d\u00e1rov\u00fd laser PRO LK-180G (zelen\u00fd paprsek) PRO"},"content":{"rendered":"<p><strong>K\u0159\u00ed\u017eov\u00fd \u010d\u00e1rov\u00fd laser PRO LK-180G se zelen\u00fdm paprskem<\/strong><\/p>\n<p>K\u0159\u00ed\u017eov\u00fd \u010d\u00e1rov\u00fd laser PRO LK-180G je p\u0159esn\u00fd m\u011b\u0159ic\u00ed p\u0159\u00edstroj, ide\u00e1ln\u00ed pro \u0161irokou \u0161k\u00e1lu stavebn\u00edch a dokon\u010dovac\u00edch prac\u00ed. D\u00edky pou\u017eit\u00ed zelen\u00e9ho laserov\u00e9ho paprsku jsou \u010d\u00e1ry a\u017e 5x jasn\u011bj\u0161\u00ed ne\u017e u tradi\u010dn\u00edch \u010derven\u00fdch laser\u016f stejn\u00e9ho v\u00fdkonu, co\u017e v\u00fdrazn\u011b zlep\u0161uje viditelnost v r\u016fzn\u00fdch sv\u011bteln\u00fdch podm\u00ednk\u00e1ch.<\/p>\n<p><strong>Technick\u00e9 \u00fadaje:<\/strong><\/p>\n<ul>\n<li><strong>Zdroj laseru:<\/strong> Polovodi\u010dov\u00e1 dioda 515-520 nm.<\/li>\n<li><strong>V\u00fdkon:<\/strong> &lt;1 mW ka\u017ed\u00fd paprsek, t\u0159\u00edda II.<\/li>\n<li><strong>P\u0159esnost:<\/strong> \u00b11 mm\/5 m (\u00b10,2 mm\/1 m).<\/li>\n<li><strong>Pracovn\u00ed dosah:<\/strong> A\u017e 15 m uvnit\u0159 v z\u00e1vislosti na expozici a 40 m p\u0159i pou\u017eit\u00ed detektoru.<\/li>\n<li><strong>Nap\u00e1jen\u00ed:<\/strong> 3x AA alkalick\u00e9 baterie.<\/li>\n<li><strong>Provozn\u00ed doba:<\/strong> P\u0159ibli\u017en\u011b 4 hodiny se zapnut\u00fdmi v\u0161emi paprsky.<\/li>\n<li><strong>Rozm\u011bry:<\/strong> 90 mm x 70 mm x 90 mm.<\/li>\n<li><strong>Hmotnost (s bateriemi):<\/strong> 400 g.<\/li>\n<li><strong>\u00dahel vodorovn\u00e9\/svisl\u00e9 \u010d\u00e1ry:<\/strong> 180\u00b0\/180\u00b0.<\/li>\n<li><strong>Provozn\u00ed teplota:<\/strong> -5\u00b0C a\u017e +40\u00b0C<\/li>\n<li><strong>Skladovac\u00ed teplota:<\/strong> -20\u00b0C a\u017e +70\u00b0C.<strong>Aplikace:<\/strong>\n<p><strong>K\u0159\u00ed\u017eov\u00fd laser PRO LK-180G je ide\u00e1ln\u00ed pro:<\/strong><\/li>\n<li>Obklada\u010dsk\u00e9 pr\u00e1ce.<\/li>\n<li>Mont\u00e1\u017e podhled\u016f.<\/li>\n<li>Mont\u00e1\u017e n\u00e1bytku na m\u00edru.<\/li>\n<li>Stavebn\u00ed pr\u00e1ce vy\u017eaduj\u00edc\u00ed p\u0159esn\u00e9 vyrovn\u00e1n\u00ed a instalat\u00e9rsk\u00e9 pr\u00e1ce.<\/li>\n<\/ul>\n","protected":false},"excerpt":{"rendered":"<p><strong>Kluczowe cechy produktu:<\/strong><\/p>\n<ul>\n<li><strong>Wi\u0105zka laserowa:<\/strong> Zielona, zapewniaj\u0105ca lepsz\u0105 widoczno\u015b\u0107 i precyzj\u0119 pracy.<\/li>\n<li><strong>Diody laserowe:<\/strong> Generuj\u0105 jedn\u0105 wi\u0105zk\u0119 pionow\u0105 oraz jedn\u0105 poziom\u0105, obie o zakresie pracy poszerzonym do 180\u00b0, co pozwala na wyznaczenie poziomu oraz pionu na przeciwleg\u0142ych \u015bcianach.<\/li>\n<li><strong>Tryb pracy z detektorem:<\/strong> Umo\u017cliwia zwi\u0119kszenie zasi\u0119gu lasera do 40 m, co jest szczeg\u00f3lnie przydatne w wi\u0119kszych pomieszczeniach lub na otwartych przestrzeniach.<\/li>\n<li><strong>Blokada skos\u00f3w:<\/strong> Pozwala na wyznaczanie linii sko\u015bnych w trybie manualnym, co jest przydatne przy pracach wymagaj\u0105cych nietypowych k\u0105t\u00f3w.<\/li>\n<li><strong>Samopoziomowanie:<\/strong> Dzi\u0119ki automatycznej amortyzacji kompensatora, laser samopoziomuje si\u0119 w zakresie 4\u00b0 \u00b1 1\u00b0.<\/li>\n<li><strong>Ostrze\u017cenie o przekroczeniu zakresu samopoziomowania:<\/strong> Laser prze\u0142\u0105cza si\u0119 w tryb ostrzegawczy, sygnalizowany miganiem linii po wykroczeniu poza zakres samopoziomowania.<\/li>\n<li><strong>Korpus:<\/strong> Pokryty antypo\u015blizgow\u0105 i antyudarow\u0105 gum\u0105, co zwi\u0119ksza trwa\u0142o\u015b\u0107 i komfort u\u017cytkowania.<\/li>\n<li><strong>Gwinty monta\u017cowe:<\/strong> Posiada gwint 1\/4&#8220; (laser) oraz 5\/8&#8220; (podstawa magnetyczna), co umo\u017cliwia \u0142atwy monta\u017c na statywie.<\/li>\n<li><strong>Klasa szczelno\u015bci:<\/strong> IP54, co oznacza odporno\u015b\u0107 na wod\u0119 i kurz, umo\u017cliwiaj\u0105c prac\u0119 w trudnych warunkach.<\/li>\n<\/ul>\n","protected":false},"featured_media":7612,"comment_status":"open","ping_status":"closed","template":"","meta":{"_acf_changed":false},"product_brand":[],"product_cat":[1027,1022],"product_tag":[],"class_list":{"0":"post-7618","1":"product","2":"type-product","3":"status-publish","4":"has-post-thumbnail","6":"product_cat-merici-zarizeni","7":"product_cat-naradi","8":"product_shipping_class-kurier-cs","9":"pa_producent-pro-cs","11":"first","12":"instock","13":"taxable","14":"shipping-taxable","15":"purchasable","16":"product-type-simple"},"acf":[],"_links":{"self":[{"href":"https:\/\/sklep.thepartners.pl\/cs\/wp-json\/wp\/v2\/product\/7618","targetHints":{"allow":["GET"]}}],"collection":[{"href":"https:\/\/sklep.thepartners.pl\/cs\/wp-json\/wp\/v2\/product"}],"about":[{"href":"https:\/\/sklep.thepartners.pl\/cs\/wp-json\/wp\/v2\/types\/product"}],"replies":[{"embeddable":true,"href":"https:\/\/sklep.thepartners.pl\/cs\/wp-json\/wp\/v2\/comments?post=7618"}],"wp:featuredmedia":[{"embeddable":true,"href":"https:\/\/sklep.thepartners.pl\/cs\/wp-json\/wp\/v2\/media\/7612"}],"wp:attachment":[{"href":"https:\/\/sklep.thepartners.pl\/cs\/wp-json\/wp\/v2\/media?parent=7618"}],"wp:term":[{"taxonomy":"product_brand","embeddable":true,"href":"https:\/\/sklep.thepartners.pl\/cs\/wp-json\/wp\/v2\/product_brand?post=7618"},{"taxonomy":"product_cat","embeddable":true,"href":"https:\/\/sklep.thepartners.pl\/cs\/wp-json\/wp\/v2\/product_cat?post=7618"},{"taxonomy":"product_tag","embeddable":true,"href":"https:\/\/sklep.thepartners.pl\/cs\/wp-json\/wp\/v2\/product_tag?post=7618"}],"curies":[{"name":"wp","href":"https:\/\/api.w.org\/{rel}","templated":true}]}}