{"id":7658,"date":"2024-10-31T11:44:05","date_gmt":"2024-10-31T10:44:05","guid":{"rendered":"https:\/\/sklep.thepartners.pl\/produkt\/laser-krzyzowy-pro-smart-1-1-czerwona-wiazka-pro\/"},"modified":"2024-11-04T10:45:17","modified_gmt":"2024-11-04T09:45:17","slug":"laser-krzyzowy-pro-smart-1-1-czerwona-wiazka-pro","status":"publish","type":"product","link":"https:\/\/sklep.thepartners.pl\/cs\/produkt\/laser-krzyzowy-pro-smart-1-1-czerwona-wiazka-pro\/","title":{"rendered":"K\u0159\u00ed\u017eov\u00fd \u010d\u00e1rov\u00fd laser PRO SMART 1.1 (\u010derven\u00fd paprsek) PRO"},"content":{"rendered":"<p>K\u0159\u00ed\u017eov\u00fd \u010d\u00e1rov\u00fd laser PRO SMART 1.1 je p\u0159esn\u00fd m\u011b\u0159ic\u00ed n\u00e1stroj, kter\u00fd generuje jeden svisl\u00fd a jeden vodorovn\u00fd paprsek, kter\u00e9 se prot\u00ednaj\u00ed pod \u00fahlem 90\u00b0<\/p>\n<p><strong>Dal\u0161\u00ed informace:<\/strong><\/p>\n<p>Verze se zelen\u00fdm laserov\u00fdm paprskem (PRO SMART 1.1 G) nab\u00edz\u00ed 4-5kr\u00e1t jasn\u011bj\u0161\u00ed linky ve srovn\u00e1n\u00ed s \u010dervenou, co\u017e zvy\u0161uje viditelnost za jasn\u00fdch sv\u011bteln\u00fdch podm\u00ednek.<\/p>\n<p>K\u0159\u00ed\u017eov\u00fd \u010d\u00e1rov\u00fd laser PRO SMART 1.1 je ide\u00e1ln\u00ed pro \u0161irokou \u0161k\u00e1lu stavebn\u00edch a dokon\u010dovac\u00edch prac\u00ed, jako jsou nivela\u010dn\u00ed, tesa\u0159sk\u00e9, instala\u010dn\u00ed a dekorativn\u00ed pr\u00e1ce. Lze jej upevnit na stativ d\u00edky z\u00e1vitu um\u00edst\u011bn\u00e9mu v z\u00e1kladn\u011b p\u0159\u00edstroje.<\/p>\n","protected":false},"excerpt":{"rendered":"<p><strong>Kl\u00ed\u010dov\u00e9 vlastnosti:<\/strong><\/p>\n<ul>\n<li><strong>P\u0159esnost m\u011b\u0159en\u00ed:<\/strong> \u00b11,5 mm na 5 m (\u00b10,3 mm na 1 m).<\/li>\n<li><strong>Pracovn\u00ed dosah:<\/strong> a\u017e 15 m uvnit\u0159, v z\u00e1vislosti na osv\u011btlen\u00ed.<\/li>\n<li><strong>Samonivelace:<\/strong> automatick\u00e9 tlumen\u00ed kompenz\u00e1toru s rozsahem \u00b13,5\u00b0.<\/li>\n<li><strong>Provozn\u00ed re\u017eim detektoru:<\/strong> mo\u017enost spolupr\u00e1ce s detektorem laserov\u00e9ho paprsku, kter\u00fd zvy\u0161uje dosah za\u0159\u00edzen\u00ed.<\/li>\n<li><strong>Kyvadlov\u00fd z\u00e1mek:<\/strong> mechanick\u00fd z\u00e1mek umo\u017e\u0148uj\u00edc\u00ed vyzna\u010den\u00ed diagon\u00e1ln\u00edch \u010dar.<\/li>\n<li><strong>Odolnost v\u016f\u010di vn\u011bj\u0161\u00edm podm\u00ednk\u00e1m:<\/strong> T\u0159\u00edda t\u011bsnosti IP54 poskytuje ochranu proti vod\u011b a prachu.<\/li>\n<\/ul>\n","protected":false},"featured_media":7655,"comment_status":"open","ping_status":"closed","template":"","meta":{"_acf_changed":false},"product_brand":[],"product_cat":[1027,1022],"product_tag":[],"class_list":{"0":"post-7658","1":"product","2":"type-product","3":"status-publish","4":"has-post-thumbnail","6":"product_cat-merici-zarizeni","7":"product_cat-naradi","8":"product_shipping_class-kurier-cs","9":"pa_producent-pro-cs","11":"first","12":"instock","13":"taxable","14":"shipping-taxable","15":"purchasable","16":"product-type-simple"},"acf":[],"_links":{"self":[{"href":"https:\/\/sklep.thepartners.pl\/cs\/wp-json\/wp\/v2\/product\/7658","targetHints":{"allow":["GET"]}}],"collection":[{"href":"https:\/\/sklep.thepartners.pl\/cs\/wp-json\/wp\/v2\/product"}],"about":[{"href":"https:\/\/sklep.thepartners.pl\/cs\/wp-json\/wp\/v2\/types\/product"}],"replies":[{"embeddable":true,"href":"https:\/\/sklep.thepartners.pl\/cs\/wp-json\/wp\/v2\/comments?post=7658"}],"wp:featuredmedia":[{"embeddable":true,"href":"https:\/\/sklep.thepartners.pl\/cs\/wp-json\/wp\/v2\/media\/7655"}],"wp:attachment":[{"href":"https:\/\/sklep.thepartners.pl\/cs\/wp-json\/wp\/v2\/media?parent=7658"}],"wp:term":[{"taxonomy":"product_brand","embeddable":true,"href":"https:\/\/sklep.thepartners.pl\/cs\/wp-json\/wp\/v2\/product_brand?post=7658"},{"taxonomy":"product_cat","embeddable":true,"href":"https:\/\/sklep.thepartners.pl\/cs\/wp-json\/wp\/v2\/product_cat?post=7658"},{"taxonomy":"product_tag","embeddable":true,"href":"https:\/\/sklep.thepartners.pl\/cs\/wp-json\/wp\/v2\/product_tag?post=7658"}],"curies":[{"name":"wp","href":"https:\/\/api.w.org\/{rel}","templated":true}]}}