{"id":7678,"date":"2024-10-31T13:43:01","date_gmt":"2024-10-31T12:43:01","guid":{"rendered":"https:\/\/sklep.thepartners.pl\/?post_type=product&#038;p=7678"},"modified":"2024-10-31T13:46:19","modified_gmt":"2024-10-31T12:46:19","slug":"trubka-50-1000-kopia","status":"publish","type":"product","link":"https:\/\/sklep.thepartners.pl\/cs\/produkt\/trubka-50-1000-kopia\/","title":{"rendered":"Trubka 50 \/ 2000"},"content":{"rendered":"<p><strong>Syst\u00e9m vnit\u0159n\u00ed kanalizace<\/strong> je soubor komponent\u016f a potrub\u00ed, kter\u00fd umo\u017e\u0148uje efektivn\u00ed odv\u00e1d\u011bn\u00ed odpadn\u00edch vod z budov do m\u011bstsk\u00e9 kanalizace nebo septiku. Syst\u00e9m zahrnuje odpadn\u00ed potrub\u00ed, kolena, spojky, odbo\u010dky a sifony, co\u017e umo\u017e\u0148uje bezpe\u010dn\u00e9 a trval\u00e9 odstra\u0148ov\u00e1n\u00ed ne\u010distot z koupelen, kuchyn\u00ed a pr\u00e1delen uvnit\u0159 budov.<\/p>\n<h4>Kl\u00ed\u010dov\u00e9 vlastnosti syst\u00e9mu vnit\u0159n\u00ed kanalizace:<\/h4>\n<ul>\n<li><strong>Odolnost v\u016f\u010di vysok\u00fdm teplot\u00e1m a chemik\u00e1li\u00edm<\/strong> \u2013 speci\u00e1ln\u00ed materi\u00e1ly zaru\u010duj\u00ed trvanlivost a odolnost v\u016f\u010di vysok\u00fdm teplot\u00e1m a \u010distic\u00edm prost\u0159edk\u016fm.<\/li>\n<li><strong>T\u011bsnost<\/strong> \u2013 pevn\u00e9 spoje a vysok\u00e1 kvalita prvk\u016f zamezuj\u00ed prosakov\u00e1n\u00ed a minimalizuj\u00ed riziko \u00fanik\u016f.<\/li>\n<li><strong>Tich\u00fd provoz<\/strong> \u2013 vhodn\u00e9 materi\u00e1ly a konstrukce potrub\u00ed sni\u017euj\u00ed hluk zp\u016fsoben\u00fd proud\u00edc\u00edmi odpadn\u00edmi vodami.<\/li>\n<li><strong>Snadn\u00e1 instalace<\/strong> \u2013 syst\u00e9m lze rychle instalovat a \u0161irok\u00e1 \u0161k\u00e1la prvk\u016f umo\u017e\u0148uje p\u0159izp\u016fsoben\u00ed r\u016fzn\u00fdm projekt\u016fm a typ\u016fm budov.<\/li>\n<li><strong>Bezpe\u010dnost<\/strong> \u2013 odpadn\u00ed potrub\u00ed jsou navr\u017eena tak, aby spl\u0148ovala bezpe\u010dnostn\u00ed normy, co\u017e zaji\u0161\u0165uje \u00fa\u010dinn\u00e9 odv\u00e1d\u011bn\u00ed ne\u010distot bez rizika kontaminace prost\u0159ed\u00ed.<\/li>\n<\/ul>\n","protected":false},"excerpt":{"rendered":"<p>Syst\u00e9m vnit\u0159n\u00ed kanalizace je soubor komponent\u016f a potrub\u00ed, kter\u00fd umo\u017e\u0148uje efektivn\u00ed odv\u00e1d\u011bn\u00ed odpadn\u00edch vod z budov do m\u011bstsk\u00e9 kanalizace nebo<\/p>\n","protected":false},"featured_media":7671,"comment_status":"open","ping_status":"closed","template":"","meta":{"_acf_changed":false},"product_brand":[],"product_cat":[988,156,1002],"product_tag":[],"class_list":{"0":"post-7678","1":"product","2":"type-product","3":"status-publish","4":"has-post-thumbnail","6":"product_cat-kanalizace","7":"product_cat-stavebni-materialy","8":"product_cat-vnitrni-kanalizacni-system","9":"product_shipping_class-transport-the-partners-cs","10":"pa_producent-dyka-cs","12":"first","13":"instock","14":"taxable","15":"shipping-taxable","16":"purchasable","17":"product-type-simple"},"acf":[],"_links":{"self":[{"href":"https:\/\/sklep.thepartners.pl\/cs\/wp-json\/wp\/v2\/product\/7678","targetHints":{"allow":["GET"]}}],"collection":[{"href":"https:\/\/sklep.thepartners.pl\/cs\/wp-json\/wp\/v2\/product"}],"about":[{"href":"https:\/\/sklep.thepartners.pl\/cs\/wp-json\/wp\/v2\/types\/product"}],"replies":[{"embeddable":true,"href":"https:\/\/sklep.thepartners.pl\/cs\/wp-json\/wp\/v2\/comments?post=7678"}],"wp:featuredmedia":[{"embeddable":true,"href":"https:\/\/sklep.thepartners.pl\/cs\/wp-json\/wp\/v2\/media\/7671"}],"wp:attachment":[{"href":"https:\/\/sklep.thepartners.pl\/cs\/wp-json\/wp\/v2\/media?parent=7678"}],"wp:term":[{"taxonomy":"product_brand","embeddable":true,"href":"https:\/\/sklep.thepartners.pl\/cs\/wp-json\/wp\/v2\/product_brand?post=7678"},{"taxonomy":"product_cat","embeddable":true,"href":"https:\/\/sklep.thepartners.pl\/cs\/wp-json\/wp\/v2\/product_cat?post=7678"},{"taxonomy":"product_tag","embeddable":true,"href":"https:\/\/sklep.thepartners.pl\/cs\/wp-json\/wp\/v2\/product_tag?post=7678"}],"curies":[{"name":"wp","href":"https:\/\/api.w.org\/{rel}","templated":true}]}}