{"id":7683,"date":"2024-10-31T13:44:42","date_gmt":"2024-10-31T12:44:42","guid":{"rendered":"https:\/\/sklep.thepartners.pl\/produkt\/latarka-czolowa-led-120-lm-pro\/"},"modified":"2024-11-04T10:52:27","modified_gmt":"2024-11-04T09:52:27","slug":"latarka-czolowa-led-120-lm-pro","status":"publish","type":"product","link":"https:\/\/sklep.thepartners.pl\/cs\/produkt\/latarka-czolowa-led-120-lm-pro\/","title":{"rendered":"\u010celovka LED 120 lm PRO"},"content":{"rendered":"<p>\u010celovka LED 120 lm PRO je modern\u00ed a funk\u010dn\u00ed n\u00e1stroj, ide\u00e1ln\u00ed pro r\u016fzn\u00e9 aplikace, jako je d\u00edlensk\u00e1 pr\u00e1ce, venkovn\u00ed pr\u00e1ce nebo ka\u017edodenn\u00ed pou\u017eit\u00ed.<\/p>\n<p><strong>Kl\u00ed\u010dov\u00e9 vlastnosti:<\/strong><\/p>\n<ul>\n<li><strong>Sv\u011bteln\u00fd zdroj:<\/strong> 3W COB LED p\u00e1sek, zaji\u0161\u0165uj\u00edc\u00ed rovnom\u011brn\u00e9 osv\u011btlen\u00ed.<br \/>\n<strong>Sv\u00edtivost:<\/strong> 120 lumen\u016f, co\u017e zaru\u010duje dostate\u010dnou viditelnost ve tm\u011b.<br \/>\n<strong>T\u011blo:<\/strong> Vyrobeno z odoln\u00e9ho ABS termopolymeru, odoln\u00e9ho proti mechanick\u00e9mu po\u0161kozen\u00ed.<br \/>\n<strong>Nap\u00e1jen\u00ed:<\/strong> T\u0159i baterie AAA (sou\u010d\u00e1st\u00ed balen\u00ed), umo\u017e\u0148uj\u00edc\u00ed a\u017e 3 hodiny nep\u0159etr\u017eit\u00e9ho provozu.<br \/>\n<strong>\u010celenka:<\/strong> Nastaviteln\u00e1 a odn\u00edmateln\u00e1, vyroben\u00e1 z odoln\u00e9ho materi\u00e1lu, tak\u017ee ji lze snadno nasadit na hlavu nebo helmu.<br \/>\n<strong>Nastaven\u00ed \u00fahlu sv\u011btla:<\/strong> Mo\u017enost p\u0159izp\u016fsobit sm\u011br sv\u011btla individu\u00e1ln\u00edm pot\u0159eb\u00e1m.<\/li>\n<\/ul>\n","protected":false},"excerpt":{"rendered":"<p><strong>Kluczowe cechy:<\/strong><\/p>\n<ul>\n<li><strong>\u0179r\u00f3d\u0142o \u015bwiat\u0142a:<\/strong> Pasek diodowy COB LED o mocy 3W, zapewniaj\u0105cy r\u00f3wnomierne o\u015bwietlenie.<\/li>\n<li><strong>Jasno\u015b\u0107:<\/strong> 120 lumen\u00f3w, co gwarantuje odpowiedni\u0105 widoczno\u015b\u0107 w ciemnych warunkach.<\/li>\n<li><strong>Korpus:<\/strong> Wykonany z wytrzyma\u0142ego termopolimeru ABS, odpornego na uszkodzenia mechaniczne.<\/li>\n<li><strong>Zasilanie:<\/strong> Trzy baterie AAA (w zestawie), umo\u017cliwiaj\u0105ce do 3 godzin ci\u0105g\u0142ej pracy.<\/li>\n<li><strong>Opaska:<\/strong> Regulowana i odpinana, wykonana z wytrzyma\u0142ego materia\u0142u, u\u0142atwiaj\u0105ca zak\u0142adanie na g\u0142ow\u0119 lub kask.<\/li>\n<li><strong>Regulacja k\u0105ta \u015bwiecenia:<\/strong> Mo\u017cliwo\u015b\u0107 dostosowania kierunku \u015bwiat\u0142a do indywidualnych potrzeb.<\/li>\n<\/ul>\n","protected":false},"featured_media":7680,"comment_status":"open","ping_status":"closed","template":"","meta":{"_acf_changed":false},"product_brand":[],"product_cat":[1022,1030],"product_tag":[],"class_list":{"0":"post-7683","1":"product","2":"type-product","3":"status-publish","4":"has-post-thumbnail","6":"product_cat-naradi","7":"product_cat-ostatni","8":"product_shipping_class-kurier-cs","9":"pa_producent-pro-cs","11":"first","12":"instock","13":"taxable","14":"shipping-taxable","15":"purchasable","16":"product-type-simple"},"acf":[],"_links":{"self":[{"href":"https:\/\/sklep.thepartners.pl\/cs\/wp-json\/wp\/v2\/product\/7683","targetHints":{"allow":["GET"]}}],"collection":[{"href":"https:\/\/sklep.thepartners.pl\/cs\/wp-json\/wp\/v2\/product"}],"about":[{"href":"https:\/\/sklep.thepartners.pl\/cs\/wp-json\/wp\/v2\/types\/product"}],"replies":[{"embeddable":true,"href":"https:\/\/sklep.thepartners.pl\/cs\/wp-json\/wp\/v2\/comments?post=7683"}],"wp:featuredmedia":[{"embeddable":true,"href":"https:\/\/sklep.thepartners.pl\/cs\/wp-json\/wp\/v2\/media\/7680"}],"wp:attachment":[{"href":"https:\/\/sklep.thepartners.pl\/cs\/wp-json\/wp\/v2\/media?parent=7683"}],"wp:term":[{"taxonomy":"product_brand","embeddable":true,"href":"https:\/\/sklep.thepartners.pl\/cs\/wp-json\/wp\/v2\/product_brand?post=7683"},{"taxonomy":"product_cat","embeddable":true,"href":"https:\/\/sklep.thepartners.pl\/cs\/wp-json\/wp\/v2\/product_cat?post=7683"},{"taxonomy":"product_tag","embeddable":true,"href":"https:\/\/sklep.thepartners.pl\/cs\/wp-json\/wp\/v2\/product_tag?post=7683"}],"curies":[{"name":"wp","href":"https:\/\/api.w.org\/{rel}","templated":true}]}}