{"id":7695,"date":"2024-10-31T14:01:19","date_gmt":"2024-10-31T13:01:19","guid":{"rendered":"https:\/\/sklep.thepartners.pl\/produkt\/latarka-czolowa-led-z-akumulatorem-li-ion-czujnikiem-ruchu-i-magnesami-300-lm\/"},"modified":"2024-11-04T11:25:11","modified_gmt":"2024-11-04T10:25:11","slug":"latarka-czolowa-led-z-akumulatorem-li-ion-czujnikiem-ruchu-i-magnesami-300-lm","status":"publish","type":"product","link":"https:\/\/sklep.thepartners.pl\/cs\/produkt\/latarka-czolowa-led-z-akumulatorem-li-ion-czujnikiem-ruchu-i-magnesami-300-lm\/","title":{"rendered":"\u010celovka LED s bateri\u00ed Li-ion, pohybov\u00fd senzor a magnety 300 lm"},"content":{"rendered":"<p>LED \u010delovka se sv\u00edtivost\u00ed 300 lumen\u016f je modern\u00ed a funk\u010dn\u00ed n\u00e1stroj, ide\u00e1ln\u00ed pro r\u016fzn\u00e9 aplikace, jako je d\u00edlensk\u00e1 pr\u00e1ce, venkovn\u00ed pr\u00e1ce nebo ka\u017edodenn\u00ed pou\u017eit\u00ed.<\/p>\n<p><strong>Kl\u00ed\u010dov\u00e9 vlastnosti:<\/strong><\/p>\n<ul>\n<li><strong>Sv\u011bteln\u00fd zdroj:<\/strong> 5W COB LED p\u00e1sek, zaji\u0161\u0165uj\u00edc\u00ed rovnom\u011brn\u00e9 osv\u011btlen\u00ed.<\/li>\n<li><strong>Jas:<\/strong> 300 lumen\u016f, co\u017e zaru\u010duje dostate\u010dnou viditelnost ve tm\u011b.<\/li>\n<li><strong>T\u011blo:<\/strong> Vyrobeno z odoln\u00e9ho ABS termopolymeru, odoln\u00e9ho proti mechanick\u00e9mu po\u0161kozen\u00ed.<\/li>\n<li><strong>Nap\u00e1jen\u00ed:<\/strong> Li-ion baterie s kapacitou 800 mAh zaji\u0161\u0165uj\u00edc\u00ed a\u017e 4 hodiny provozu.<\/li>\n<li><strong>Pohybov\u00fd senzor:<\/strong> Umo\u017e\u0148uje zap\u00ednat a vyp\u00ednat sv\u00edtilnu bez dotyku, co\u017e zvy\u0161uje komfort pou\u017e\u00edv\u00e1n\u00ed.<\/li>\n<li><strong>Magnety:<\/strong> Vestav\u011bn\u00e9 do t\u011bla umo\u017e\u0148uj\u00ed snadn\u00e9 p\u0159ipevn\u011bn\u00ed sv\u00edtilny na kovov\u00e9 povrchy.<\/li>\n<li><strong>\u010celenka:<\/strong> Nastaviteln\u00e1 a odn\u00edmateln\u00e1, vyroben\u00e1 z odoln\u00e9ho materi\u00e1lu, tak\u017ee ji lze snadno nasadit na hlavu nebo helmu.<\/li>\n<li><strong>Nastaven\u00ed \u00fahlu sv\u011btla:<\/strong> Mo\u017enost p\u0159izp\u016fsobit sm\u011br sv\u011btla individu\u00e1ln\u00edm pot\u0159eb\u00e1m.<\/li>\n<\/ul>\n","protected":false},"excerpt":{"rendered":"<p><strong>Kl\u00ed\u010dov\u00e9 vlastnosti:<\/strong><\/p>\n<ul>\n<li><strong>Sv\u011bteln\u00fd zdroj:<\/strong> 5W COB LED p\u00e1sek, zaji\u0161\u0165uj\u00edc\u00ed rovnom\u011brn\u00e9 osv\u011btlen\u00ed.<br \/>\n<strong>Jas:<\/strong> 300 lumen\u016f, co\u017e zaru\u010duje dostate\u010dnou viditelnost ve tm\u011b.<br \/>\n<strong>T\u011blo:<\/strong> Vyrobeno z odoln\u00e9ho ABS termopolymeru, odoln\u00e9ho proti mechanick\u00e9mu po\u0161kozen\u00ed.<br \/>\n<strong>Nap\u00e1jen\u00ed:<\/strong> Li-ion baterie s kapacitou 800 mAh zaji\u0161\u0165uj\u00edc\u00ed a\u017e 4 hodiny provozu.<br \/>\n<strong>Pohybov\u00fd senzor:<\/strong> Umo\u017e\u0148uje zap\u00ednat a vyp\u00ednat sv\u00edtilnu bez dotyku, co\u017e zvy\u0161uje komfort pou\u017e\u00edv\u00e1n\u00ed.<br \/>\n<strong>Magnety:<\/strong> Vestav\u011bn\u00e9 do t\u011bla umo\u017e\u0148uj\u00ed snadn\u00e9 p\u0159ipevn\u011bn\u00ed sv\u00edtilny na kovov\u00e9 povrchy.<br \/>\n\u010celenka: Nastaviteln\u00e1 a odn\u00edmateln\u00e1, vyroben\u00e1 z odoln\u00e9ho materi\u00e1lu, tak\u017ee ji lze snadno nasadit na hlavu nebo helmu.<br \/>\n<strong>Nastaven\u00ed \u00fahlu sv\u011btla:<\/strong> Mo\u017enost p\u0159izp\u016fsobit sm\u011br sv\u011btla individu\u00e1ln\u00edm pot\u0159eb\u00e1m.<\/li>\n<\/ul>\n","protected":false},"featured_media":7694,"comment_status":"open","ping_status":"closed","template":"","meta":{"_acf_changed":false},"product_brand":[],"product_cat":[1022,1030],"product_tag":[],"class_list":{"0":"post-7695","1":"product","2":"type-product","3":"status-publish","4":"has-post-thumbnail","6":"product_cat-naradi","7":"product_cat-ostatni","8":"product_shipping_class-kurier-cs","9":"pa_producent-pro-cs","11":"first","12":"instock","13":"taxable","14":"shipping-taxable","15":"purchasable","16":"product-type-simple"},"acf":[],"_links":{"self":[{"href":"https:\/\/sklep.thepartners.pl\/cs\/wp-json\/wp\/v2\/product\/7695","targetHints":{"allow":["GET"]}}],"collection":[{"href":"https:\/\/sklep.thepartners.pl\/cs\/wp-json\/wp\/v2\/product"}],"about":[{"href":"https:\/\/sklep.thepartners.pl\/cs\/wp-json\/wp\/v2\/types\/product"}],"replies":[{"embeddable":true,"href":"https:\/\/sklep.thepartners.pl\/cs\/wp-json\/wp\/v2\/comments?post=7695"}],"wp:featuredmedia":[{"embeddable":true,"href":"https:\/\/sklep.thepartners.pl\/cs\/wp-json\/wp\/v2\/media\/7694"}],"wp:attachment":[{"href":"https:\/\/sklep.thepartners.pl\/cs\/wp-json\/wp\/v2\/media?parent=7695"}],"wp:term":[{"taxonomy":"product_brand","embeddable":true,"href":"https:\/\/sklep.thepartners.pl\/cs\/wp-json\/wp\/v2\/product_brand?post=7695"},{"taxonomy":"product_cat","embeddable":true,"href":"https:\/\/sklep.thepartners.pl\/cs\/wp-json\/wp\/v2\/product_cat?post=7695"},{"taxonomy":"product_tag","embeddable":true,"href":"https:\/\/sklep.thepartners.pl\/cs\/wp-json\/wp\/v2\/product_tag?post=7695"}],"curies":[{"name":"wp","href":"https:\/\/api.w.org\/{rel}","templated":true}]}}