{"id":7712,"date":"2024-11-04T08:13:08","date_gmt":"2024-11-04T07:13:08","guid":{"rendered":"https:\/\/sklep.thepartners.pl\/?post_type=product&#038;p=7712"},"modified":"2024-11-04T11:33:33","modified_gmt":"2024-11-04T10:33:33","slug":"miara-zwijana-milestone-nylon-hamulec-odwrotny-8mb-pro","status":"publish","type":"product","link":"https:\/\/sklep.thepartners.pl\/cs\/produkt\/miara-zwijana-milestone-nylon-hamulec-odwrotny-8mb-pro\/","title":{"rendered":"Nylonov\u00fd metr MILESTONE se zp\u011btnou brzdou 8MB PRO"},"content":{"rendered":"<p>Svinovac\u00ed metr MILESTONE s nylonovou p\u00e1skou a zp\u011btnou brzdou je profesion\u00e1ln\u00ed m\u011b\u0159ic\u00ed p\u0159\u00edstroj, kter\u00fd kombinuje p\u0159esnost s odolnost\u00ed, ide\u00e1ln\u00ed pro n\u00e1ro\u010dn\u00e9 u\u017eivatele.<\/p>\n<p><strong>Kl\u00ed\u010dov\u00e9 vlastnosti:<\/strong><\/p>\n<ul>\n<li><strong>Vysok\u00e1 tuhost p\u00e1sky:<\/strong> Umo\u017e\u0148uje dlouh\u00e9 prodlou\u017een\u00ed bez opory, dosahuj\u00edc\u00ed a\u017e 50 % celkov\u00e9 d\u00e9lky taktu.<\/li>\n<li><strong>Ergonomick\u00e1 kazeta:<\/strong> Vyrobena z vysoce kvalitn\u00edho plastu, pota\u017eena gumou pro bezpe\u010dn\u00e9 uchopen\u00ed a odolnost proti po\u0161kozen\u00ed.<\/li>\n<li><strong>P\u0159esn\u00e1 r\u00e1\u010dnov\u00e1 brzda:<\/strong> Modern\u00ed mechanismus zaji\u0161\u0165uj\u00edc\u00ed vysokou ergonomii pr\u00e1ce.<\/li>\n<li><strong>Pohybliv\u00fd vyztu\u017een\u00fd p\u00e1skov\u00fd h\u00e1\u010dek:<\/strong> Upevn\u011bn t\u0159emi n\u00fdty, opat\u0159en dv\u011bma siln\u00fdmi magnety, usnad\u0148uj\u00edc\u00edmi m\u011b\u0159en\u00ed na ocelov\u00fdch konstrukc\u00edch.<\/li>\n<li><strong>Nylonov\u00fd ochrann\u00fd povlak p\u00e1sky:<\/strong> Zvy\u0161uje odolnost proti po\u0161kr\u00e1b\u00e1n\u00ed a reziv\u011bn\u00ed, prodlu\u017euje \u017eivotnost n\u00e1stroje.<\/li>\n<li><strong>N\u00e1raz tlum\u00edc\u00ed n\u00e1razn\u00edk:<\/strong> Chr\u00e1n\u00ed p\u00e1sku p\u0159i p\u0159ev\u00edjen\u00ed a minimalizuje riziko po\u0161kozen\u00ed.<\/li>\n<li><strong>Stupnice ve t\u0159\u00edd\u011b p\u0159esnosti II:<\/strong> Zaru\u010duje p\u0159esn\u00e9 m\u011b\u0159en\u00ed v souladu s normami.<\/li>\n<\/ul>\n","protected":false},"excerpt":{"rendered":"<p><strong>Kl\u00ed\u010dov\u00e9 vlastnosti:<\/strong><\/p>\n<ul>\n<li><strong>Vysok\u00e1 tuhost p\u00e1sky:<\/strong> Umo\u017e\u0148uje dlouh\u00e9 prodlou\u017een\u00ed bez opory, dosahuj\u00edc\u00ed a\u017e 50 % celkov\u00e9 d\u00e9lky taktu.<\/li>\n<li><strong>Ergonomick\u00e1 kazeta:<\/strong> Vyrobena z vysoce kvalitn\u00edho plastu, pota\u017eena gumou pro bezpe\u010dn\u00e9 uchopen\u00ed a odolnost proti po\u0161kozen\u00ed.<\/li>\n<li><strong>P\u0159esn\u00e1 r\u00e1\u010dnov\u00e1 brzda:<\/strong> Modern\u00ed mechanismus zaji\u0161\u0165uj\u00edc\u00ed vysokou ergonomii pr\u00e1ce.<\/li>\n<li><strong>Pohybliv\u00fd vyztu\u017een\u00fd p\u00e1skov\u00fd h\u00e1\u010dek:<\/strong> Upevn\u011bn t\u0159emi n\u00fdty, opat\u0159en dv\u011bma siln\u00fdmi magnety, usnad\u0148uj\u00edc\u00edmi m\u011b\u0159en\u00ed na ocelov\u00fdch konstrukc\u00edch.<\/li>\n<li><strong>Nylonov\u00fd ochrann\u00fd povlak p\u00e1sky:<\/strong> Zvy\u0161uje odolnost proti po\u0161kr\u00e1b\u00e1n\u00ed a reziv\u011bn\u00ed, prodlu\u017euje \u017eivotnost n\u00e1stroje.<\/li>\n<li><strong>N\u00e1raz tlum\u00edc\u00ed n\u00e1razn\u00edk:<\/strong> Chr\u00e1n\u00ed p\u00e1sku p\u0159i p\u0159ev\u00edjen\u00ed a minimalizuje riziko po\u0161kozen\u00ed.<\/li>\n<li><strong>Stupnice ve t\u0159\u00edd\u011b p\u0159esnosti II:<\/strong> Zaru\u010duje p\u0159esn\u00e9 m\u011b\u0159en\u00ed v souladu s normami.<\/li>\n<\/ul>\n","protected":false},"featured_media":7707,"comment_status":"open","ping_status":"closed","template":"","meta":{"_acf_changed":false},"product_brand":[],"product_cat":[1022,1027],"product_tag":[],"class_list":{"0":"post-7712","1":"product","2":"type-product","3":"status-publish","4":"has-post-thumbnail","6":"product_cat-naradi","7":"product_cat-merici-zarizeni","8":"product_shipping_class-kurier-cs","9":"pa_producent-pro-cs","11":"first","12":"instock","13":"taxable","14":"shipping-taxable","15":"purchasable","16":"product-type-simple"},"acf":[],"_links":{"self":[{"href":"https:\/\/sklep.thepartners.pl\/cs\/wp-json\/wp\/v2\/product\/7712","targetHints":{"allow":["GET"]}}],"collection":[{"href":"https:\/\/sklep.thepartners.pl\/cs\/wp-json\/wp\/v2\/product"}],"about":[{"href":"https:\/\/sklep.thepartners.pl\/cs\/wp-json\/wp\/v2\/types\/product"}],"replies":[{"embeddable":true,"href":"https:\/\/sklep.thepartners.pl\/cs\/wp-json\/wp\/v2\/comments?post=7712"}],"wp:featuredmedia":[{"embeddable":true,"href":"https:\/\/sklep.thepartners.pl\/cs\/wp-json\/wp\/v2\/media\/7707"}],"wp:attachment":[{"href":"https:\/\/sklep.thepartners.pl\/cs\/wp-json\/wp\/v2\/media?parent=7712"}],"wp:term":[{"taxonomy":"product_brand","embeddable":true,"href":"https:\/\/sklep.thepartners.pl\/cs\/wp-json\/wp\/v2\/product_brand?post=7712"},{"taxonomy":"product_cat","embeddable":true,"href":"https:\/\/sklep.thepartners.pl\/cs\/wp-json\/wp\/v2\/product_cat?post=7712"},{"taxonomy":"product_tag","embeddable":true,"href":"https:\/\/sklep.thepartners.pl\/cs\/wp-json\/wp\/v2\/product_tag?post=7712"}],"curies":[{"name":"wp","href":"https:\/\/api.w.org\/{rel}","templated":true}]}}