{"id":7797,"date":"2024-10-16T13:38:46","date_gmt":"2024-10-16T11:38:46","guid":{"rendered":"https:\/\/sklep.thepartners.pl\/produkt\/marmare-tynk-mozaikowy-sempre\/"},"modified":"2025-09-18T09:41:59","modified_gmt":"2025-09-18T07:41:59","slug":"marmare-tynk-mozaikowy-sempre","status":"publish","type":"product","link":"https:\/\/sklep.thepartners.pl\/cs\/produkt\/marmare-tynk-mozaikowy-sempre\/","title":{"rendered":"Marmare \u2013 mozaikov\u00e1 om\u00edtka Sempre 25 kg"},"content":{"rendered":"<p data-start=\"987\" data-end=\"1378\"><strong data-start=\"987\" data-end=\"1030\">Marmare \u2013 mozaikov\u00e1 om\u00edtka Sempre 25 kg<\/strong> \u2013 dekorativn\u00ed a ochrann\u00e1 mozaikov\u00e1 om\u00edtka na b\u00e1zi akryl\u00e1tov\u00fdch prysky\u0159ic s p\u0159\u00eddavkem p\u0159\u00edrodn\u00edho mramorov\u00e9ho kameniva. Vytv\u00e1\u0159\u00ed odoln\u00fd povrch s vysokou mechanickou pevnost\u00ed, ide\u00e1ln\u00ed pro m\u00edsta s intenzivn\u00edm zat\u00ed\u017een\u00edm. Perfektn\u011b se hod\u00ed na sokly, fas\u00e1dy, schodi\u0161t\u011b a chodby. D\u00edky \u0161irok\u00e9 \u0161k\u00e1le barev umo\u017e\u0148uje atraktivn\u00ed a estetick\u00e9 zakon\u010den\u00ed povrch\u016f.<\/p>\n<h4 data-start=\"1380\" data-end=\"1402\">V\u00fdhody produktu<\/h4>\n<ul data-start=\"1403\" data-end=\"1712\">\n<li data-start=\"1403\" data-end=\"1452\">\n<p data-start=\"1405\" data-end=\"1452\">Vysok\u00e1 mechanick\u00e1 odolnost a dlouh\u00e1 \u017eivotnost<\/p>\n<\/li>\n<li data-start=\"1453\" data-end=\"1504\">\n<p data-start=\"1455\" data-end=\"1504\">Odolnost proti pov\u011btrnostn\u00edm vliv\u016fm a UV z\u00e1\u0159en\u00ed<\/p>\n<\/li>\n<li data-start=\"1505\" data-end=\"1554\">\n<p data-start=\"1507\" data-end=\"1554\">Snadn\u00e9 \u010di\u0161t\u011bn\u00ed a udr\u017eov\u00e1n\u00ed v estetick\u00e9m stavu<\/p>\n<\/li>\n<li data-start=\"1555\" data-end=\"1601\">\n<p data-start=\"1557\" data-end=\"1601\">\u0160irok\u00e1 paleta barev pro dekorativn\u00ed efekty<\/p>\n<\/li>\n<li data-start=\"1602\" data-end=\"1657\">\n<p data-start=\"1604\" data-end=\"1657\">Ide\u00e1ln\u00ed na sokly, fas\u00e1dy a vysoce zat\u00ed\u017een\u00e9 prostory<\/p>\n<\/li>\n<li data-start=\"1658\" data-end=\"1712\">\n<p data-start=\"1660\" data-end=\"1712\">Jednoduch\u00e1 aplikace a skv\u011bl\u00e1 p\u0159ilnavost k podkladu<\/p>\n<\/li>\n<\/ul>\n<p data-start=\"1714\" data-end=\"1816\">Marmare Sempre \u2013 mozaikov\u00e1 om\u00edtka 25 kg pro trvanlivou ochranu a elegantn\u00ed vzhled fas\u00e1d i interi\u00e9r\u016f.<\/p>\n","protected":false},"excerpt":{"rendered":"<blockquote><p><strong>Trvanlivost a odolnost<\/strong><\/p>\n<p><strong>Elegantn\u00ed, dekorativn\u00ed vzhled<\/strong><\/p>\n<p><strong>\u0160irok\u00e1 \u0161k\u00e1la barev<\/strong><\/p>\n<p><strong>Snadn\u00e1 aplikace<\/strong><\/p>\n<p><strong>Odolnost proti od\u011bru a skvrn\u00e1m<\/strong><\/p><\/blockquote>\n","protected":false},"featured_media":6929,"comment_status":"open","ping_status":"closed","template":"","meta":{"_acf_changed":false},"product_brand":[],"product_cat":[162,170,932],"product_tag":[],"class_list":{"0":"post-7797","1":"product","2":"type-product","3":"status-publish","4":"has-post-thumbnail","6":"product_cat-micharna-barev-a-omitek","7":"product_cat-fasadni-omitky-cs","8":"product_cat-mozaikove-omitky","9":"product_shipping_class-transport-the-partners-cs","10":"pa_producent-sempre-cs","12":"first","13":"instock","14":"taxable","15":"shipping-taxable","16":"purchasable","17":"product-type-simple"},"acf":[],"_links":{"self":[{"href":"https:\/\/sklep.thepartners.pl\/cs\/wp-json\/wp\/v2\/product\/7797","targetHints":{"allow":["GET"]}}],"collection":[{"href":"https:\/\/sklep.thepartners.pl\/cs\/wp-json\/wp\/v2\/product"}],"about":[{"href":"https:\/\/sklep.thepartners.pl\/cs\/wp-json\/wp\/v2\/types\/product"}],"replies":[{"embeddable":true,"href":"https:\/\/sklep.thepartners.pl\/cs\/wp-json\/wp\/v2\/comments?post=7797"}],"wp:featuredmedia":[{"embeddable":true,"href":"https:\/\/sklep.thepartners.pl\/cs\/wp-json\/wp\/v2\/media\/6929"}],"wp:attachment":[{"href":"https:\/\/sklep.thepartners.pl\/cs\/wp-json\/wp\/v2\/media?parent=7797"}],"wp:term":[{"taxonomy":"product_brand","embeddable":true,"href":"https:\/\/sklep.thepartners.pl\/cs\/wp-json\/wp\/v2\/product_brand?post=7797"},{"taxonomy":"product_cat","embeddable":true,"href":"https:\/\/sklep.thepartners.pl\/cs\/wp-json\/wp\/v2\/product_cat?post=7797"},{"taxonomy":"product_tag","embeddable":true,"href":"https:\/\/sklep.thepartners.pl\/cs\/wp-json\/wp\/v2\/product_tag?post=7797"}],"curies":[{"name":"wp","href":"https:\/\/api.w.org\/{rel}","templated":true}]}}