{"id":7816,"date":"2024-11-04T15:01:25","date_gmt":"2024-11-04T14:01:25","guid":{"rendered":"https:\/\/sklep.thepartners.pl\/?post_type=product&#038;p=7816"},"modified":"2024-11-05T11:44:01","modified_gmt":"2024-11-05T10:44:01","slug":"soffitto-antireflexni-barva-na-strop-sempre-10l-kopia","status":"publish","type":"product","link":"https:\/\/sklep.thepartners.pl\/cs\/produkt\/soffitto-antireflexni-barva-na-strop-sempre-10l-kopia\/","title":{"rendered":"Soffitto Antireflexn\u00ed Barva Na Strop SEMPRE 10L (Kopia)"},"content":{"rendered":"<p>Soffitto je antireflexn\u00ed stropn\u00ed barva s hlubok\u00fdm matn\u00fdm povrchem, ur\u010den\u00e1 k dokonal\u00e9mu pokryt\u00ed povrchu. D\u00edky sv\u00e9mu speci\u00e1ln\u00edmu slo\u017een\u00ed barva \u00fa\u010dinn\u011b eliminuje odrazy sv\u011btla, co\u017e umo\u017e\u0148uje z\u00edskat jednotn\u00fd, matn\u00fd povrch bez \u0161mouh a v\u016fl\u00ed. Je ide\u00e1ln\u00ed pro pou\u017eit\u00ed na stropech v jak\u00e9mkoli typu m\u00edstnosti a zaji\u0161\u0165uje estetick\u00fd a profesion\u00e1ln\u00ed kone\u010dn\u00fd v\u00fdsledek.<\/p>\n","protected":false},"excerpt":{"rendered":"<blockquote><p><strong>Hlubok\u00fd matn\u00fd povrch<\/strong><\/p>\n<p><strong>Antireflexn\u00ed vlastnosti &#8211; \u017e\u00e1dn\u00e9 \u0161mouhy nebo mezery<\/strong><\/p>\n<p><strong>Vysok\u00e1 p\u0159ilnavost a v\u00fdkon<\/strong><\/p>\n<p><strong>Snadn\u00e1 aplikace a trval\u00fd efekt<\/strong><\/p><\/blockquote>\n","protected":false},"featured_media":6183,"comment_status":"open","ping_status":"closed","template":"","meta":{"_acf_changed":false},"product_brand":[],"product_cat":[921,168,1248],"product_tag":[1012],"class_list":{"0":"post-7816","1":"product","2":"type-product","3":"status-publish","4":"has-post-thumbnail","6":"product_cat-bile-barvy","7":"product_cat-interierove-barvy","8":"product_cat-do-sufitow-cs","9":"product_tag-farba-soffito-cs","10":"product_shipping_class-kurier-cs","11":"pa_pojemnosc-10l-cs","12":"pa_producent-sempre-cs","14":"first","15":"instock","16":"taxable","17":"shipping-taxable","18":"purchasable","19":"product-type-simple"},"acf":[],"_links":{"self":[{"href":"https:\/\/sklep.thepartners.pl\/cs\/wp-json\/wp\/v2\/product\/7816","targetHints":{"allow":["GET"]}}],"collection":[{"href":"https:\/\/sklep.thepartners.pl\/cs\/wp-json\/wp\/v2\/product"}],"about":[{"href":"https:\/\/sklep.thepartners.pl\/cs\/wp-json\/wp\/v2\/types\/product"}],"replies":[{"embeddable":true,"href":"https:\/\/sklep.thepartners.pl\/cs\/wp-json\/wp\/v2\/comments?post=7816"}],"wp:featuredmedia":[{"embeddable":true,"href":"https:\/\/sklep.thepartners.pl\/cs\/wp-json\/wp\/v2\/media\/6183"}],"wp:attachment":[{"href":"https:\/\/sklep.thepartners.pl\/cs\/wp-json\/wp\/v2\/media?parent=7816"}],"wp:term":[{"taxonomy":"product_brand","embeddable":true,"href":"https:\/\/sklep.thepartners.pl\/cs\/wp-json\/wp\/v2\/product_brand?post=7816"},{"taxonomy":"product_cat","embeddable":true,"href":"https:\/\/sklep.thepartners.pl\/cs\/wp-json\/wp\/v2\/product_cat?post=7816"},{"taxonomy":"product_tag","embeddable":true,"href":"https:\/\/sklep.thepartners.pl\/cs\/wp-json\/wp\/v2\/product_tag?post=7816"}],"curies":[{"name":"wp","href":"https:\/\/api.w.org\/{rel}","templated":true}]}}