{"id":7836,"date":"2024-11-04T15:02:41","date_gmt":"2024-11-04T14:02:41","guid":{"rendered":"https:\/\/sklep.thepartners.pl\/?post_type=product&#038;p=7836"},"modified":"2024-11-20T00:01:00","modified_gmt":"2024-11-19T23:01:00","slug":"akrylatova-barva-na-fasady-eterna-sempre-kopia","status":"publish","type":"product","link":"https:\/\/sklep.thepartners.pl\/cs\/produkt\/akrylatova-barva-na-fasady-eterna-sempre-kopia\/","title":{"rendered":"AKRYL\u00c1TOV\u00c1 BARVA NA FAS\u00c1DY ETERNA SEMPRE (Kopia)"},"content":{"rendered":"<p>Akryl\u00e1tov\u00e1 fas\u00e1dn\u00ed barva je vysoce kvalitn\u00ed, modern\u00ed v\u00fdrobek ur\u010den\u00fd k n\u00e1t\u011br\u016fm fas\u00e1d budov. Vyzna\u010duje se v\u00fdbornou p\u0159ilnavost\u00ed k podkladu, trvanlivost\u00ed a odolnost\u00ed v\u016f\u010di pov\u011btrnostn\u00edm vliv\u016fm. Barva d\u00edky sv\u00e9 unik\u00e1tn\u00ed receptu\u0159e vytv\u00e1\u0159\u00ed pru\u017en\u00fd n\u00e1t\u011br, kter\u00fd dokonale chr\u00e1n\u00ed fas\u00e1dy p\u0159ed de\u0161t\u011bm, sn\u011bhem, UV z\u00e1\u0159en\u00edm a zne\u010di\u0161t\u011bn\u00edm.<\/p>\n","protected":false},"excerpt":{"rendered":"<blockquote>\n<ul>\n<li><strong>Odolnost v\u016f\u010di pov\u011btrnostn\u00edm vliv\u016fm<\/strong><\/li>\n<li><strong>Vysok\u00e1 flexibilita<\/strong><\/li>\n<li><strong>Perfektn\u00ed kryt\u00ed<\/strong><\/li>\n<li><strong>Snadn\u00e1 aplikace<\/strong><\/li>\n<li><strong>Odolnost v\u016f\u010di zne\u010di\u0161t\u011bn\u00ed<\/strong><\/li>\n<\/ul>\n<\/blockquote>\n","protected":false},"featured_media":6173,"comment_status":"open","ping_status":"closed","template":"","meta":{"_acf_changed":false},"product_brand":[],"product_cat":[162,921,169],"product_tag":[],"class_list":{"0":"post-7836","1":"product","2":"type-product","3":"status-publish","4":"has-post-thumbnail","6":"product_cat-micharna-barev-a-omitek","7":"product_cat-bile-barvy","8":"product_cat-fasadni-barvy","9":"pa_pojemnosc-10l-cs","10":"pa_pojemnosc-1l-cs","11":"pa_pojemnosc-5l-cs","12":"pa_producent-sempre-cs","13":"pa_wydajnosc-az-13-m-l-pri-jednom-nateru","15":"first","16":"instock","17":"taxable","18":"shipping-taxable","19":"purchasable","20":"product-type-variable"},"acf":[],"_links":{"self":[{"href":"https:\/\/sklep.thepartners.pl\/cs\/wp-json\/wp\/v2\/product\/7836","targetHints":{"allow":["GET"]}}],"collection":[{"href":"https:\/\/sklep.thepartners.pl\/cs\/wp-json\/wp\/v2\/product"}],"about":[{"href":"https:\/\/sklep.thepartners.pl\/cs\/wp-json\/wp\/v2\/types\/product"}],"replies":[{"embeddable":true,"href":"https:\/\/sklep.thepartners.pl\/cs\/wp-json\/wp\/v2\/comments?post=7836"}],"wp:featuredmedia":[{"embeddable":true,"href":"https:\/\/sklep.thepartners.pl\/cs\/wp-json\/wp\/v2\/media\/6173"}],"wp:attachment":[{"href":"https:\/\/sklep.thepartners.pl\/cs\/wp-json\/wp\/v2\/media?parent=7836"}],"wp:term":[{"taxonomy":"product_brand","embeddable":true,"href":"https:\/\/sklep.thepartners.pl\/cs\/wp-json\/wp\/v2\/product_brand?post=7836"},{"taxonomy":"product_cat","embeddable":true,"href":"https:\/\/sklep.thepartners.pl\/cs\/wp-json\/wp\/v2\/product_cat?post=7836"},{"taxonomy":"product_tag","embeddable":true,"href":"https:\/\/sklep.thepartners.pl\/cs\/wp-json\/wp\/v2\/product_tag?post=7836"}],"curies":[{"name":"wp","href":"https:\/\/api.w.org\/{rel}","templated":true}]}}