{"id":784,"date":"2024-04-25T02:06:20","date_gmt":"2024-04-25T00:06:20","guid":{"rendered":"https:\/\/www.partners.proadax-dev.pl\/?post_type=product&#038;p=784"},"modified":"2024-11-06T08:41:11","modified_gmt":"2024-11-06T07:41:11","slug":"wena-6-cm-dlazebni-kostky","status":"publish","type":"product","link":"https:\/\/sklep.thepartners.pl\/cs\/produkt\/wena-6-cm-dlazebni-kostky\/","title":{"rendered":"Dla\u017eba Wena 6 cm"},"content":{"rendered":"<p>Wena je dla\u017eba bez zkosen\u00ed, kter\u00e1 dod\u00e1 eleganci ka\u017ed\u00e9mu povrchu. Sada p\u011bti prvk\u016f s jednoduch\u00fdmi, krychlov\u00fdmi tvary a hladk\u00fdmi hranami umo\u017e\u0148uje vytv\u00e1\u0159et modern\u00ed, geometrick\u00e9 vzory. Skv\u011ble se hod\u00ed do aran\u017em\u00e1 modern\u00edch dom\u016f a zahrad a dod\u00e1v\u00e1 jim jedine\u010dn\u00fd charakter. Dla\u017eebn\u00ed kostky Wena jsou v\u00fdbornou volbou jak do m\u011bstsk\u00fdch prostor, tak do soukrom\u00fdch nemovitost\u00ed, nab\u00edzej\u00ed nejen funk\u010dnost, ale tak\u00e9 jedine\u010dn\u00fd design.<\/p>\n<p>Dla\u017eebn\u00ed kostky Wena o tlou\u0161\u0165ce 6 cm se vyzna\u010duj\u00ed jednoduch\u00fdmi, krychlov\u00fdmi tvary a pravideln\u00fdmi hranami. Jeho ploch\u00fd povrch umo\u017e\u0148uje vytv\u00e1\u0159et elegantn\u00ed a geometrick\u00e9 vzory na jak\u00e9mkoli povrchu, co\u017e jim dod\u00e1v\u00e1 modern\u00ed a jedine\u010dn\u00fd vzhled. Skv\u011ble se hod\u00ed do m\u011bstsk\u00fdch i soukrom\u00fdch projekt\u016f, dokonale splyne s okol\u00edm dom\u016f a zahrad.<\/p>\n<p><strong>V\u00fdhody:<\/strong><\/p>\n<ul>\n<li>Jednoduch\u00e9, krychlov\u00e9 tvary.<\/li>\n<li>Pravideln\u00e9 pob\u0159e\u017e\u00ed.<\/li>\n<li>Ploch\u00fd povrch.<\/li>\n<li>Mo\u017enost vytv\u00e1\u0159et geometrick\u00e9 vzory.<\/li>\n<li>Ide\u00e1ln\u00ed pro m\u011bstsk\u00e9 aplikace a na soukrom\u00e9 pozemky.<\/li>\n<\/ul>\n","protected":false},"excerpt":{"rendered":"<p><strong>Rovn\u00fd povrch, rovn\u00e9 hrany<\/strong><\/p>\n<p><strong>Zat\u00ed\u017een\u00ed: p\u011b\u0161\u00ed provoz, provoz vozidel do 3,5 tuny<\/strong><\/p>\n<p><strong>\u00da\u010del pou\u017eit\u00ed: p\u0159\u00edjezdov\u00e1 cesta\/parkovi\u0161t\u011b, chodn\u00edk, terasa, zahrada\/cesty\/uli\u010dky, silnice<\/strong><\/p>\n","protected":false},"featured_media":5560,"comment_status":"open","ping_status":"closed","template":"","meta":{"_acf_changed":false},"product_brand":[],"product_cat":[151,152],"product_tag":[663],"class_list":{"0":"post-784","1":"product","2":"type-product","3":"status-publish","4":"has-post-thumbnail","6":"product_cat-dlazebni-kostky","7":"product_cat-betonova-dlazba","8":"product_tag-kostka-brukowa-cs","9":"product_shipping_class-transport-the-partners-cs","10":"pa_kolor-grafit","11":"pa_kolor-multikolor-barwy-jesieni-cs","12":"pa_kolor-multikolor-dark-cs","13":"pa_kolor-multikolor-diamond-cs","14":"pa_kolor-multikolor-gothic-cs","15":"pa_kolor-multikolor-light-cs","16":"pa_kolor-multikolor-muszlowy-cs","17":"pa_kolor-multikolor-natur-cs","18":"pa_kolor-multikolor-york-cs","19":"pa_kolor-seda","20":"pa_kolor-trikolor-camel-cs","21":"pa_kolor-trikolor-carrot-cs","22":"pa_kolor-trikolor-pixel-cs","23":"pa_producent-bruk-cs","25":"first","26":"onbackorder","27":"taxable","28":"shipping-taxable","29":"purchasable","30":"product-type-variable"},"acf":[],"_links":{"self":[{"href":"https:\/\/sklep.thepartners.pl\/cs\/wp-json\/wp\/v2\/product\/784","targetHints":{"allow":["GET"]}}],"collection":[{"href":"https:\/\/sklep.thepartners.pl\/cs\/wp-json\/wp\/v2\/product"}],"about":[{"href":"https:\/\/sklep.thepartners.pl\/cs\/wp-json\/wp\/v2\/types\/product"}],"replies":[{"embeddable":true,"href":"https:\/\/sklep.thepartners.pl\/cs\/wp-json\/wp\/v2\/comments?post=784"}],"wp:featuredmedia":[{"embeddable":true,"href":"https:\/\/sklep.thepartners.pl\/cs\/wp-json\/wp\/v2\/media\/5560"}],"wp:attachment":[{"href":"https:\/\/sklep.thepartners.pl\/cs\/wp-json\/wp\/v2\/media?parent=784"}],"wp:term":[{"taxonomy":"product_brand","embeddable":true,"href":"https:\/\/sklep.thepartners.pl\/cs\/wp-json\/wp\/v2\/product_brand?post=784"},{"taxonomy":"product_cat","embeddable":true,"href":"https:\/\/sklep.thepartners.pl\/cs\/wp-json\/wp\/v2\/product_cat?post=784"},{"taxonomy":"product_tag","embeddable":true,"href":"https:\/\/sklep.thepartners.pl\/cs\/wp-json\/wp\/v2\/product_tag?post=784"}],"curies":[{"name":"wp","href":"https:\/\/api.w.org\/{rel}","templated":true}]}}