{"id":7956,"date":"2024-11-06T07:31:53","date_gmt":"2024-11-06T06:31:53","guid":{"rendered":"https:\/\/sklep.thepartners.pl\/?post_type=product&#038;p=7956"},"modified":"2024-11-12T10:58:53","modified_gmt":"2024-11-12T09:58:53","slug":"papa-jarbit-solid-py-pv200-s40","status":"publish","type":"product","link":"https:\/\/sklep.thepartners.pl\/cs\/produkt\/papa-jarbit-solid-py-pv200-s40\/","title":{"rendered":"Tat\u00ednek Jarbit SOLID PY PV200 S40 7,5M2"},"content":{"rendered":"<p><strong>v\u00fdhody:<\/strong><\/p>\n<p><strong>Odolnost v\u016f\u010di pov\u011btrnostn\u00edm vliv\u016fm:<\/strong> D\u00edky SBS modifikaci je pls\u0165 vysoce odoln\u00e1 v\u016f\u010di n\u00edzk\u00fdm teplot\u00e1m a UV z\u00e1\u0159en\u00ed.<br \/>\n<strong>Snadn\u00e1 instalace:<\/strong> Profilovan\u00fd spodn\u00ed povrch a technologie QUICK WELD usnad\u0148uj\u00ed proces sva\u0159ov\u00e1n\u00ed a zkracuj\u00ed dobu mont\u00e1\u017ee.<br \/>\n<strong>Odolnost:<\/strong> Vysoce kvalitn\u00ed materi\u00e1ly pou\u017eit\u00e9 p\u0159i v\u00fdrob\u011b zaji\u0161\u0165uj\u00ed dlouhou \u017eivotnost a spolehlivost izolace.<\/p>\n","protected":false},"excerpt":{"rendered":"<p><strong>Kl\u00ed\u010dov\u00e9 vlastnosti produktu:<\/strong><\/p>\n<p><strong>Osnova:<\/strong> Polyesterov\u00e1 netkan\u00e1 textilie s vysokou elasticitou a mechanickou pevnost\u00ed.<br \/>\n<strong>Asfaltov\u00e1 hmota:<\/strong> Asfalt modifikovan\u00fd SBS polymerem, zaji\u0161\u0165uj\u00edc\u00ed vynikaj\u00edc\u00ed pru\u017enost p\u0159i n\u00edzk\u00fdch teplot\u00e1ch a odolnost proti prask\u00e1n\u00ed mrazem.<br \/>\n<strong>Tlou\u0161\u0165ka:<\/strong> 4,0 mm, co\u017e zaru\u010duje dostate\u010dnou ochranu proti pov\u011btrnostn\u00edm vliv\u016fm.<br \/>\n<strong>Vrchn\u00ed povrch:<\/strong> Posypan\u00fd hrubozrnn\u00fdm p\u00edskem, chr\u00e1n\u00edc\u00ed p\u0159ed mechanick\u00fdm po\u0161kozen\u00edm.<br \/>\n<strong>Spodn\u00ed povrch:<\/strong> Profilovan\u00fd a chr\u00e1n\u011bn\u00fd polyetylenovou f\u00f3li\u00ed, kter\u00e1 usnad\u0148uje proces sva\u0159ov\u00e1n\u00ed Pou\u017eit\u00ed: Pls\u0165 Jarbit BINGO PY PV200 S40 je ide\u00e1ln\u00ed pro pou\u017eit\u00ed jako z\u00e1kladn\u00ed vrstva ve v\u00edcevrstv\u00fdch st\u0159e\u0161n\u00edch izola\u010dn\u00edch syst\u00e9mech. D\u00edky sv\u00fdm vlastnostem jej lze pou\u017e\u00edt i k izolaci svisl\u00fdch a vodorovn\u00fdch z\u00e1klad\u016f, podlah do betonov\u00fdch pot\u011br\u016f a na bedn\u011bn\u00ed strm\u00fdch st\u0159ech, n\u00e1sledn\u011b pokryt\u00fdch st\u0159e\u0161n\u00edmi ta\u0161kami nebo plechem.<br \/>\n<strong>Odolnost v\u016f\u010di pov\u011btrnostn\u00edm vliv\u016fm:<\/strong> D\u00edky SBS modifikaci je pls\u0165 vysoce odoln\u00e1 v\u016f\u010di n\u00edzk\u00fdm teplot\u00e1m a UV z\u00e1\u0159en\u00ed.<br \/>\n<strong>Snadn\u00e1 instalace:<\/strong> Profilovan\u00fd spodn\u00ed povrch a technologie QUICK WELD usnad\u0148uj\u00ed proces sva\u0159ov\u00e1n\u00ed a zkracuj\u00ed dobu mont\u00e1\u017ee.<br \/>\n<strong>Odolnost:<\/strong> Vysoce kvalitn\u00ed materi\u00e1ly pou\u017eit\u00e9 p\u0159i v\u00fdrob\u011b zaji\u0161\u0165uj\u00ed dlouhou \u017eivotnost a spolehlivost izolace.<\/p>\n","protected":false},"featured_media":7958,"comment_status":"open","ping_status":"closed","template":"","meta":{"_acf_changed":false},"product_brand":[],"product_cat":[583,944],"product_tag":[1238],"class_list":{"0":"post-7956","1":"product","2":"type-product","3":"status-publish","4":"has-post-thumbnail","6":"product_cat-hydroizolace","7":"product_cat-asfaltove-pasy","8":"product_tag-papa-cs","9":"product_shipping_class-transport-the-partners-cs","11":"first","12":"onbackorder","13":"taxable","14":"shipping-taxable","15":"purchasable","16":"product-type-simple"},"acf":[],"_links":{"self":[{"href":"https:\/\/sklep.thepartners.pl\/cs\/wp-json\/wp\/v2\/product\/7956","targetHints":{"allow":["GET"]}}],"collection":[{"href":"https:\/\/sklep.thepartners.pl\/cs\/wp-json\/wp\/v2\/product"}],"about":[{"href":"https:\/\/sklep.thepartners.pl\/cs\/wp-json\/wp\/v2\/types\/product"}],"replies":[{"embeddable":true,"href":"https:\/\/sklep.thepartners.pl\/cs\/wp-json\/wp\/v2\/comments?post=7956"}],"wp:featuredmedia":[{"embeddable":true,"href":"https:\/\/sklep.thepartners.pl\/cs\/wp-json\/wp\/v2\/media\/7958"}],"wp:attachment":[{"href":"https:\/\/sklep.thepartners.pl\/cs\/wp-json\/wp\/v2\/media?parent=7956"}],"wp:term":[{"taxonomy":"product_brand","embeddable":true,"href":"https:\/\/sklep.thepartners.pl\/cs\/wp-json\/wp\/v2\/product_brand?post=7956"},{"taxonomy":"product_cat","embeddable":true,"href":"https:\/\/sklep.thepartners.pl\/cs\/wp-json\/wp\/v2\/product_cat?post=7956"},{"taxonomy":"product_tag","embeddable":true,"href":"https:\/\/sklep.thepartners.pl\/cs\/wp-json\/wp\/v2\/product_tag?post=7956"}],"curies":[{"name":"wp","href":"https:\/\/api.w.org\/{rel}","templated":true}]}}