{"id":7960,"date":"2024-11-06T09:57:27","date_gmt":"2024-11-06T08:57:27","guid":{"rendered":"https:\/\/sklep.thepartners.pl\/?post_type=product&#038;p=7960"},"modified":"2024-11-12T10:58:57","modified_gmt":"2024-11-12T09:58:57","slug":"papa-jarplast-forte-pye-pv200-s52","status":"publish","type":"product","link":"https:\/\/sklep.thepartners.pl\/cs\/produkt\/papa-jarplast-forte-pye-pv200-s52\/","title":{"rendered":"Tat\u00ednek Jarplast FORTE PYE PV200 S52"},"content":{"rendered":"<p>tepeln\u011b sva\u0159iteln\u00e1 st\u0159e\u0161n\u00ed lepenka, ur\u010den\u00e1 pro hydroizolaci a izolaci proti vlhkosti. D\u00edky pou\u017eit\u00ed asfaltu modifikovan\u00e9ho SBS elastomery a pru\u017en\u00e9 polyesterov\u00e9 netkan\u00e9 textilie jako matrice se v\u00fdrobek vyzna\u010duje vynikaj\u00edc\u00ed pru\u017enost\u00ed a odolnost\u00ed.<\/p>\n<p><strong>Aplikace:<\/strong><\/p>\n<p>Jarplast FORTE PYE PV200 S52 se doporu\u010duje zejm\u00e9na pro zhotoven\u00ed vrchn\u00ed vrstvy st\u0159e\u0161n\u00edch krytin. Lze jej tak\u00e9 pou\u017e\u00edt k izolaci svisl\u00fdch a vodorovn\u00fdch z\u00e1klad\u016f a poskytuje \u00fa\u010dinnou ochranu proti vlhkosti.<\/p>\n<p><strong>v\u00fdhody:<\/strong><\/p>\n<p>Vysok\u00e1 flexibilita: D\u00edky modifikaci SBS elastomery z\u016fst\u00e1v\u00e1 st\u0159e\u0161n\u00ed lepenka flexibiln\u00ed v \u0161irok\u00e9m rozsahu teplot, co\u017e minimalizuje riziko prasklin a po\u0161kozen\u00ed.<br \/>\nOdolnost v\u016f\u010di pov\u011btrnostn\u00edm vliv\u016fm: Hrubozrnn\u00e9 miner\u00e1ln\u00ed posypy chr\u00e1n\u00ed p\u0159ed UV z\u00e1\u0159en\u00edm a mechanick\u00fdm po\u0161kozen\u00edm.<br \/>\nSnadn\u00e1 instalace: Tepeln\u011b sva\u0159ovan\u00fd spodn\u00ed povrch usnad\u0148uje proces instalace a zkracuje pracovn\u00ed dobu.<\/p>\n","protected":false},"excerpt":{"rendered":"<p><strong>Kl\u00ed\u010dov\u00e9 vlastnosti produktu:<\/strong><\/p>\n<p>Tlou\u0161\u0165ka: 5,2 mm<br \/>\nOsnova: Flexibiln\u00ed polyesterov\u00e1 netkan\u00e1 textilie<br \/>\nModifikace: Asfalt modifikovan\u00fd SBS elastomery<br \/>\nVrchn\u00ed povrch: Hrubozrnn\u00fd miner\u00e1ln\u00ed posyp<br \/>\nSpodn\u00ed povrch: Chr\u00e1n\u011bno snadno tavitelnou plastovou f\u00f3li\u00ed<\/p>\n","protected":false},"featured_media":7966,"comment_status":"open","ping_status":"closed","template":"","meta":{"_acf_changed":false},"product_brand":[],"product_cat":[583,944],"product_tag":[1238],"class_list":{"0":"post-7960","1":"product","2":"type-product","3":"status-publish","4":"has-post-thumbnail","6":"product_cat-hydroizolace","7":"product_cat-asfaltove-pasy","8":"product_tag-papa-cs","9":"product_shipping_class-transport-the-partners-cs","11":"first","12":"onbackorder","13":"taxable","14":"shipping-taxable","15":"purchasable","16":"product-type-simple"},"acf":[],"_links":{"self":[{"href":"https:\/\/sklep.thepartners.pl\/cs\/wp-json\/wp\/v2\/product\/7960","targetHints":{"allow":["GET"]}}],"collection":[{"href":"https:\/\/sklep.thepartners.pl\/cs\/wp-json\/wp\/v2\/product"}],"about":[{"href":"https:\/\/sklep.thepartners.pl\/cs\/wp-json\/wp\/v2\/types\/product"}],"replies":[{"embeddable":true,"href":"https:\/\/sklep.thepartners.pl\/cs\/wp-json\/wp\/v2\/comments?post=7960"}],"wp:featuredmedia":[{"embeddable":true,"href":"https:\/\/sklep.thepartners.pl\/cs\/wp-json\/wp\/v2\/media\/7966"}],"wp:attachment":[{"href":"https:\/\/sklep.thepartners.pl\/cs\/wp-json\/wp\/v2\/media?parent=7960"}],"wp:term":[{"taxonomy":"product_brand","embeddable":true,"href":"https:\/\/sklep.thepartners.pl\/cs\/wp-json\/wp\/v2\/product_brand?post=7960"},{"taxonomy":"product_cat","embeddable":true,"href":"https:\/\/sklep.thepartners.pl\/cs\/wp-json\/wp\/v2\/product_cat?post=7960"},{"taxonomy":"product_tag","embeddable":true,"href":"https:\/\/sklep.thepartners.pl\/cs\/wp-json\/wp\/v2\/product_tag?post=7960"}],"curies":[{"name":"wp","href":"https:\/\/api.w.org\/{rel}","templated":true}]}}