{"id":7979,"date":"2024-11-07T15:25:28","date_gmt":"2024-11-07T14:25:28","guid":{"rendered":"https:\/\/sklep.thepartners.pl\/produkt\/7973\/"},"modified":"2024-11-12T10:59:23","modified_gmt":"2024-11-12T09:59:23","slug":"7973","status":"publish","type":"product","link":"https:\/\/sklep.thepartners.pl\/cs\/produkt\/7973\/","title":{"rendered":"Tat\u00ednek swisspor BIKUTOP 35"},"content":{"rendered":"<p>je vysoce kvalitn\u00ed sva\u0159iteln\u00e1 asfaltov\u00e1 lepenka, ur\u010den\u00e1 pro pou\u017eit\u00ed jako z\u00e1kladn\u00ed vrstva ve v\u00edcevrstv\u00fdch st\u0159e\u0161n\u00edch krytin\u00e1ch. Vyrobeno ze sklen\u011bn\u00e9ho z\u00e1voje, vyzna\u010duje se vynikaj\u00edc\u00ed pru\u017enost\u00ed a odolnost\u00ed.<\/p>\n<p>Kl\u00ed\u010dov\u00e9 vlastnosti produktu:<\/p>\n<p>Tlou\u0161\u0165ka: 3,5 mm<br \/>\nOsnova: Sklen\u011bn\u00fd z\u00e1voj<br \/>\n\u00daprava: Oxidovan\u00fd asfalt<br \/>\nHorn\u00ed povrch: pokryt\u00fd jemnozrnn\u00fdm miner\u00e1ln\u00edm posypem<br \/>\nSpodn\u00ed povrch: chr\u00e1n\u011bn plastovou f\u00f3li\u00ed<\/p>\n<p>Aplikace:<\/p>\n<p>swisspor BIKUTOP 35 je ide\u00e1ln\u00ed pro pou\u017eit\u00ed jako z\u00e1kladn\u00ed vrstva ve v\u00edcevrstv\u00fdch st\u0159e\u0161n\u00edch krytin\u00e1ch na stabiln\u00edm podkladu. Lze ji pou\u017e\u00edt i jako hydroizola\u010dn\u00ed izolaci budov v\u010detn\u011b hydroizolace podzemn\u00edch \u010d\u00e1st\u00ed (typ T). V\u00fdrobek se nan\u00e1\u0161\u00ed sva\u0159ov\u00e1n\u00edm, co\u017e umo\u017e\u0148uje rychlou a efektivn\u00ed mont\u00e1\u017e nov\u00fdch st\u0159e\u0161n\u00edch krytin<\/p>\n","protected":false},"excerpt":{"rendered":"<p><strong>v\u00fdhody:<\/strong><\/p>\n<p>Odolnost v\u016f\u010di pov\u011btrnostn\u00edm vliv\u016fm: D\u00edky pou\u017eit\u00ed oxidovan\u00e9ho asfaltu je st\u0159e\u0161n\u00ed lepenka vysoce odoln\u00e1 v\u016f\u010di m\u011bn\u00edc\u00edm se pov\u011btrnostn\u00edm podm\u00ednk\u00e1m.<br \/>\nSnadn\u00e1 instalace: V\u00fdrobek je ur\u010den ke sva\u0159ov\u00e1n\u00ed, co\u017e usnad\u0148uje a urychluje mont\u00e1\u017en\u00ed proces.<br \/>\nOdolnost: Vysoce kvalitn\u00ed materi\u00e1ly pou\u017eit\u00e9 p\u0159i v\u00fdrob\u011b zaji\u0161\u0165uj\u00ed dlouhou \u017eivotnost a spolehlivost izolace.<\/p>\n","protected":false},"featured_media":7975,"comment_status":"open","ping_status":"closed","template":"","meta":{"_acf_changed":false},"product_brand":[],"product_cat":[583,944],"product_tag":[],"class_list":{"0":"post-7979","1":"product","2":"type-product","3":"status-publish","4":"has-post-thumbnail","6":"product_cat-hydroizolace","7":"product_cat-asfaltove-pasy","8":"product_shipping_class-transport-the-partners-cs","10":"first","11":"onbackorder","12":"taxable","13":"shipping-taxable","14":"purchasable","15":"product-type-simple"},"acf":[],"_links":{"self":[{"href":"https:\/\/sklep.thepartners.pl\/cs\/wp-json\/wp\/v2\/product\/7979","targetHints":{"allow":["GET"]}}],"collection":[{"href":"https:\/\/sklep.thepartners.pl\/cs\/wp-json\/wp\/v2\/product"}],"about":[{"href":"https:\/\/sklep.thepartners.pl\/cs\/wp-json\/wp\/v2\/types\/product"}],"replies":[{"embeddable":true,"href":"https:\/\/sklep.thepartners.pl\/cs\/wp-json\/wp\/v2\/comments?post=7979"}],"wp:featuredmedia":[{"embeddable":true,"href":"https:\/\/sklep.thepartners.pl\/cs\/wp-json\/wp\/v2\/media\/7975"}],"wp:attachment":[{"href":"https:\/\/sklep.thepartners.pl\/cs\/wp-json\/wp\/v2\/media?parent=7979"}],"wp:term":[{"taxonomy":"product_brand","embeddable":true,"href":"https:\/\/sklep.thepartners.pl\/cs\/wp-json\/wp\/v2\/product_brand?post=7979"},{"taxonomy":"product_cat","embeddable":true,"href":"https:\/\/sklep.thepartners.pl\/cs\/wp-json\/wp\/v2\/product_cat?post=7979"},{"taxonomy":"product_tag","embeddable":true,"href":"https:\/\/sklep.thepartners.pl\/cs\/wp-json\/wp\/v2\/product_tag?post=7979"}],"curies":[{"name":"wp","href":"https:\/\/api.w.org\/{rel}","templated":true}]}}