{"id":7985,"date":"2024-11-08T10:37:13","date_gmt":"2024-11-08T09:37:13","guid":{"rendered":"https:\/\/sklep.thepartners.pl\/produkt\/bosch-gbh-2-28-mlot-udarowo-obrotowy-sds-plus\/"},"modified":"2024-11-12T10:54:53","modified_gmt":"2024-11-12T09:54:53","slug":"bosch-gbh-2-28-mlot-udarowo-obrotowy-sds-plus","status":"publish","type":"product","link":"https:\/\/sklep.thepartners.pl\/cs\/produkt\/bosch-gbh-2-28-mlot-udarowo-obrotowy-sds-plus\/","title":{"rendered":"Vrtac\u00ed kladivo BOSCH GBH 2-28 SDS Plus"},"content":{"rendered":"<h3>Aplikace:<br \/>\nVrt\u00e1n\u00ed: Do betonu, zdiva, kamene a tak\u00e9 do d\u0159eva a kovu.<br \/>\nDl\u00e1to: Pro \u0161t\u00edp\u00e1n\u00ed om\u00edtek, cihel a p\u0159\u00edpravu povrch\u016f p\u0159ed dal\u0161\u00ed prac\u00ed.<br \/>\nOdolnost: Pevn\u00e1 konstrukce a odolnost v\u016f\u010di intenzivn\u00edmu pou\u017e\u00edv\u00e1n\u00ed jej p\u0159edur\u010duj\u00ed pro pr\u00e1ci v obt\u00ed\u017en\u00fdch podm\u00ednk\u00e1ch.<br \/>\nDal\u0161\u00ed funkce:<br \/>\nZ\u00e1mek ot\u00e1\u010den\u00ed: Funkce sek\u00e1n\u00ed v pevn\u00e9 poloze.<br \/>\nN\u00e1razov\u00fd z\u00e1mek: Schopnost vrtat do materi\u00e1l\u016f bez p\u0159\u00edklepu, jako je d\u0159evo a kov.<br \/>\nReverzn\u00ed funkce: Umo\u017e\u0148uje odstranit vrt\u00e1ky z materi\u00e1lu bez jejich po\u0161kozen\u00ed.<\/h3>\n","protected":false},"excerpt":{"rendered":"<h3>Kl\u00ed\u010dov\u00e9 vlastnosti BOSCH GBH 2-28:<br \/>\nV\u00fdkon: 880 W, kter\u00fd zajist\u00ed efektivn\u00ed pr\u00e1ci i v tvrd\u00fdch materi\u00e1lech.<br \/>\nEnergie p\u0159\u00edklepu: 3,2 J, co\u017e umo\u017e\u0148uje efektivn\u00ed vrt\u00e1n\u00ed a sek\u00e1n\u00ed.<br \/>\nDr\u017e\u00e1k SDS Plus: Umo\u017e\u0148uje rychlou a bezn\u00e1strojovou v\u00fdm\u011bnu vrt\u00e1ku, zaji\u0161\u0165uje stabilitu a bezpe\u010dn\u00fd provoz.<br \/>\nRychlost ot\u00e1\u010den\u00ed: Nastavte rychlost ot\u00e1\u010den\u00ed pro lep\u0161\u00ed kontrolu v r\u016fzn\u00fdch materi\u00e1lech.<br \/>\nSyst\u00e9m kontroly vibrac\u00ed: Sni\u017euje \u00farovn\u011b vibrac\u00ed pro v\u011bt\u0161\u00ed pohodl\u00ed a sn\u00ed\u017een\u00ed \u00fanavy p\u0159i dlouhodob\u00e9m pou\u017e\u00edv\u00e1n\u00ed.<\/h3>\n","protected":false},"featured_media":7984,"comment_status":"open","ping_status":"closed","template":"","meta":{"_acf_changed":false},"product_brand":[],"product_cat":[1024,1022],"product_tag":[],"class_list":{"0":"post-7985","1":"product","2":"type-product","3":"status-publish","4":"has-post-thumbnail","6":"product_cat-elektricke-naradi","7":"product_cat-naradi","8":"product_shipping_class-kurier-cs","9":"pa_producent-bosch-2-cs","11":"first","12":"instock","13":"taxable","14":"shipping-taxable","15":"purchasable","16":"product-type-simple"},"acf":[],"_links":{"self":[{"href":"https:\/\/sklep.thepartners.pl\/cs\/wp-json\/wp\/v2\/product\/7985","targetHints":{"allow":["GET"]}}],"collection":[{"href":"https:\/\/sklep.thepartners.pl\/cs\/wp-json\/wp\/v2\/product"}],"about":[{"href":"https:\/\/sklep.thepartners.pl\/cs\/wp-json\/wp\/v2\/types\/product"}],"replies":[{"embeddable":true,"href":"https:\/\/sklep.thepartners.pl\/cs\/wp-json\/wp\/v2\/comments?post=7985"}],"wp:featuredmedia":[{"embeddable":true,"href":"https:\/\/sklep.thepartners.pl\/cs\/wp-json\/wp\/v2\/media\/7984"}],"wp:attachment":[{"href":"https:\/\/sklep.thepartners.pl\/cs\/wp-json\/wp\/v2\/media?parent=7985"}],"wp:term":[{"taxonomy":"product_brand","embeddable":true,"href":"https:\/\/sklep.thepartners.pl\/cs\/wp-json\/wp\/v2\/product_brand?post=7985"},{"taxonomy":"product_cat","embeddable":true,"href":"https:\/\/sklep.thepartners.pl\/cs\/wp-json\/wp\/v2\/product_cat?post=7985"},{"taxonomy":"product_tag","embeddable":true,"href":"https:\/\/sklep.thepartners.pl\/cs\/wp-json\/wp\/v2\/product_tag?post=7985"}],"curies":[{"name":"wp","href":"https:\/\/api.w.org\/{rel}","templated":true}]}}