{"id":799,"date":"2024-04-25T02:21:17","date_gmt":"2024-04-25T00:21:17","guid":{"rendered":"https:\/\/www.partners.proadax-dev.pl\/?post_type=product&#038;p=799"},"modified":"2024-10-01T10:08:33","modified_gmt":"2024-10-01T08:08:33","slug":"svornik-structur","status":"publish","type":"product","link":"https:\/\/sklep.thepartners.pl\/cs\/produkt\/svornik-structur\/","title":{"rendered":"Svorn\u00edk STRUCTUR"},"content":{"rendered":"<p><strong>Sloupov\u00fd betonov\u00fd blok STRUCTUR<\/strong> \u00a0je k dispozici ve dvou velikostech, co umo\u017e\u0148uje vytv\u00e1\u0159en\u00ed zdiva o r\u016fzn\u00e9 \u0161\u00ed\u0159ce. D\u00edky technologii splitov\u00e1n\u00ed maj\u00ed tyto prvky nepravideln\u00fd povrch p\u0159ipom\u00ednaj\u00edc\u00ed p\u0159\u00edrodn\u00ed k\u00e1men, co skv\u011ble lad\u00ed s okoln\u00ed zelen\u00ed. Skv\u011ble dopl\u0148uj\u00ed jak modern\u00ed architekturu, tak tradi\u010dn\u00ed zahradn\u00ed styl.<\/p>\n","protected":false},"excerpt":{"rendered":"<p><strong>Sloupkov\u00e9 tv\u00e1rnice Structur<\/strong> jsou \u0161t\u00edpan\u00e9 betonov\u00e9 tv\u00e1rnice ur\u010den\u00e9 pro stavbu plotov\u00fdch sloupk\u016f.<\/p>\n","protected":false},"featured_media":5811,"comment_status":"open","ping_status":"closed","template":"","meta":{"_acf_changed":false},"product_brand":[],"product_cat":[174,171],"product_tag":[],"class_list":{"0":"post-799","1":"product","2":"type-product","3":"status-publish","4":"has-post-thumbnail","6":"product_cat-plotove-sloupky-a-zdi","7":"product_cat-ploty","8":"product_shipping_class-transport-the-partners-cs","9":"pa_producent-bruk-cs","11":"first","12":"onbackorder","13":"taxable","14":"shipping-taxable","15":"purchasable","16":"product-type-variable"},"acf":[],"_links":{"self":[{"href":"https:\/\/sklep.thepartners.pl\/cs\/wp-json\/wp\/v2\/product\/799","targetHints":{"allow":["GET"]}}],"collection":[{"href":"https:\/\/sklep.thepartners.pl\/cs\/wp-json\/wp\/v2\/product"}],"about":[{"href":"https:\/\/sklep.thepartners.pl\/cs\/wp-json\/wp\/v2\/types\/product"}],"replies":[{"embeddable":true,"href":"https:\/\/sklep.thepartners.pl\/cs\/wp-json\/wp\/v2\/comments?post=799"}],"wp:featuredmedia":[{"embeddable":true,"href":"https:\/\/sklep.thepartners.pl\/cs\/wp-json\/wp\/v2\/media\/5811"}],"wp:attachment":[{"href":"https:\/\/sklep.thepartners.pl\/cs\/wp-json\/wp\/v2\/media?parent=799"}],"wp:term":[{"taxonomy":"product_brand","embeddable":true,"href":"https:\/\/sklep.thepartners.pl\/cs\/wp-json\/wp\/v2\/product_brand?post=799"},{"taxonomy":"product_cat","embeddable":true,"href":"https:\/\/sklep.thepartners.pl\/cs\/wp-json\/wp\/v2\/product_cat?post=799"},{"taxonomy":"product_tag","embeddable":true,"href":"https:\/\/sklep.thepartners.pl\/cs\/wp-json\/wp\/v2\/product_tag?post=799"}],"curies":[{"name":"wp","href":"https:\/\/api.w.org\/{rel}","templated":true}]}}