{"id":7990,"date":"2024-11-08T11:24:34","date_gmt":"2024-11-08T10:24:34","guid":{"rendered":"https:\/\/sklep.thepartners.pl\/produkt\/mlot-udarowo-obrotowy-z-uchwytem-sds-plus-gbh-240-professional-bosch\/"},"modified":"2024-11-12T10:56:10","modified_gmt":"2024-11-12T09:56:10","slug":"mlot-udarowo-obrotowy-z-uchwytem-sds-plus-gbh-240-professional-bosch","status":"publish","type":"product","link":"https:\/\/sklep.thepartners.pl\/cs\/produkt\/mlot-udarowo-obrotowy-z-uchwytem-sds-plus-gbh-240-professional-bosch\/","title":{"rendered":"Vrtac\u00ed kladivo s rukojet\u00ed SDS plus GBH 240 Professional Bosch"},"content":{"rendered":"<p>Bosch GBH 240 Professional je vrtac\u00ed kladivo s rukojet\u00ed SDS Plus, ur\u010den\u00e9 pro profesion\u00e1ly hledaj\u00edc\u00ed \u00fa\u010dinn\u00fd a odoln\u00fd n\u00e1stroj pro stavebn\u00ed, renova\u010dn\u00ed a renova\u010dn\u00ed pr\u00e1ce.<\/p>\n<p>Aplikace:<\/p>\n<p>Vrtac\u00ed kladivo GBH 240 Professional je ide\u00e1ln\u00ed pro vrt\u00e1n\u00ed do betonu, zdiva, d\u0159eva a kovu. D\u00edky funkci kov\u00e1n\u00ed je vhodn\u00fd i pro lehk\u00e9 bourac\u00ed pr\u00e1ce.<\/p>\n<p>v\u00fdhody:<\/p>\n<p>V\u00fdkon: Optimalizovan\u00e1 sk\u0159\u00ed\u0148 p\u0159evodovky zaji\u0161\u0165uje rychl\u00e9 vrt\u00e1n\u00ed.<br \/>\nOdolnost: V\u00fdkonn\u00fd motor a pevn\u00e1 konstrukce zaru\u010duj\u00ed dlouhou \u017eivotnost n\u00e1stroje.<br \/>\nErgonomie: Kompaktn\u00ed design a n\u00edzk\u00e1 hmotnost usnad\u0148uj\u00ed man\u00e9vrov\u00e1n\u00ed a pr\u00e1ci na t\u011b\u017eko dostupn\u00fdch m\u00edstech.<\/p>\n","protected":false},"excerpt":{"rendered":"<p><strong>Kluczowe cechy:<\/strong><\/p>\n<ul>\n<li><strong>Moc:<\/strong> 790 W<\/li>\n<li><strong>Energia udaru:<\/strong> 2,7 J<\/li>\n<li><strong>Pr\u0119dko\u015b\u0107 obrotowa:<\/strong> 0\u2013930 obr.\/min<\/li>\n<li><strong>Liczba udar\u00f3w:<\/strong> 0\u20134200 udar\u00f3w\/min<\/li>\n<li><strong>Uchwyt:<\/strong> SDS Plus<\/li>\n<li><strong>Waga:<\/strong> 2,8 kg<\/li>\n<\/ul>\n","protected":false},"featured_media":7989,"comment_status":"open","ping_status":"closed","template":"","meta":{"_acf_changed":false},"product_brand":[],"product_cat":[1022,1024],"product_tag":[],"class_list":{"0":"post-7990","1":"product","2":"type-product","3":"status-publish","4":"has-post-thumbnail","6":"product_cat-naradi","7":"product_cat-elektricke-naradi","8":"product_shipping_class-kurier-cs","9":"pa_producent-bosch-2-cs","11":"first","12":"instock","13":"taxable","14":"shipping-taxable","15":"purchasable","16":"product-type-simple"},"acf":[],"_links":{"self":[{"href":"https:\/\/sklep.thepartners.pl\/cs\/wp-json\/wp\/v2\/product\/7990","targetHints":{"allow":["GET"]}}],"collection":[{"href":"https:\/\/sklep.thepartners.pl\/cs\/wp-json\/wp\/v2\/product"}],"about":[{"href":"https:\/\/sklep.thepartners.pl\/cs\/wp-json\/wp\/v2\/types\/product"}],"replies":[{"embeddable":true,"href":"https:\/\/sklep.thepartners.pl\/cs\/wp-json\/wp\/v2\/comments?post=7990"}],"wp:featuredmedia":[{"embeddable":true,"href":"https:\/\/sklep.thepartners.pl\/cs\/wp-json\/wp\/v2\/media\/7989"}],"wp:attachment":[{"href":"https:\/\/sklep.thepartners.pl\/cs\/wp-json\/wp\/v2\/media?parent=7990"}],"wp:term":[{"taxonomy":"product_brand","embeddable":true,"href":"https:\/\/sklep.thepartners.pl\/cs\/wp-json\/wp\/v2\/product_brand?post=7990"},{"taxonomy":"product_cat","embeddable":true,"href":"https:\/\/sklep.thepartners.pl\/cs\/wp-json\/wp\/v2\/product_cat?post=7990"},{"taxonomy":"product_tag","embeddable":true,"href":"https:\/\/sklep.thepartners.pl\/cs\/wp-json\/wp\/v2\/product_tag?post=7990"}],"curies":[{"name":"wp","href":"https:\/\/api.w.org\/{rel}","templated":true}]}}