{"id":8009,"date":"2024-11-08T13:26:54","date_gmt":"2024-11-08T12:26:54","guid":{"rendered":"https:\/\/sklep.thepartners.pl\/produkt\/szlfierka-katowa-gws-12-125-s-bosch\/"},"modified":"2024-11-12T10:57:20","modified_gmt":"2024-11-12T09:57:20","slug":"szlfierka-katowa-gws-12-125-s-bosch","status":"publish","type":"product","link":"https:\/\/sklep.thepartners.pl\/cs\/produkt\/szlfierka-katowa-gws-12-125-s-bosch\/","title":{"rendered":"\u00dahlov\u00e1 bruska GWS 12-125 S Bosch"},"content":{"rendered":"<p><strong>Aplikace:<\/strong><\/p>\n<p>Bruska GWS 12-125 S je ur\u010dena pro \u0159ez\u00e1n\u00ed, brou\u0161en\u00ed a kart\u00e1\u010dov\u00e1n\u00ed kov\u016f, kamene a jin\u00fdch stavebn\u00edch materi\u00e1l\u016f. D\u00edky nastaviteln\u00e9 rychlosti se d\u00e1 p\u0159izp\u016fsobit konkr\u00e9tn\u00edm po\u017eadavk\u016fm dan\u00e9ho \u00fakolu.<\/p>\n","protected":false},"excerpt":{"rendered":"<p><strong>Kl\u00ed\u010dov\u00e9 vlastnosti:<\/strong><\/p>\n<p>V\u00fdkon: 1200 W<br \/>\nPr\u016fm\u011br kotou\u010de: 125 mm<br \/>\nRychlost ot\u00e1\u010den\u00ed: Nastaviteln\u00e1, co\u017e umo\u017e\u0148uje p\u0159izp\u016fsobit rychlost typu zpracov\u00e1van\u00e9ho materi\u00e1lu<br \/>\nHmotnost: 2,2 kg<br \/>\nDal\u0161\u00ed funkce:<br \/>\nKickBack Control: Automatick\u00e9 vypnut\u00ed n\u00e1stroje v p\u0159\u00edpad\u011b zablokov\u00e1n\u00ed kotou\u010de, co\u017e zvy\u0161uje bezpe\u010dnost pou\u017e\u00edv\u00e1n\u00ed<br \/>\nBlokov\u00e1n\u00ed op\u011btovn\u00e9ho spu\u0161t\u011bn\u00ed: Zabra\u0148uje n\u00e1hodn\u00e9mu spu\u0161t\u011bn\u00ed n\u00e1\u0159ad\u00ed po v\u00fdpadku proudu<br \/>\nPozvoln\u00fd rozb\u011bh: Hladk\u00fd rozb\u011bh n\u00e1stroje bez trh\u00e1n\u00ed<\/p>\n","protected":false},"featured_media":8006,"comment_status":"open","ping_status":"closed","template":"","meta":{"_acf_changed":false},"product_brand":[],"product_cat":[1022,1024],"product_tag":[],"class_list":{"0":"post-8009","1":"product","2":"type-product","3":"status-publish","4":"has-post-thumbnail","6":"product_cat-naradi","7":"product_cat-elektricke-naradi","8":"product_shipping_class-kurier-dhl-cs","10":"first","11":"instock","12":"taxable","13":"shipping-taxable","14":"purchasable","15":"product-type-simple"},"acf":[],"_links":{"self":[{"href":"https:\/\/sklep.thepartners.pl\/cs\/wp-json\/wp\/v2\/product\/8009","targetHints":{"allow":["GET"]}}],"collection":[{"href":"https:\/\/sklep.thepartners.pl\/cs\/wp-json\/wp\/v2\/product"}],"about":[{"href":"https:\/\/sklep.thepartners.pl\/cs\/wp-json\/wp\/v2\/types\/product"}],"replies":[{"embeddable":true,"href":"https:\/\/sklep.thepartners.pl\/cs\/wp-json\/wp\/v2\/comments?post=8009"}],"wp:featuredmedia":[{"embeddable":true,"href":"https:\/\/sklep.thepartners.pl\/cs\/wp-json\/wp\/v2\/media\/8006"}],"wp:attachment":[{"href":"https:\/\/sklep.thepartners.pl\/cs\/wp-json\/wp\/v2\/media?parent=8009"}],"wp:term":[{"taxonomy":"product_brand","embeddable":true,"href":"https:\/\/sklep.thepartners.pl\/cs\/wp-json\/wp\/v2\/product_brand?post=8009"},{"taxonomy":"product_cat","embeddable":true,"href":"https:\/\/sklep.thepartners.pl\/cs\/wp-json\/wp\/v2\/product_cat?post=8009"},{"taxonomy":"product_tag","embeddable":true,"href":"https:\/\/sklep.thepartners.pl\/cs\/wp-json\/wp\/v2\/product_tag?post=8009"}],"curies":[{"name":"wp","href":"https:\/\/api.w.org\/{rel}","templated":true}]}}