{"id":8035,"date":"2024-11-08T14:26:33","date_gmt":"2024-11-08T13:26:33","guid":{"rendered":"https:\/\/sklep.thepartners.pl\/produkt\/bosch-szlifierka-katowa-gws-2200-230-z-wl-czuwakowym-230mm\/"},"modified":"2024-11-12T10:58:41","modified_gmt":"2024-11-12T09:58:41","slug":"bosch-szlifierka-katowa-gws-2200-230-z-wl-czuwakowym-230mm","status":"publish","type":"product","link":"https:\/\/sklep.thepartners.pl\/cs\/produkt\/bosch-szlifierka-katowa-gws-2200-230-z-wl-czuwakowym-230mm\/","title":{"rendered":"BOSCH \u00dahlov\u00e1 bruska GWS 2200-230s mrtv\u00fdm sp\u00edna\u010dem 230mm"},"content":{"rendered":"<p><strong>Bosch GWS 2200-230 <\/strong>je profesion\u00e1ln\u00ed \u00fahlov\u00e1 bruska vybaven\u00e1 sp\u00edna\u010dem mrtv\u00e9ho mu\u017ee, zaji\u0161\u0165uj\u00edc\u00ed vysokou \u00farove\u0148 bezpe\u010dnosti p\u0159i pr\u00e1ci.<\/p>\n<p><strong>Aplikace:<\/strong><\/p>\n<p>Bruska GWS 2200-230 je ur\u010dena pro t\u011b\u017ek\u00e9 pr\u00e1ce, jako je \u0159ez\u00e1n\u00ed a brou\u0161en\u00ed kovu, betonu a jin\u00fdch stavebn\u00edch materi\u00e1l\u016f. D\u00edky vysok\u00e9mu v\u00fdkonu a pr\u016fm\u011bru kotou\u010de se skv\u011ble hod\u00ed pro n\u00e1ro\u010dn\u00e9 \u00fakoly.<\/p>\n","protected":false},"excerpt":{"rendered":"<p><strong>Kl\u00ed\u010dov\u00e9 vlastnosti:<\/strong><\/p>\n<p>V\u00fdkon: 2200 W<br \/>\nPr\u016fm\u011br kotou\u010de: 230 mm<br \/>\nOt\u00e1\u010dky napr\u00e1zdno: 6500 ot.\/min<br \/>\nHmotnost: 5,2 kg<br \/>\nSp\u00edna\u010d mrtv\u00e9ho mu\u017ee: N\u00e1stroj funguje pouze p\u0159i stisknut\u00ed sp\u00edna\u010de; po uvoln\u011bn\u00ed se ml\u00fdnek okam\u017eit\u011b vypne, co\u017e zvy\u0161uje bezpe\u010dnost pou\u017e\u00edv\u00e1n\u00ed<\/p>\n","protected":false},"featured_media":8031,"comment_status":"open","ping_status":"closed","template":"","meta":{"_acf_changed":false},"product_brand":[],"product_cat":[1024,1022],"product_tag":[],"class_list":{"0":"post-8035","1":"product","2":"type-product","3":"status-publish","4":"has-post-thumbnail","6":"product_cat-elektricke-naradi","7":"product_cat-naradi","8":"product_shipping_class-kurier-cs","9":"pa_producent-bosch-2-cs","11":"first","12":"instock","13":"taxable","14":"shipping-taxable","15":"purchasable","16":"product-type-simple"},"acf":[],"_links":{"self":[{"href":"https:\/\/sklep.thepartners.pl\/cs\/wp-json\/wp\/v2\/product\/8035","targetHints":{"allow":["GET"]}}],"collection":[{"href":"https:\/\/sklep.thepartners.pl\/cs\/wp-json\/wp\/v2\/product"}],"about":[{"href":"https:\/\/sklep.thepartners.pl\/cs\/wp-json\/wp\/v2\/types\/product"}],"replies":[{"embeddable":true,"href":"https:\/\/sklep.thepartners.pl\/cs\/wp-json\/wp\/v2\/comments?post=8035"}],"wp:featuredmedia":[{"embeddable":true,"href":"https:\/\/sklep.thepartners.pl\/cs\/wp-json\/wp\/v2\/media\/8031"}],"wp:attachment":[{"href":"https:\/\/sklep.thepartners.pl\/cs\/wp-json\/wp\/v2\/media?parent=8035"}],"wp:term":[{"taxonomy":"product_brand","embeddable":true,"href":"https:\/\/sklep.thepartners.pl\/cs\/wp-json\/wp\/v2\/product_brand?post=8035"},{"taxonomy":"product_cat","embeddable":true,"href":"https:\/\/sklep.thepartners.pl\/cs\/wp-json\/wp\/v2\/product_cat?post=8035"},{"taxonomy":"product_tag","embeddable":true,"href":"https:\/\/sklep.thepartners.pl\/cs\/wp-json\/wp\/v2\/product_tag?post=8035"}],"curies":[{"name":"wp","href":"https:\/\/api.w.org\/{rel}","templated":true}]}}