{"id":8045,"date":"2024-11-12T08:40:14","date_gmt":"2024-11-12T07:40:14","guid":{"rendered":"https:\/\/sklep.thepartners.pl\/?post_type=product&#038;p=8045"},"modified":"2024-11-12T08:56:58","modified_gmt":"2024-11-12T07:56:58","slug":"hmozdinka-8x40-mm-s-vrutem-50x50-mm-blistr-4-ks-kopia","status":"publish","type":"product","link":"https:\/\/sklep.thepartners.pl\/cs\/produkt\/hmozdinka-8x40-mm-s-vrutem-50x50-mm-blistr-4-ks-kopia\/","title":{"rendered":"Hmo\u017edinka 6&#215;30 mm s Stropn\u00edm H\u00e1\u010dkem &#8211; Blistr &#8211; 6 ks"},"content":{"rendered":"<div class=\"flex max-w-full flex-col flex-grow\">\n<div class=\"min-h-8 text-message flex w-full flex-col items-end gap-2 whitespace-normal break-words [.text-message+&amp;]:mt-5\" dir=\"auto\" data-message-author-role=\"assistant\" data-message-id=\"7cd05703-f01d-4beb-aaca-54c46d0630ec\" data-message-model-slug=\"gpt-4o\">\n<div class=\"flex w-full flex-col gap-1 empty:hidden first:pt-[3px]\">\n<div class=\"markdown prose w-full break-words dark:prose-invert light\">\n<div class=\"flex max-w-full flex-col flex-grow\">\n<div class=\"min-h-8 text-message flex w-full flex-col items-end gap-2 whitespace-normal break-words [.text-message+&amp;]:mt-5\" dir=\"auto\" data-message-author-role=\"assistant\" data-message-id=\"5bf5a221-97c5-4d46-a66b-16b490d5670e\" data-message-model-slug=\"gpt-4o\">\n<div class=\"flex w-full flex-col gap-1 empty:hidden first:pt-[3px]\">\n<div class=\"markdown prose w-full break-words dark:prose-invert light\">\n<p>Hmo\u017edinka FIX 6&#215;30 mm se stropn\u00edm h\u00e1\u010dkem je praktick\u00e9 \u0159e\u0161en\u00ed pro mont\u00e1\u017e na strop i na st\u011bnu. D\u00edky pevn\u00e9 konstrukci hmo\u017edinky a odoln\u00e9mu h\u00e1\u010dku se hod\u00ed pro upevn\u011bn\u00ed lehk\u00fdch a st\u0159edn\u011b t\u011b\u017ek\u00fdch p\u0159edm\u011bt\u016f, jako jsou lampy, dekorace, police nebo z\u00e1v\u011bsn\u00e9 kv\u011btin\u00e1\u010de.<\/p>\n<p><strong>Vlastnosti a V\u00fdhody:<\/strong><\/p>\n<ul>\n<li><strong>Rozm\u011bry Hmo\u017edinky<\/strong>: 6&#215;30 mm \u2013 zaji\u0161\u0165uje dostate\u010dnou stabilitu v r\u016fzn\u00fdch stavebn\u00edch materi\u00e1lech<\/li>\n<li><strong>Stropn\u00ed H\u00e1\u010dek<\/strong>: Odoln\u00fd a vhodn\u00fd pro upevn\u011bn\u00ed na strop<\/li>\n<li><strong>Materi\u00e1l<\/strong>: Pevn\u00fd plast a pozinkovan\u00fd h\u00e1\u010dek, odoln\u00fd proti korozi<\/li>\n<li><strong>Snadn\u00e1 Instalace<\/strong>: Jednoduch\u00e1 mont\u00e1\u017e bez pot\u0159eby speci\u00e1ln\u00edho n\u00e1\u0159ad\u00ed<\/li>\n<li><strong>Balen\u00ed<\/strong>: Blistr obsahuj\u00edc\u00ed 6 kus\u016f, ide\u00e1ln\u00ed pro dokon\u010dovac\u00ed a dekorativn\u00ed pr\u00e1ce<\/li>\n<\/ul>\n<p><strong>Pou\u017eit\u00ed:<\/strong> Hmo\u017edinky FIX se stropn\u00edm h\u00e1\u010dkem jsou ide\u00e1ln\u00ed pro mont\u00e1\u017e v betonu, cihle a jin\u00fdch pevn\u00fdch stavebn\u00edch materi\u00e1lech. Skv\u011ble se hod\u00ed pro zav\u011b\u0161en\u00ed p\u0159edm\u011bt\u016f na strop i na st\u011bnu uvnit\u0159 m\u00edstnost\u00ed, poskytuj\u00ed spolehliv\u00e9 a bezpe\u010dn\u00e9 upevn\u011bn\u00ed.<\/p>\n<\/div>\n<\/div>\n<\/div>\n<\/div>\n<\/div>\n<\/div>\n<\/div>\n<\/div>\n","protected":false},"excerpt":{"rendered":"<p>Hmo\u017edinka FIX 6&#215;30 mm se stropn\u00edm h\u00e1\u010dkem je praktick\u00e9 \u0159e\u0161en\u00ed pro mont\u00e1\u017e na strop i na st\u011bnu. D\u00edky pevn\u00e9 konstrukci<\/p>\n","protected":false},"featured_media":8047,"comment_status":"open","ping_status":"closed","template":"","meta":{"_acf_changed":false},"product_brand":[],"product_cat":[156,946,954,956],"product_tag":[],"class_list":{"0":"post-8045","1":"product","2":"type-product","3":"status-publish","4":"has-post-thumbnail","6":"product_cat-stavebni-materialy","7":"product_cat-sucha-vystavba","8":"product_cat-montazni-prislusenstvi","9":"product_cat-natloukaci-hmozdinky","10":"product_shipping_class-kurier-cs","11":"pa_producent-koelner-cs","13":"first","14":"instock","15":"taxable","16":"shipping-taxable","17":"purchasable","18":"product-type-simple"},"acf":[],"_links":{"self":[{"href":"https:\/\/sklep.thepartners.pl\/cs\/wp-json\/wp\/v2\/product\/8045","targetHints":{"allow":["GET"]}}],"collection":[{"href":"https:\/\/sklep.thepartners.pl\/cs\/wp-json\/wp\/v2\/product"}],"about":[{"href":"https:\/\/sklep.thepartners.pl\/cs\/wp-json\/wp\/v2\/types\/product"}],"replies":[{"embeddable":true,"href":"https:\/\/sklep.thepartners.pl\/cs\/wp-json\/wp\/v2\/comments?post=8045"}],"wp:featuredmedia":[{"embeddable":true,"href":"https:\/\/sklep.thepartners.pl\/cs\/wp-json\/wp\/v2\/media\/8047"}],"wp:attachment":[{"href":"https:\/\/sklep.thepartners.pl\/cs\/wp-json\/wp\/v2\/media?parent=8045"}],"wp:term":[{"taxonomy":"product_brand","embeddable":true,"href":"https:\/\/sklep.thepartners.pl\/cs\/wp-json\/wp\/v2\/product_brand?post=8045"},{"taxonomy":"product_cat","embeddable":true,"href":"https:\/\/sklep.thepartners.pl\/cs\/wp-json\/wp\/v2\/product_cat?post=8045"},{"taxonomy":"product_tag","embeddable":true,"href":"https:\/\/sklep.thepartners.pl\/cs\/wp-json\/wp\/v2\/product_tag?post=8045"}],"curies":[{"name":"wp","href":"https:\/\/api.w.org\/{rel}","templated":true}]}}