{"id":805,"date":"2024-04-25T02:26:34","date_gmt":"2024-04-25T00:26:34","guid":{"rendered":"https:\/\/www.partners.proadax-dev.pl\/?post_type=product&#038;p=805"},"modified":"2024-10-01T10:08:54","modified_gmt":"2024-10-01T08:08:54","slug":"struktura-cihlova-zed","status":"publish","type":"product","link":"https:\/\/sklep.thepartners.pl\/cs\/produkt\/struktura-cihlova-zed\/","title":{"rendered":"STRUKTURA cihlov\u00e1 ze\u010f"},"content":{"rendered":"<p><strong>Zdic\u00ed blok STRUCTUR<\/strong> &#8211; Ide\u00e1ln\u00ed volba pro va\u0161i zahradu<\/p>\n<p>Zdic\u00ed bloky STRUCTUR vynikaj\u00ed d\u00edky technologii \u0161t\u00edp\u00e1n\u00ed (l\u00e1m\u00e1n\u00ed), kter\u00e1 jim dod\u00e1v\u00e1 nepravideln\u00fd povrch p\u0159ipom\u00ednaj\u00edc\u00ed p\u0159\u00edrodn\u00ed k\u00e1men. Perfektn\u011b lad\u00ed s vegetac\u00ed i zahradn\u00ed architekturou, bez ohledu na styl.<\/p>\n<p><strong>Vzhled<\/strong>: \u0160t\u00edpan\u00fd povrch p\u0159ipom\u00ednaj\u00edc\u00ed p\u0159\u00edrodn\u00ed k\u00e1men, dv\u011b bo\u010dn\u00ed \u0161t\u00edpan\u00e9 plochy.<\/p>\n<p><strong>Technologie v\u00fdroby<\/strong>: Vibrolisovan\u00fd a \u0161t\u00edpan\u00fd beton.<\/p>\n<p><strong>Ur\u010den\u00ed<\/strong>: Ide\u00e1ln\u00ed pro z\u00e1hony, kv\u011btinov\u00e9 z\u00e1hony a stavbu zahradn\u00edch zd\u00ed.<\/p>\n<p>Pou\u017eit\u00ed zdic\u00edch blok\u016f STRUCTUR ve va\u0161\u00ed zahrad\u011b dod\u00e1 eleganci a p\u0159irozen\u00fd p\u016fvab. Zjist\u011bte, jak mohou obohatit prostor kolem v\u00e1s.<\/p>\n","protected":false},"excerpt":{"rendered":"<p><strong>Konstruk\u010dn\u00ed blokov\u00e9 zdivo<\/strong> je \u0161t\u00edpan\u00fd plotov\u00fd blok, kter\u00fd se pou\u017e\u00edv\u00e1 pro stavbu zd\u00ed a z\u00e1klad\u016f.<\/p>\n","protected":false},"featured_media":5806,"comment_status":"open","ping_status":"closed","template":"","meta":{"_acf_changed":false},"product_brand":[],"product_cat":[171,174],"product_tag":[],"class_list":{"0":"post-805","1":"product","2":"type-product","3":"status-publish","4":"has-post-thumbnail","6":"product_cat-ploty","7":"product_cat-plotove-sloupky-a-zdi","8":"product_shipping_class-transport-the-partners-cs","9":"pa_producent-bruk-cs","11":"first","12":"onbackorder","13":"taxable","14":"shipping-taxable","15":"purchasable","16":"product-type-variable"},"acf":[],"_links":{"self":[{"href":"https:\/\/sklep.thepartners.pl\/cs\/wp-json\/wp\/v2\/product\/805","targetHints":{"allow":["GET"]}}],"collection":[{"href":"https:\/\/sklep.thepartners.pl\/cs\/wp-json\/wp\/v2\/product"}],"about":[{"href":"https:\/\/sklep.thepartners.pl\/cs\/wp-json\/wp\/v2\/types\/product"}],"replies":[{"embeddable":true,"href":"https:\/\/sklep.thepartners.pl\/cs\/wp-json\/wp\/v2\/comments?post=805"}],"wp:featuredmedia":[{"embeddable":true,"href":"https:\/\/sklep.thepartners.pl\/cs\/wp-json\/wp\/v2\/media\/5806"}],"wp:attachment":[{"href":"https:\/\/sklep.thepartners.pl\/cs\/wp-json\/wp\/v2\/media?parent=805"}],"wp:term":[{"taxonomy":"product_brand","embeddable":true,"href":"https:\/\/sklep.thepartners.pl\/cs\/wp-json\/wp\/v2\/product_brand?post=805"},{"taxonomy":"product_cat","embeddable":true,"href":"https:\/\/sklep.thepartners.pl\/cs\/wp-json\/wp\/v2\/product_cat?post=805"},{"taxonomy":"product_tag","embeddable":true,"href":"https:\/\/sklep.thepartners.pl\/cs\/wp-json\/wp\/v2\/product_tag?post=805"}],"curies":[{"name":"wp","href":"https:\/\/api.w.org\/{rel}","templated":true}]}}