{"id":8074,"date":"2024-11-12T10:36:33","date_gmt":"2024-11-12T09:36:33","guid":{"rendered":"https:\/\/sklep.thepartners.pl\/?post_type=product&#038;p=8074"},"modified":"2024-11-12T10:56:49","modified_gmt":"2024-11-12T09:56:49","slug":"hmozdinka-6x30-mm-s-vrutem-35x30-mm-a-vrtakem-blistr-12-ks-kopia","status":"publish","type":"product","link":"https:\/\/sklep.thepartners.pl\/cs\/produkt\/hmozdinka-6x30-mm-s-vrutem-35x30-mm-a-vrtakem-blistr-12-ks-kopia\/","title":{"rendered":"Nar\u00e1\u017eec\u00ed Nylonov\u00e1 Hmo\u017edinka Rychl\u00e9 Mont\u00e1\u017ee s L\u00edmcem 8&#215;120 mm &#8211; Blistr &#8211; 6 ks"},"content":{"rendered":"<div class=\"flex max-w-full flex-col flex-grow\">\n<div class=\"min-h-8 text-message flex w-full flex-col items-end gap-2 whitespace-normal break-words [.text-message+&amp;]:mt-5\" dir=\"auto\" data-message-author-role=\"assistant\" data-message-id=\"7cd05703-f01d-4beb-aaca-54c46d0630ec\" data-message-model-slug=\"gpt-4o\">\n<div class=\"flex w-full flex-col gap-1 empty:hidden first:pt-[3px]\">\n<div class=\"markdown prose w-full break-words dark:prose-invert light\">\n<div class=\"flex max-w-full flex-col flex-grow\">\n<div class=\"min-h-8 text-message flex w-full flex-col items-end gap-2 whitespace-normal break-words [.text-message+&amp;]:mt-5\" dir=\"auto\" data-message-author-role=\"assistant\" data-message-id=\"5bf5a221-97c5-4d46-a66b-16b490d5670e\" data-message-model-slug=\"gpt-4o\">\n<div class=\"flex w-full flex-col gap-1 empty:hidden first:pt-[3px]\">\n<div class=\"markdown prose w-full break-words dark:prose-invert light\">\n<div class=\"flex max-w-full flex-col flex-grow\">\n<div class=\"min-h-8 text-message flex w-full flex-col items-end gap-2 whitespace-normal break-words [.text-message+&amp;]:mt-5\" dir=\"auto\" data-message-author-role=\"assistant\" data-message-id=\"85d389bd-e45c-439f-a53a-27843655b7a2\" data-message-model-slug=\"gpt-4o\">\n<div class=\"flex w-full flex-col gap-1 empty:hidden first:pt-[3px]\">\n<div class=\"markdown prose w-full break-words dark:prose-invert light\">\n<div class=\"flex max-w-full flex-col flex-grow\">\n<div class=\"min-h-8 text-message flex w-full flex-col items-end gap-2 whitespace-normal break-words [.text-message+&amp;]:mt-5\" dir=\"auto\" data-message-author-role=\"assistant\" data-message-id=\"645e73b3-c7f3-4192-b778-ff831a10633d\" data-message-model-slug=\"gpt-4o\">\n<div class=\"flex w-full flex-col gap-1 empty:hidden first:pt-[3px]\">\n<div class=\"markdown prose w-full break-words dark:prose-invert light\">\n<p>Nar\u00e1\u017eec\u00ed nylonov\u00e1 hmo\u017edinka FIX o velikosti 8&#215;120 mm s l\u00edmcem je ur\u010dena pro rychlou mont\u00e1\u017e ve vysoce n\u00e1ro\u010dn\u00fdch aplikac\u00edch. Kvalitn\u00ed nylon zaji\u0161\u0165uje dlouhou \u017eivotnost, zat\u00edmco l\u00edmec poskytuje stabiln\u00ed a pevn\u00e9 usazen\u00ed v podkladu. Hmo\u017edinka je ide\u00e1ln\u00ed pro upevn\u011bn\u00ed do tvrd\u00fdch materi\u00e1l\u016f, jako je beton nebo cihla.<\/p>\n<p><strong>Vlastnosti a V\u00fdhody:<\/strong><\/p>\n<ul>\n<li><strong>Velikost Hmo\u017edinky<\/strong>: 8&#215;120 mm \u2013 ide\u00e1ln\u00ed pro hlubokou mont\u00e1\u017e a vy\u0161\u0161\u00ed zat\u00ed\u017een\u00ed.<\/li>\n<li><strong>L\u00edmec<\/strong>: Umo\u017e\u0148uje spr\u00e1vn\u00e9 usazen\u00ed a zvy\u0161uje stabilitu mont\u00e1\u017ee.<\/li>\n<li><strong>Materi\u00e1l<\/strong>: Vysoce kvalitn\u00ed nylon, odoln\u00fd v\u016f\u010di po\u0161kozen\u00ed a dlouhodob\u00e9mu zat\u00ed\u017een\u00ed.<\/li>\n<li><strong>Rychl\u00e1 Mont\u00e1\u017e<\/strong>: Nar\u00e1\u017eec\u00ed mechanismus urychluje pr\u00e1ci.<\/li>\n<li><strong>Po\u010det<\/strong>: Blistr obsahuje 6 ks \u2013 praktick\u00fd set pro \u0161irokou \u0161k\u00e1lu mont\u00e1\u017en\u00edch prac\u00ed.<\/li>\n<\/ul>\n<p><strong>Pou\u017eit\u00ed:<\/strong> Hmo\u017edinka FIX s l\u00edmcem o d\u00e9lce 120 mm je vhodn\u00e1 pro mont\u00e1\u017e reg\u00e1l\u016f, polic, dr\u017e\u00e1k\u016f a dal\u0161\u00edch prvk\u016f, kde je vy\u017eadov\u00e1no hlub\u0161\u00ed usazen\u00ed a stabilita. Je vhodn\u00e1 pro vnit\u0159n\u00ed i venkovn\u00ed pou\u017eit\u00ed.<\/p>\n<\/div>\n<\/div>\n<\/div>\n<\/div>\n<\/div>\n<\/div>\n<\/div>\n<\/div>\n<\/div>\n<\/div>\n<\/div>\n<\/div>\n<\/div>\n<\/div>\n<\/div>\n<\/div>\n","protected":false},"excerpt":{"rendered":"<p>Nar\u00e1\u017eec\u00ed nylonov\u00e1 hmo\u017edinka FIX o velikosti 8&#215;120 mm s l\u00edmcem je ur\u010dena pro rychlou mont\u00e1\u017e ve vysoce n\u00e1ro\u010dn\u00fdch aplikac\u00edch. Kvalitn\u00ed<\/p>\n","protected":false},"featured_media":8076,"comment_status":"open","ping_status":"closed","template":"","meta":{"_acf_changed":false},"product_brand":[],"product_cat":[156,946,954,956],"product_tag":[],"class_list":{"0":"post-8074","1":"product","2":"type-product","3":"status-publish","4":"has-post-thumbnail","6":"product_cat-stavebni-materialy","7":"product_cat-sucha-vystavba","8":"product_cat-montazni-prislusenstvi","9":"product_cat-natloukaci-hmozdinky","10":"product_shipping_class-kurier-cs","11":"pa_producent-koelner-cs","13":"first","14":"instock","15":"taxable","16":"shipping-taxable","17":"purchasable","18":"product-type-simple"},"acf":[],"_links":{"self":[{"href":"https:\/\/sklep.thepartners.pl\/cs\/wp-json\/wp\/v2\/product\/8074","targetHints":{"allow":["GET"]}}],"collection":[{"href":"https:\/\/sklep.thepartners.pl\/cs\/wp-json\/wp\/v2\/product"}],"about":[{"href":"https:\/\/sklep.thepartners.pl\/cs\/wp-json\/wp\/v2\/types\/product"}],"replies":[{"embeddable":true,"href":"https:\/\/sklep.thepartners.pl\/cs\/wp-json\/wp\/v2\/comments?post=8074"}],"wp:featuredmedia":[{"embeddable":true,"href":"https:\/\/sklep.thepartners.pl\/cs\/wp-json\/wp\/v2\/media\/8076"}],"wp:attachment":[{"href":"https:\/\/sklep.thepartners.pl\/cs\/wp-json\/wp\/v2\/media?parent=8074"}],"wp:term":[{"taxonomy":"product_brand","embeddable":true,"href":"https:\/\/sklep.thepartners.pl\/cs\/wp-json\/wp\/v2\/product_brand?post=8074"},{"taxonomy":"product_cat","embeddable":true,"href":"https:\/\/sklep.thepartners.pl\/cs\/wp-json\/wp\/v2\/product_cat?post=8074"},{"taxonomy":"product_tag","embeddable":true,"href":"https:\/\/sklep.thepartners.pl\/cs\/wp-json\/wp\/v2\/product_tag?post=8074"}],"curies":[{"name":"wp","href":"https:\/\/api.w.org\/{rel}","templated":true}]}}