{"id":8086,"date":"2024-11-12T11:01:37","date_gmt":"2024-11-12T10:01:37","guid":{"rendered":"https:\/\/sklep.thepartners.pl\/?post_type=product&#038;p=8086"},"modified":"2024-11-12T11:04:22","modified_gmt":"2024-11-12T10:04:22","slug":"narazeci-nylonova-hmozdinka-rychle-montaze-s-limcem-8x120-mm-blistr-6-ks-kopia","status":"publish","type":"product","link":"https:\/\/sklep.thepartners.pl\/cs\/produkt\/narazeci-nylonova-hmozdinka-rychle-montaze-s-limcem-8x120-mm-blistr-6-ks-kopia\/","title":{"rendered":"Nar\u00e1\u017eec\u00ed Nylonov\u00e1 Hmo\u017edinka Rychl\u00e9 Mont\u00e1\u017ee s L\u00edmcem 8&#215;100 mm &#8211; Blistr &#8211; 8 ks"},"content":{"rendered":"<div class=\"flex max-w-full flex-col flex-grow\">\n<div class=\"min-h-8 text-message flex w-full flex-col items-end gap-2 whitespace-normal break-words [.text-message+&amp;]:mt-5\" dir=\"auto\" data-message-author-role=\"assistant\" data-message-id=\"7cd05703-f01d-4beb-aaca-54c46d0630ec\" data-message-model-slug=\"gpt-4o\">\n<div class=\"flex w-full flex-col gap-1 empty:hidden first:pt-[3px]\">\n<div class=\"markdown prose w-full break-words dark:prose-invert light\">\n<div class=\"flex max-w-full flex-col flex-grow\">\n<div class=\"min-h-8 text-message flex w-full flex-col items-end gap-2 whitespace-normal break-words [.text-message+&amp;]:mt-5\" dir=\"auto\" data-message-author-role=\"assistant\" data-message-id=\"5bf5a221-97c5-4d46-a66b-16b490d5670e\" data-message-model-slug=\"gpt-4o\">\n<div class=\"flex w-full flex-col gap-1 empty:hidden first:pt-[3px]\">\n<div class=\"markdown prose w-full break-words dark:prose-invert light\">\n<div class=\"flex max-w-full flex-col flex-grow\">\n<div class=\"min-h-8 text-message flex w-full flex-col items-end gap-2 whitespace-normal break-words [.text-message+&amp;]:mt-5\" dir=\"auto\" data-message-author-role=\"assistant\" data-message-id=\"85d389bd-e45c-439f-a53a-27843655b7a2\" data-message-model-slug=\"gpt-4o\">\n<div class=\"flex w-full flex-col gap-1 empty:hidden first:pt-[3px]\">\n<div class=\"markdown prose w-full break-words dark:prose-invert light\">\n<div class=\"flex max-w-full flex-col flex-grow\">\n<div class=\"min-h-8 text-message flex w-full flex-col items-end gap-2 whitespace-normal break-words [.text-message+&amp;]:mt-5\" dir=\"auto\" data-message-author-role=\"assistant\" data-message-id=\"645e73b3-c7f3-4192-b778-ff831a10633d\" data-message-model-slug=\"gpt-4o\">\n<div class=\"flex w-full flex-col gap-1 empty:hidden first:pt-[3px]\">\n<div class=\"markdown prose w-full break-words dark:prose-invert light\">\n<p>Nar\u00e1\u017eec\u00ed nylonov\u00e1 hmo\u017edinka FIX 8&#215;100 mm s l\u00edmcem je navr\u017eena pro rychlou mont\u00e1\u017e do pevn\u00fdch materi\u00e1l\u016f, jako je beton, cihla nebo k\u00e1men. Konstrukce z kvalitn\u00edho nylonu zaji\u0161\u0165uje odolnost proti deformac\u00edm a dob\u0159e sn\u00e1\u0161\u00ed zat\u00ed\u017een\u00ed. Speci\u00e1ln\u00ed l\u00edmec umo\u017e\u0148uje stabiln\u00ed a pevn\u00e9 usazen\u00ed hmo\u017edinky.<\/p>\n<p><strong>Vlastnosti a V\u00fdhody:<\/strong><\/p>\n<ul>\n<li><strong>Velikost Hmo\u017edinky<\/strong>: 8&#215;100 mm \u2013 vhodn\u00e1 pro upevn\u011bn\u00ed st\u0159edn\u011b t\u011b\u017ek\u00fdch prvk\u016f.<\/li>\n<li><strong>L\u00edmec<\/strong>: Zvy\u0161uje stabilitu usazen\u00ed a zabra\u0148uje uvoln\u011bn\u00ed hmo\u017edinky.<\/li>\n<li><strong>Materi\u00e1l<\/strong>: Vysoce odoln\u00fd nylon, vhodn\u00fd pro vnit\u0159n\u00ed i venkovn\u00ed pou\u017eit\u00ed.<\/li>\n<li><strong>Rychl\u00e1 Mont\u00e1\u017e<\/strong>: Nar\u00e1\u017eec\u00ed syst\u00e9m zrychluje mont\u00e1\u017e.<\/li>\n<li><strong>Po\u010det<\/strong>: 8 ks v blistru \u2013 praktick\u00e1 sada pro r\u016fzn\u00e9 mont\u00e1\u017en\u00ed pr\u00e1ce.<\/li>\n<\/ul>\n<p><strong>Pou\u017eit\u00ed:<\/strong> Ide\u00e1ln\u00ed pro mont\u00e1\u017e prvk\u016f, jako jsou li\u0161ty, police, dr\u017e\u00e1ky a dal\u0161\u00ed vybaven\u00ed, kter\u00e9 vy\u017eaduje pevn\u00e9 upevn\u011bn\u00ed. Hmo\u017edinka je vhodn\u00e1 pro pou\u017eit\u00ed v interi\u00e9ru i exteri\u00e9ru.<\/p>\n<\/div>\n<\/div>\n<\/div>\n<\/div>\n<\/div>\n<\/div>\n<\/div>\n<\/div>\n<\/div>\n<\/div>\n<\/div>\n<\/div>\n<\/div>\n<\/div>\n<\/div>\n<\/div>\n","protected":false},"excerpt":{"rendered":"<p>Nar\u00e1\u017eec\u00ed nylonov\u00e1 hmo\u017edinka FIX 8&#215;100 mm s l\u00edmcem je navr\u017eena pro rychlou mont\u00e1\u017e do pevn\u00fdch materi\u00e1l\u016f, jako je beton, cihla<\/p>\n","protected":false},"featured_media":8076,"comment_status":"open","ping_status":"closed","template":"","meta":{"_acf_changed":false},"product_brand":[],"product_cat":[156,946,954,956],"product_tag":[],"class_list":{"0":"post-8086","1":"product","2":"type-product","3":"status-publish","4":"has-post-thumbnail","6":"product_cat-stavebni-materialy","7":"product_cat-sucha-vystavba","8":"product_cat-montazni-prislusenstvi","9":"product_cat-natloukaci-hmozdinky","10":"product_shipping_class-kurier-cs","11":"pa_producent-koelner-cs","13":"first","14":"instock","15":"taxable","16":"shipping-taxable","17":"purchasable","18":"product-type-simple"},"acf":[],"_links":{"self":[{"href":"https:\/\/sklep.thepartners.pl\/cs\/wp-json\/wp\/v2\/product\/8086","targetHints":{"allow":["GET"]}}],"collection":[{"href":"https:\/\/sklep.thepartners.pl\/cs\/wp-json\/wp\/v2\/product"}],"about":[{"href":"https:\/\/sklep.thepartners.pl\/cs\/wp-json\/wp\/v2\/types\/product"}],"replies":[{"embeddable":true,"href":"https:\/\/sklep.thepartners.pl\/cs\/wp-json\/wp\/v2\/comments?post=8086"}],"wp:featuredmedia":[{"embeddable":true,"href":"https:\/\/sklep.thepartners.pl\/cs\/wp-json\/wp\/v2\/media\/8076"}],"wp:attachment":[{"href":"https:\/\/sklep.thepartners.pl\/cs\/wp-json\/wp\/v2\/media?parent=8086"}],"wp:term":[{"taxonomy":"product_brand","embeddable":true,"href":"https:\/\/sklep.thepartners.pl\/cs\/wp-json\/wp\/v2\/product_brand?post=8086"},{"taxonomy":"product_cat","embeddable":true,"href":"https:\/\/sklep.thepartners.pl\/cs\/wp-json\/wp\/v2\/product_cat?post=8086"},{"taxonomy":"product_tag","embeddable":true,"href":"https:\/\/sklep.thepartners.pl\/cs\/wp-json\/wp\/v2\/product_tag?post=8086"}],"curies":[{"name":"wp","href":"https:\/\/api.w.org\/{rel}","templated":true}]}}