{"id":8092,"date":"2024-11-12T11:09:47","date_gmt":"2024-11-12T10:09:47","guid":{"rendered":"https:\/\/sklep.thepartners.pl\/?post_type=product&#038;p=8092"},"modified":"2024-11-12T11:13:15","modified_gmt":"2024-11-12T10:13:15","slug":"narazeci-nylonova-hmozdinka-rychle-montaze-s-limcem-8x100-mm-blistr-8-ks-kopia","status":"publish","type":"product","link":"https:\/\/sklep.thepartners.pl\/cs\/produkt\/narazeci-nylonova-hmozdinka-rychle-montaze-s-limcem-8x100-mm-blistr-8-ks-kopia\/","title":{"rendered":"Nar\u00e1\u017eec\u00ed Nylonov\u00e1 Hmo\u017edinka Rychl\u00e9 Mont\u00e1\u017ee s L\u00edmcem 8&#215;80 mm &#8211; Blistr &#8211; 10 ks"},"content":{"rendered":"<div class=\"flex max-w-full flex-col flex-grow\">\n<div class=\"min-h-8 text-message flex w-full flex-col items-end gap-2 whitespace-normal break-words [.text-message+&amp;]:mt-5\" dir=\"auto\" data-message-author-role=\"assistant\" data-message-id=\"7cd05703-f01d-4beb-aaca-54c46d0630ec\" data-message-model-slug=\"gpt-4o\">\n<div class=\"flex w-full flex-col gap-1 empty:hidden first:pt-[3px]\">\n<div class=\"markdown prose w-full break-words dark:prose-invert light\">\n<div class=\"flex max-w-full flex-col flex-grow\">\n<div class=\"min-h-8 text-message flex w-full flex-col items-end gap-2 whitespace-normal break-words [.text-message+&amp;]:mt-5\" dir=\"auto\" data-message-author-role=\"assistant\" data-message-id=\"5bf5a221-97c5-4d46-a66b-16b490d5670e\" data-message-model-slug=\"gpt-4o\">\n<div class=\"flex w-full flex-col gap-1 empty:hidden first:pt-[3px]\">\n<div class=\"markdown prose w-full break-words dark:prose-invert light\">\n<div class=\"flex max-w-full flex-col flex-grow\">\n<div class=\"min-h-8 text-message flex w-full flex-col items-end gap-2 whitespace-normal break-words [.text-message+&amp;]:mt-5\" dir=\"auto\" data-message-author-role=\"assistant\" data-message-id=\"85d389bd-e45c-439f-a53a-27843655b7a2\" data-message-model-slug=\"gpt-4o\">\n<div class=\"flex w-full flex-col gap-1 empty:hidden first:pt-[3px]\">\n<div class=\"markdown prose w-full break-words dark:prose-invert light\">\n<div class=\"flex max-w-full flex-col flex-grow\">\n<div class=\"min-h-8 text-message flex w-full flex-col items-end gap-2 whitespace-normal break-words [.text-message+&amp;]:mt-5\" dir=\"auto\" data-message-author-role=\"assistant\" data-message-id=\"645e73b3-c7f3-4192-b778-ff831a10633d\" data-message-model-slug=\"gpt-4o\">\n<div class=\"flex w-full flex-col gap-1 empty:hidden first:pt-[3px]\">\n<div class=\"markdown prose w-full break-words dark:prose-invert light\">\n<div class=\"flex max-w-full flex-col flex-grow\">\n<div class=\"min-h-8 text-message flex w-full flex-col items-end gap-2 whitespace-normal break-words [.text-message+&amp;]:mt-5\" dir=\"auto\" data-message-author-role=\"assistant\" data-message-id=\"44dc1df1-18fd-4e3e-b7ae-55900924e733\" data-message-model-slug=\"gpt-4o\">\n<div class=\"flex w-full flex-col gap-1 empty:hidden first:pt-[3px]\">\n<div class=\"markdown prose w-full break-words dark:prose-invert light\">\n<p>Nar\u00e1\u017eec\u00ed nylonov\u00e1 hmo\u017edinka FIX 8&#215;80 mm s l\u00edmcem je ur\u010den\u00e1 pro rychlou mont\u00e1\u017e do pevn\u00fdch stavebn\u00edch materi\u00e1l\u016f, jako je beton, cihla \u010di k\u00e1men. D\u00edky nar\u00e1\u017eec\u00edmu syst\u00e9mu a speci\u00e1ln\u00edmu l\u00edmci poskytuje stabiln\u00ed a rychl\u00e9 upevn\u011bn\u00ed.<\/p>\n<p><strong>Vlastnosti a V\u00fdhody:<\/strong><\/p>\n<ul>\n<li><strong>Velikost Hmo\u017edinky<\/strong>: 8&#215;80 mm \u2013 ide\u00e1ln\u00ed pro upevn\u011bn\u00ed st\u0159edn\u00edch z\u00e1t\u011b\u017e\u00ed.<\/li>\n<li><strong>L\u00edmec<\/strong>: Pom\u00e1h\u00e1 k pevn\u00e9 fixaci, zabra\u0148uje vyklouznut\u00ed hmo\u017edinky.<\/li>\n<li><strong>Materi\u00e1l<\/strong>: Kvalitn\u00ed nylon, odoln\u00fd a trvanliv\u00fd.<\/li>\n<li><strong>Rychl\u00e1 Mont\u00e1\u017e<\/strong>: Nar\u00e1\u017eec\u00ed syst\u00e9m bez nutnosti \u0161roubov\u00e1n\u00ed.<\/li>\n<li><strong>Po\u010det<\/strong>: 10 ks v blistru \u2013 praktick\u00e1 sada pro v\u011bt\u0161\u00ed projekty.<\/li>\n<\/ul>\n<p><strong>Pou\u017eit\u00ed:<\/strong> Vhodn\u00e1 pro upevn\u011bn\u00ed polic, dr\u017e\u00e1k\u016f, li\u0161t a dal\u0161\u00edch prvk\u016f vy\u017eaduj\u00edc\u00edch pevn\u00e9 spojen\u00ed. Hmo\u017edinka je ide\u00e1ln\u00ed pro vnit\u0159n\u00ed i venkovn\u00ed mont\u00e1\u017ee.<\/p>\n<\/div>\n<\/div>\n<\/div>\n<\/div>\n<\/div>\n<\/div>\n<\/div>\n<\/div>\n<\/div>\n<\/div>\n<\/div>\n<\/div>\n<\/div>\n<\/div>\n<\/div>\n<\/div>\n<\/div>\n<\/div>\n<\/div>\n<\/div>\n","protected":false},"excerpt":{"rendered":"<p>Nar\u00e1\u017eec\u00ed nylonov\u00e1 hmo\u017edinka FIX 8&#215;80 mm s l\u00edmcem je ur\u010den\u00e1 pro rychlou mont\u00e1\u017e do pevn\u00fdch stavebn\u00edch materi\u00e1l\u016f, jako je beton,<\/p>\n","protected":false},"featured_media":8076,"comment_status":"open","ping_status":"closed","template":"","meta":{"_acf_changed":false},"product_brand":[],"product_cat":[156,946,954,956],"product_tag":[],"class_list":{"0":"post-8092","1":"product","2":"type-product","3":"status-publish","4":"has-post-thumbnail","6":"product_cat-stavebni-materialy","7":"product_cat-sucha-vystavba","8":"product_cat-montazni-prislusenstvi","9":"product_cat-natloukaci-hmozdinky","10":"product_shipping_class-kurier-cs","11":"pa_producent-koelner-cs","13":"first","14":"instock","15":"taxable","16":"shipping-taxable","17":"purchasable","18":"product-type-simple"},"acf":[],"_links":{"self":[{"href":"https:\/\/sklep.thepartners.pl\/cs\/wp-json\/wp\/v2\/product\/8092","targetHints":{"allow":["GET"]}}],"collection":[{"href":"https:\/\/sklep.thepartners.pl\/cs\/wp-json\/wp\/v2\/product"}],"about":[{"href":"https:\/\/sklep.thepartners.pl\/cs\/wp-json\/wp\/v2\/types\/product"}],"replies":[{"embeddable":true,"href":"https:\/\/sklep.thepartners.pl\/cs\/wp-json\/wp\/v2\/comments?post=8092"}],"wp:featuredmedia":[{"embeddable":true,"href":"https:\/\/sklep.thepartners.pl\/cs\/wp-json\/wp\/v2\/media\/8076"}],"wp:attachment":[{"href":"https:\/\/sklep.thepartners.pl\/cs\/wp-json\/wp\/v2\/media?parent=8092"}],"wp:term":[{"taxonomy":"product_brand","embeddable":true,"href":"https:\/\/sklep.thepartners.pl\/cs\/wp-json\/wp\/v2\/product_brand?post=8092"},{"taxonomy":"product_cat","embeddable":true,"href":"https:\/\/sklep.thepartners.pl\/cs\/wp-json\/wp\/v2\/product_cat?post=8092"},{"taxonomy":"product_tag","embeddable":true,"href":"https:\/\/sklep.thepartners.pl\/cs\/wp-json\/wp\/v2\/product_tag?post=8092"}],"curies":[{"name":"wp","href":"https:\/\/api.w.org\/{rel}","templated":true}]}}