{"id":8094,"date":"2024-11-12T11:15:03","date_gmt":"2024-11-12T10:15:03","guid":{"rendered":"https:\/\/sklep.thepartners.pl\/?post_type=product&#038;p=8094"},"modified":"2024-11-12T11:18:51","modified_gmt":"2024-11-12T10:18:51","slug":"narazeci-nylonova-hmozdinka-rychle-montaze-s-limcem-8x80-mm-blistr-10-ks-kopia","status":"publish","type":"product","link":"https:\/\/sklep.thepartners.pl\/cs\/produkt\/narazeci-nylonova-hmozdinka-rychle-montaze-s-limcem-8x80-mm-blistr-10-ks-kopia\/","title":{"rendered":"Nar\u00e1\u017eec\u00ed Hmo\u017edinka Rychl\u00e9 Mont\u00e1\u017ee s L\u00edmcem 6&#215;40 mm &#8211; Blistr &#8211; 18 ks"},"content":{"rendered":"<div class=\"flex max-w-full flex-col flex-grow\">\n<div class=\"min-h-8 text-message flex w-full flex-col items-end gap-2 whitespace-normal break-words [.text-message+&amp;]:mt-5\" dir=\"auto\" data-message-author-role=\"assistant\" data-message-id=\"7cd05703-f01d-4beb-aaca-54c46d0630ec\" data-message-model-slug=\"gpt-4o\">\n<div class=\"flex w-full flex-col gap-1 empty:hidden first:pt-[3px]\">\n<div class=\"markdown prose w-full break-words dark:prose-invert light\">\n<div class=\"flex max-w-full flex-col flex-grow\">\n<div class=\"min-h-8 text-message flex w-full flex-col items-end gap-2 whitespace-normal break-words [.text-message+&amp;]:mt-5\" dir=\"auto\" data-message-author-role=\"assistant\" data-message-id=\"5bf5a221-97c5-4d46-a66b-16b490d5670e\" data-message-model-slug=\"gpt-4o\">\n<div class=\"flex w-full flex-col gap-1 empty:hidden first:pt-[3px]\">\n<div class=\"markdown prose w-full break-words dark:prose-invert light\">\n<div class=\"flex max-w-full flex-col flex-grow\">\n<div class=\"min-h-8 text-message flex w-full flex-col items-end gap-2 whitespace-normal break-words [.text-message+&amp;]:mt-5\" dir=\"auto\" data-message-author-role=\"assistant\" data-message-id=\"85d389bd-e45c-439f-a53a-27843655b7a2\" data-message-model-slug=\"gpt-4o\">\n<div class=\"flex w-full flex-col gap-1 empty:hidden first:pt-[3px]\">\n<div class=\"markdown prose w-full break-words dark:prose-invert light\">\n<div class=\"flex max-w-full flex-col flex-grow\">\n<div class=\"min-h-8 text-message flex w-full flex-col items-end gap-2 whitespace-normal break-words [.text-message+&amp;]:mt-5\" dir=\"auto\" data-message-author-role=\"assistant\" data-message-id=\"645e73b3-c7f3-4192-b778-ff831a10633d\" data-message-model-slug=\"gpt-4o\">\n<div class=\"flex w-full flex-col gap-1 empty:hidden first:pt-[3px]\">\n<div class=\"markdown prose w-full break-words dark:prose-invert light\">\n<div class=\"flex max-w-full flex-col flex-grow\">\n<div class=\"min-h-8 text-message flex w-full flex-col items-end gap-2 whitespace-normal break-words [.text-message+&amp;]:mt-5\" dir=\"auto\" data-message-author-role=\"assistant\" data-message-id=\"44dc1df1-18fd-4e3e-b7ae-55900924e733\" data-message-model-slug=\"gpt-4o\">\n<div class=\"flex w-full flex-col gap-1 empty:hidden first:pt-[3px]\">\n<div class=\"markdown prose w-full break-words dark:prose-invert light\">\n<p>Nar\u00e1\u017eec\u00ed hmo\u017edinka FIX 6&#215;40 mm s l\u00edmcem je robustn\u00ed upev\u0148ovac\u00ed prvek navr\u017een\u00fd pro rychlou mont\u00e1\u017e bez pot\u0159eby \u0161roubov\u00e1n\u00ed. Vysoce kvalitn\u00ed nylon zaji\u0161\u0165uje dlouhou \u017eivotnost a odolnost v\u016f\u010di zat\u00ed\u017een\u00ed, zat\u00edmco l\u00edmec stabilizuje hmo\u017edinku v otvoru a zabra\u0148uje jej\u00edmu pohybu.<\/p>\n<p><strong>Vlastnosti a V\u00fdhody:<\/strong><\/p>\n<ul>\n<li><strong>Velikost Hmo\u017edinky<\/strong>: 6&#215;40 mm \u2013 vhodn\u00e1 pro upevn\u011bn\u00ed lehk\u00fdch a st\u0159edn\u00edch prvk\u016f.<\/li>\n<li><strong>L\u00edmec<\/strong>: Zaji\u0161\u0165uje stabiln\u00ed fixaci a zabra\u0148uje posun\u016fm.<\/li>\n<li><strong>Materi\u00e1l<\/strong>: Odoln\u00fd nylon, kter\u00fd je vysoce rezistentn\u00ed v\u016f\u010di po\u0161kozen\u00ed.<\/li>\n<li><strong>Rychl\u00e1 Mont\u00e1\u017e<\/strong>: Efektivn\u00ed nar\u00e1\u017eec\u00ed syst\u00e9m \u0161et\u0159\u00edc\u00ed \u010das.<\/li>\n<li><strong>Po\u010det<\/strong>: 18 ks v blistru \u2013 ide\u00e1ln\u00ed sada pro rozs\u00e1hlej\u0161\u00ed mont\u00e1\u017en\u00ed pr\u00e1ce.<\/li>\n<\/ul>\n<p><strong>Pou\u017eit\u00ed:<\/strong> Vhodn\u00e1 pro upevn\u011bn\u00ed lehk\u00fdch konstrukc\u00ed, jako jsou li\u0161ty, profily, lehk\u00e9 police a dal\u0161\u00ed prvky v pevn\u00fdch materi\u00e1lech, jako je beton \u010di cihla. Ur\u010deno pro vnit\u0159n\u00ed pou\u017eit\u00ed.<\/p>\n<\/div>\n<\/div>\n<\/div>\n<\/div>\n<\/div>\n<\/div>\n<\/div>\n<\/div>\n<\/div>\n<\/div>\n<\/div>\n<\/div>\n<\/div>\n<\/div>\n<\/div>\n<\/div>\n<\/div>\n<\/div>\n<\/div>\n<\/div>\n","protected":false},"excerpt":{"rendered":"<p>Nar\u00e1\u017eec\u00ed hmo\u017edinka FIX 6&#215;40 mm s l\u00edmcem je robustn\u00ed upev\u0148ovac\u00ed prvek navr\u017een\u00fd pro rychlou mont\u00e1\u017e bez pot\u0159eby \u0161roubov\u00e1n\u00ed. Vysoce kvalitn\u00ed<\/p>\n","protected":false},"featured_media":8076,"comment_status":"open","ping_status":"closed","template":"","meta":{"_acf_changed":false},"product_brand":[],"product_cat":[156,946,954,956],"product_tag":[],"class_list":{"0":"post-8094","1":"product","2":"type-product","3":"status-publish","4":"has-post-thumbnail","6":"product_cat-stavebni-materialy","7":"product_cat-sucha-vystavba","8":"product_cat-montazni-prislusenstvi","9":"product_cat-natloukaci-hmozdinky","10":"product_shipping_class-kurier-cs","11":"pa_producent-koelner-cs","13":"first","14":"instock","15":"taxable","16":"shipping-taxable","17":"purchasable","18":"product-type-simple"},"acf":[],"_links":{"self":[{"href":"https:\/\/sklep.thepartners.pl\/cs\/wp-json\/wp\/v2\/product\/8094","targetHints":{"allow":["GET"]}}],"collection":[{"href":"https:\/\/sklep.thepartners.pl\/cs\/wp-json\/wp\/v2\/product"}],"about":[{"href":"https:\/\/sklep.thepartners.pl\/cs\/wp-json\/wp\/v2\/types\/product"}],"replies":[{"embeddable":true,"href":"https:\/\/sklep.thepartners.pl\/cs\/wp-json\/wp\/v2\/comments?post=8094"}],"wp:featuredmedia":[{"embeddable":true,"href":"https:\/\/sklep.thepartners.pl\/cs\/wp-json\/wp\/v2\/media\/8076"}],"wp:attachment":[{"href":"https:\/\/sklep.thepartners.pl\/cs\/wp-json\/wp\/v2\/media?parent=8094"}],"wp:term":[{"taxonomy":"product_brand","embeddable":true,"href":"https:\/\/sklep.thepartners.pl\/cs\/wp-json\/wp\/v2\/product_brand?post=8094"},{"taxonomy":"product_cat","embeddable":true,"href":"https:\/\/sklep.thepartners.pl\/cs\/wp-json\/wp\/v2\/product_cat?post=8094"},{"taxonomy":"product_tag","embeddable":true,"href":"https:\/\/sklep.thepartners.pl\/cs\/wp-json\/wp\/v2\/product_tag?post=8094"}],"curies":[{"name":"wp","href":"https:\/\/api.w.org\/{rel}","templated":true}]}}