{"id":8096,"date":"2024-11-12T11:21:28","date_gmt":"2024-11-12T10:21:28","guid":{"rendered":"https:\/\/sklep.thepartners.pl\/?post_type=product&#038;p=8096"},"modified":"2024-11-12T11:27:03","modified_gmt":"2024-11-12T10:27:03","slug":"narazeci-hmozdinka-rychle-montaze-s-limcem-6x40-mm-blistr-18-ks-kopia","status":"publish","type":"product","link":"https:\/\/sklep.thepartners.pl\/cs\/produkt\/narazeci-hmozdinka-rychle-montaze-s-limcem-6x40-mm-blistr-18-ks-kopia\/","title":{"rendered":"Nar\u00e1\u017eec\u00ed Hmo\u017edinka Rychl\u00e9 Mont\u00e1\u017ee s L\u00edmcem 6&#215;60 mm &#8211; Blistr &#8211; 16 ks"},"content":{"rendered":"<div class=\"flex max-w-full flex-col flex-grow\">\n<div class=\"min-h-8 text-message flex w-full flex-col items-end gap-2 whitespace-normal break-words [.text-message+&amp;]:mt-5\" dir=\"auto\" data-message-author-role=\"assistant\" data-message-id=\"7cd05703-f01d-4beb-aaca-54c46d0630ec\" data-message-model-slug=\"gpt-4o\">\n<div class=\"flex w-full flex-col gap-1 empty:hidden first:pt-[3px]\">\n<div class=\"markdown prose w-full break-words dark:prose-invert light\">\n<div class=\"flex max-w-full flex-col flex-grow\">\n<div class=\"min-h-8 text-message flex w-full flex-col items-end gap-2 whitespace-normal break-words [.text-message+&amp;]:mt-5\" dir=\"auto\" data-message-author-role=\"assistant\" data-message-id=\"5bf5a221-97c5-4d46-a66b-16b490d5670e\" data-message-model-slug=\"gpt-4o\">\n<div class=\"flex w-full flex-col gap-1 empty:hidden first:pt-[3px]\">\n<div class=\"markdown prose w-full break-words dark:prose-invert light\">\n<div class=\"flex max-w-full flex-col flex-grow\">\n<div class=\"min-h-8 text-message flex w-full flex-col items-end gap-2 whitespace-normal break-words [.text-message+&amp;]:mt-5\" dir=\"auto\" data-message-author-role=\"assistant\" data-message-id=\"85d389bd-e45c-439f-a53a-27843655b7a2\" data-message-model-slug=\"gpt-4o\">\n<div class=\"flex w-full flex-col gap-1 empty:hidden first:pt-[3px]\">\n<div class=\"markdown prose w-full break-words dark:prose-invert light\">\n<div class=\"flex max-w-full flex-col flex-grow\">\n<div class=\"min-h-8 text-message flex w-full flex-col items-end gap-2 whitespace-normal break-words [.text-message+&amp;]:mt-5\" dir=\"auto\" data-message-author-role=\"assistant\" data-message-id=\"645e73b3-c7f3-4192-b778-ff831a10633d\" data-message-model-slug=\"gpt-4o\">\n<div class=\"flex w-full flex-col gap-1 empty:hidden first:pt-[3px]\">\n<div class=\"markdown prose w-full break-words dark:prose-invert light\">\n<div class=\"flex max-w-full flex-col flex-grow\">\n<div class=\"min-h-8 text-message flex w-full flex-col items-end gap-2 whitespace-normal break-words [.text-message+&amp;]:mt-5\" dir=\"auto\" data-message-author-role=\"assistant\" data-message-id=\"44dc1df1-18fd-4e3e-b7ae-55900924e733\" data-message-model-slug=\"gpt-4o\">\n<div class=\"flex w-full flex-col gap-1 empty:hidden first:pt-[3px]\">\n<div class=\"markdown prose w-full break-words dark:prose-invert light\">\n<p>Nar\u00e1\u017eec\u00ed hmo\u017edinka FIX 6&#215;60 mm s l\u00edmcem je odoln\u00fd upev\u0148ovac\u00ed prvek navr\u017een\u00fd pro rychlou mont\u00e1\u017e bez nutnosti \u0161roubov\u00e1n\u00ed. Nylonov\u00e1 konstrukce poskytuje dlouhou stabilitu a odolnost v\u016f\u010di zat\u00ed\u017een\u00ed, zat\u00edmco l\u00edmec posiluje uchycen\u00ed hmo\u017edinky a zabra\u0148uje jej\u00edmu pohybu v otvoru.<\/p>\n<p><strong>Vlastnosti a V\u00fdhody:<\/strong><\/p>\n<ul>\n<li><strong>Velikost Hmo\u017edinky<\/strong>: 6&#215;60 mm \u2013 vhodn\u00e1 pro upevn\u011bn\u00ed st\u0159edn\u00edch a v\u011bt\u0161\u00edch prvk\u016f.<\/li>\n<li><strong>L\u00edmec<\/strong>: Poskytuje pevn\u00e9 uchycen\u00ed a dodate\u010dnou stabilitu.<\/li>\n<li><strong>Materi\u00e1l<\/strong>: Vysoce kvalitn\u00ed nylon odoln\u00fd proti po\u0161kozen\u00ed.<\/li>\n<li><strong>Rychl\u00e1 Mont\u00e1\u017e<\/strong>: Jednoduch\u00fd a efektivn\u00ed syst\u00e9m nar\u00e1\u017een\u00ed.<\/li>\n<li><strong>Po\u010det<\/strong>: 16 ks v blistru \u2013 ide\u00e1ln\u00ed volba pro rozs\u00e1hlej\u0161\u00ed projekty.<\/li>\n<\/ul>\n<p><strong>Pou\u017eit\u00ed:<\/strong> Ur\u010dena k mont\u00e1\u017ei do pevn\u00fdch materi\u00e1l\u016f, jako je beton \u010di cihla. Skv\u011bl\u00e1 volba pro uchycen\u00ed st\u0159edn\u00edch konstrukc\u00ed, li\u0161t, profil\u016f a dal\u0161\u00edch prvk\u016f pro vnit\u0159n\u00ed prostory.<\/p>\n<\/div>\n<\/div>\n<\/div>\n<\/div>\n<\/div>\n<\/div>\n<\/div>\n<\/div>\n<\/div>\n<\/div>\n<\/div>\n<\/div>\n<\/div>\n<\/div>\n<\/div>\n<\/div>\n<\/div>\n<\/div>\n<\/div>\n<\/div>\n","protected":false},"excerpt":{"rendered":"<p>Nar\u00e1\u017eec\u00ed hmo\u017edinka FIX 6&#215;60 mm s l\u00edmcem je odoln\u00fd upev\u0148ovac\u00ed prvek navr\u017een\u00fd pro rychlou mont\u00e1\u017e bez nutnosti \u0161roubov\u00e1n\u00ed. Nylonov\u00e1 konstrukce<\/p>\n","protected":false},"featured_media":8076,"comment_status":"open","ping_status":"closed","template":"","meta":{"_acf_changed":false},"product_brand":[],"product_cat":[156,946,954,956],"product_tag":[],"class_list":{"0":"post-8096","1":"product","2":"type-product","3":"status-publish","4":"has-post-thumbnail","6":"product_cat-stavebni-materialy","7":"product_cat-sucha-vystavba","8":"product_cat-montazni-prislusenstvi","9":"product_cat-natloukaci-hmozdinky","10":"product_shipping_class-kurier-cs","11":"pa_producent-koelner-cs","13":"first","14":"instock","15":"taxable","16":"shipping-taxable","17":"purchasable","18":"product-type-simple"},"acf":[],"_links":{"self":[{"href":"https:\/\/sklep.thepartners.pl\/cs\/wp-json\/wp\/v2\/product\/8096","targetHints":{"allow":["GET"]}}],"collection":[{"href":"https:\/\/sklep.thepartners.pl\/cs\/wp-json\/wp\/v2\/product"}],"about":[{"href":"https:\/\/sklep.thepartners.pl\/cs\/wp-json\/wp\/v2\/types\/product"}],"replies":[{"embeddable":true,"href":"https:\/\/sklep.thepartners.pl\/cs\/wp-json\/wp\/v2\/comments?post=8096"}],"wp:featuredmedia":[{"embeddable":true,"href":"https:\/\/sklep.thepartners.pl\/cs\/wp-json\/wp\/v2\/media\/8076"}],"wp:attachment":[{"href":"https:\/\/sklep.thepartners.pl\/cs\/wp-json\/wp\/v2\/media?parent=8096"}],"wp:term":[{"taxonomy":"product_brand","embeddable":true,"href":"https:\/\/sklep.thepartners.pl\/cs\/wp-json\/wp\/v2\/product_brand?post=8096"},{"taxonomy":"product_cat","embeddable":true,"href":"https:\/\/sklep.thepartners.pl\/cs\/wp-json\/wp\/v2\/product_cat?post=8096"},{"taxonomy":"product_tag","embeddable":true,"href":"https:\/\/sklep.thepartners.pl\/cs\/wp-json\/wp\/v2\/product_tag?post=8096"}],"curies":[{"name":"wp","href":"https:\/\/api.w.org\/{rel}","templated":true}]}}