{"id":8099,"date":"2024-11-12T12:17:30","date_gmt":"2024-11-12T11:17:30","guid":{"rendered":"https:\/\/sklep.thepartners.pl\/?post_type=product&#038;p=8099"},"modified":"2024-11-12T12:44:30","modified_gmt":"2024-11-12T11:44:30","slug":"narazeci-hmozdinka-rychle-montaze-s-limcem-6x60-mm-blistr-16-ks-kopia","status":"publish","type":"product","link":"https:\/\/sklep.thepartners.pl\/cs\/produkt\/narazeci-hmozdinka-rychle-montaze-s-limcem-6x60-mm-blistr-16-ks-kopia\/","title":{"rendered":"Hmo\u017edinka s rychlou mont\u00e1\u017e\u00ed a l\u00edmcem 6&#215;80 mm &#8211; blister &#8211; 12 ks"},"content":{"rendered":"<div class=\"flex max-w-full flex-col flex-grow\">\n<div class=\"min-h-8 text-message flex w-full flex-col items-end gap-2 whitespace-normal break-words [.text-message+&amp;]:mt-5\" dir=\"auto\" data-message-author-role=\"assistant\" data-message-id=\"7cd05703-f01d-4beb-aaca-54c46d0630ec\" data-message-model-slug=\"gpt-4o\">\n<div class=\"flex w-full flex-col gap-1 empty:hidden first:pt-[3px]\">\n<div class=\"markdown prose w-full break-words dark:prose-invert light\">\n<div class=\"flex max-w-full flex-col flex-grow\">\n<div class=\"min-h-8 text-message flex w-full flex-col items-end gap-2 whitespace-normal break-words [.text-message+&amp;]:mt-5\" dir=\"auto\" data-message-author-role=\"assistant\" data-message-id=\"5bf5a221-97c5-4d46-a66b-16b490d5670e\" data-message-model-slug=\"gpt-4o\">\n<div class=\"flex w-full flex-col gap-1 empty:hidden first:pt-[3px]\">\n<div class=\"markdown prose w-full break-words dark:prose-invert light\">\n<div class=\"flex max-w-full flex-col flex-grow\">\n<div class=\"min-h-8 text-message flex w-full flex-col items-end gap-2 whitespace-normal break-words [.text-message+&amp;]:mt-5\" dir=\"auto\" data-message-author-role=\"assistant\" data-message-id=\"85d389bd-e45c-439f-a53a-27843655b7a2\" data-message-model-slug=\"gpt-4o\">\n<div class=\"flex w-full flex-col gap-1 empty:hidden first:pt-[3px]\">\n<div class=\"markdown prose w-full break-words dark:prose-invert light\">\n<div class=\"flex max-w-full flex-col flex-grow\">\n<div class=\"min-h-8 text-message flex w-full flex-col items-end gap-2 whitespace-normal break-words [.text-message+&amp;]:mt-5\" dir=\"auto\" data-message-author-role=\"assistant\" data-message-id=\"645e73b3-c7f3-4192-b778-ff831a10633d\" data-message-model-slug=\"gpt-4o\">\n<div class=\"flex w-full flex-col gap-1 empty:hidden first:pt-[3px]\">\n<div class=\"markdown prose w-full break-words dark:prose-invert light\">\n<div class=\"flex max-w-full flex-col flex-grow\">\n<div class=\"min-h-8 text-message flex w-full flex-col items-end gap-2 whitespace-normal break-words [.text-message+&amp;]:mt-5\" dir=\"auto\" data-message-author-role=\"assistant\" data-message-id=\"44dc1df1-18fd-4e3e-b7ae-55900924e733\" data-message-model-slug=\"gpt-4o\">\n<div class=\"flex w-full flex-col gap-1 empty:hidden first:pt-[3px]\">\n<div class=\"markdown prose w-full break-words dark:prose-invert light\">\n<p>Hmo\u017edinka s rychlou mont\u00e1\u017e\u00ed a l\u00edmcem 6&#215;80 mm je ide\u00e1ln\u00edm \u0159e\u0161en\u00edm pro rychl\u00e9 a efektivn\u00ed upevn\u011bn\u00ed do r\u016fzn\u00fdch stavebn\u00edch materi\u00e1l\u016f, jako je beton, cihla nebo s\u00e1drokarton. D\u00edky speci\u00e1ln\u00edmu l\u00edmci hmo\u017edinka zaji\u0161\u0165uje pevn\u00e9 a stabiln\u00ed uchycen\u00ed v materi\u00e1lu, \u010d\u00edm\u017e zabra\u0148uje jeho vyklouznut\u00ed. Mont\u00e1\u017e je jednoduch\u00e1 \u2014 sta\u010d\u00ed ji zatlouct kladivem do p\u0159edem p\u0159ipraven\u00fdch otvor\u016f. Balen\u00ed obsahuje 12 ks hmo\u017edinek, co\u017e je ide\u00e1ln\u00ed pro v\u011bt\u0161\u00ed mont\u00e1\u017en\u00ed pr\u00e1ce.<\/p>\n<p><strong>Vlastnosti produktu:<\/strong><\/p>\n<ul>\n<li>Rozm\u011br: 6&#215;80 mm<\/li>\n<li>Typ: hmo\u017edinka s rychlou mont\u00e1\u017e\u00ed a l\u00edmcem<\/li>\n<li>V balen\u00ed: 12 ks<\/li>\n<li>Rychl\u00e1 a snadn\u00e1 mont\u00e1\u017e<\/li>\n<li>Pou\u017eit\u00ed: pro upevn\u011bn\u00ed do stavebn\u00edch materi\u00e1l\u016f jako beton, cihla, s\u00e1drokarton<\/li>\n<li>Vysok\u00e1 odolnost a spolehlivost<\/li>\n<\/ul>\n<\/div>\n<\/div>\n<\/div>\n<\/div>\n<\/div>\n<\/div>\n<\/div>\n<\/div>\n<\/div>\n<\/div>\n<\/div>\n<\/div>\n<\/div>\n<\/div>\n<\/div>\n<\/div>\n<\/div>\n<\/div>\n<\/div>\n<\/div>\n","protected":false},"excerpt":{"rendered":"<p>Hmo\u017edinka s rychlou mont\u00e1\u017e\u00ed a l\u00edmcem 6&#215;80 mm je ide\u00e1ln\u00edm \u0159e\u0161en\u00edm pro rychl\u00e9 a efektivn\u00ed upevn\u011bn\u00ed do r\u016fzn\u00fdch stavebn\u00edch materi\u00e1l\u016f,<\/p>\n","protected":false},"featured_media":8076,"comment_status":"open","ping_status":"closed","template":"","meta":{"_acf_changed":false},"product_brand":[],"product_cat":[954,956,156,946],"product_tag":[],"class_list":{"0":"post-8099","1":"product","2":"type-product","3":"status-publish","4":"has-post-thumbnail","6":"product_cat-montazni-prislusenstvi","7":"product_cat-natloukaci-hmozdinky","8":"product_cat-stavebni-materialy","9":"product_cat-sucha-vystavba","10":"product_shipping_class-kurier-cs","11":"pa_producent-koelner-cs","13":"first","14":"instock","15":"taxable","16":"shipping-taxable","17":"purchasable","18":"product-type-simple"},"acf":[],"_links":{"self":[{"href":"https:\/\/sklep.thepartners.pl\/cs\/wp-json\/wp\/v2\/product\/8099","targetHints":{"allow":["GET"]}}],"collection":[{"href":"https:\/\/sklep.thepartners.pl\/cs\/wp-json\/wp\/v2\/product"}],"about":[{"href":"https:\/\/sklep.thepartners.pl\/cs\/wp-json\/wp\/v2\/types\/product"}],"replies":[{"embeddable":true,"href":"https:\/\/sklep.thepartners.pl\/cs\/wp-json\/wp\/v2\/comments?post=8099"}],"wp:featuredmedia":[{"embeddable":true,"href":"https:\/\/sklep.thepartners.pl\/cs\/wp-json\/wp\/v2\/media\/8076"}],"wp:attachment":[{"href":"https:\/\/sklep.thepartners.pl\/cs\/wp-json\/wp\/v2\/media?parent=8099"}],"wp:term":[{"taxonomy":"product_brand","embeddable":true,"href":"https:\/\/sklep.thepartners.pl\/cs\/wp-json\/wp\/v2\/product_brand?post=8099"},{"taxonomy":"product_cat","embeddable":true,"href":"https:\/\/sklep.thepartners.pl\/cs\/wp-json\/wp\/v2\/product_cat?post=8099"},{"taxonomy":"product_tag","embeddable":true,"href":"https:\/\/sklep.thepartners.pl\/cs\/wp-json\/wp\/v2\/product_tag?post=8099"}],"curies":[{"name":"wp","href":"https:\/\/api.w.org\/{rel}","templated":true}]}}