{"id":810,"date":"2024-04-25T02:31:43","date_gmt":"2024-04-25T00:31:43","guid":{"rendered":"https:\/\/www.partners.proadax-dev.pl\/?post_type=product&#038;p=810"},"modified":"2024-10-01T10:25:49","modified_gmt":"2024-10-01T08:25:49","slug":"konektor-koelner-s-plastovym-kolikem","status":"publish","type":"product","link":"https:\/\/sklep.thepartners.pl\/cs\/produkt\/konektor-koelner-s-plastovym-kolikem\/","title":{"rendered":"Konektor KOELNER s plastov\u00fdm kol\u00edkem"},"content":{"rendered":"<p><strong>Hmo\u017edinka pro polystyren s plastov\u00fdm trnem<\/strong> &#8211; Nejlep\u0161\u00ed volba pro va\u0161i izolaci<\/p>\n<p>Hmo\u017edinka pro polystyren s plastov\u00fdm trnem je ide\u00e1ln\u00ed \u0159e\u0161en\u00ed pro mont\u00e1\u017e ve v\u0161ech typech podklad\u016f (kategorie A, B, C, D, E). Doporu\u010duje se pro hlubokou mont\u00e1\u017e v tepeln\u00e9 izolaci s izola\u010dn\u00ed z\u00e1tkou, kter\u00e1 sni\u017euje tepelnou vodivost a zaji\u0161\u0165uje homogenn\u00ed povrch fas\u00e1dy.<\/p>\n<p><strong>Vlastnosti a v\u00fdhody<\/strong>:<\/p>\n<ul>\n<li>Mont\u00e1\u017e ve v\u0161ech podkladech (kategorie A, B, C, D, E).<\/li>\n<li>Hlubok\u00e1 mont\u00e1\u017e v tepeln\u00e9 izolaci s izola\u010dn\u00ed z\u00e1tkou, kter\u00e1 sni\u017euje tepelnou vodivost.<\/li>\n<li>Plastov\u00fd h\u0159eb\u00edk umo\u017e\u0148uje snadnou mont\u00e1\u017e rozp\u011brn\u00e9 z\u00f3ny.<\/li>\n<li>P\u0159esn\u00e1 konstrukce umo\u017e\u0148uje nejlep\u0161\u00ed parametry s redukovanou kotv\u00edc\u00ed z\u00f3nou na 25 mm.<\/li>\n<li>Vysok\u00e1 tuhost tal\u00ed\u0159e (0,4 kN\/mm) zaji\u0161\u0165uje stabilitu zateplen\u00ed a zabra\u0148uje vibrac\u00edm zp\u016fsoben\u00fdm v\u011btrem.<\/li>\n<li>N\u00edzk\u00e9 n\u00e1klady na mont\u00e1\u017e s zaji\u0161t\u011bn\u00edm pot\u0159ebn\u00fdch technick\u00fdch parametr\u016f.<\/li>\n<li>Mo\u017enost instalace s dodate\u010dn\u00fdm tal\u00ed\u0159em KWL o pr\u016fm\u011brech 90, 110, 140 mm.<\/li>\n<\/ul>\n<p><strong>Aplikace<\/strong>:<\/p>\n<ul>\n<li>Syst\u00e9my zateplen\u00ed fas\u00e1d (ETICS)<\/li>\n<li>Polystyrenov\u00e9 desky<\/li>\n<li>Desky z miner\u00e1ln\u00ed vlny<\/li>\n<li>Desky z d\u0159ev\u011bn\u00e9 vlny<\/li>\n<li>Polyuretanov\u00e9 desky<\/li>\n<li>Lehk\u00e9 tepeln\u011b izola\u010dn\u00ed desky<\/li>\n<\/ul>\n<p><strong>Technick\u00e9 parametry<\/strong>:<\/p>\n<ul>\n<li>Barva: B\u00edl\u00e1<\/li>\n<li>Katalogov\u00e9 \u010d\u00edslo v\u00fdrobce: KI-220<\/li>\n<\/ul>\n<p>Vyberte si hmo\u017edinku pro polystyren s plastov\u00fdm trnem a zajist\u011bte trvanlivost a efektivitu sv\u00e9 izolace. Zjist\u011bte, jak m\u016f\u017ee zlep\u0161it kvalitu va\u0161eho zateplen\u00ed.<\/p>\n","protected":false},"excerpt":{"rendered":"<blockquote><p><strong>Aplikace pro:<\/strong><\/p>\n<p><strong>beton C20\/25-C50\/60<\/strong><\/p>\n<p><strong>masivn\u00ed cihla<\/strong><\/p>\n<p><strong>kan\u00e1lov\u00e9 betonov\u00e9 desky<\/strong><\/p>\n<p><strong>pln\u00e1 silik\u00e1tov\u00e1 cihla<\/strong><\/p>\n<p><strong>dut\u00e1 silik\u00e1tov\u00e1 cihla<\/strong><\/p>\n<p><strong>lehk\u00e9 betonov\u00e9 bloky<\/strong><\/p>\n<p><strong>lehk\u00e9 betonov\u00e9 bloky<\/strong><\/p>\n<p><strong>lehk\u00e9 betonov\u00e9 prvky<\/strong><\/p>\n<p><strong>p\u00f3robeton.<\/strong><\/p><\/blockquote>\n","protected":false},"featured_media":5919,"comment_status":"open","ping_status":"closed","template":"","meta":{"_acf_changed":false},"product_brand":[],"product_cat":[143,144],"product_tag":[],"class_list":{"0":"post-810","1":"product","2":"type-product","3":"status-publish","4":"has-post-thumbnail","6":"product_cat-tepelne-izolace","7":"product_cat-prislusenstvi","8":"product_shipping_class-kurier-cs","9":"pa_producent-koelner-cs","11":"first","12":"instock","13":"taxable","14":"shipping-taxable","15":"purchasable","16":"product-type-variable"},"acf":[],"_links":{"self":[{"href":"https:\/\/sklep.thepartners.pl\/cs\/wp-json\/wp\/v2\/product\/810","targetHints":{"allow":["GET"]}}],"collection":[{"href":"https:\/\/sklep.thepartners.pl\/cs\/wp-json\/wp\/v2\/product"}],"about":[{"href":"https:\/\/sklep.thepartners.pl\/cs\/wp-json\/wp\/v2\/types\/product"}],"replies":[{"embeddable":true,"href":"https:\/\/sklep.thepartners.pl\/cs\/wp-json\/wp\/v2\/comments?post=810"}],"wp:featuredmedia":[{"embeddable":true,"href":"https:\/\/sklep.thepartners.pl\/cs\/wp-json\/wp\/v2\/media\/5919"}],"wp:attachment":[{"href":"https:\/\/sklep.thepartners.pl\/cs\/wp-json\/wp\/v2\/media?parent=810"}],"wp:term":[{"taxonomy":"product_brand","embeddable":true,"href":"https:\/\/sklep.thepartners.pl\/cs\/wp-json\/wp\/v2\/product_brand?post=810"},{"taxonomy":"product_cat","embeddable":true,"href":"https:\/\/sklep.thepartners.pl\/cs\/wp-json\/wp\/v2\/product_cat?post=810"},{"taxonomy":"product_tag","embeddable":true,"href":"https:\/\/sklep.thepartners.pl\/cs\/wp-json\/wp\/v2\/product_tag?post=810"}],"curies":[{"name":"wp","href":"https:\/\/api.w.org\/{rel}","templated":true}]}}