{"id":8109,"date":"2024-11-12T12:53:05","date_gmt":"2024-11-12T11:53:05","guid":{"rendered":"https:\/\/sklep.thepartners.pl\/?post_type=product&#038;p=8109"},"modified":"2024-12-02T10:32:14","modified_gmt":"2024-12-02T09:32:14","slug":"drewniany-trzonek-stalco-s-47776-22x1200-mm","status":"publish","type":"product","link":"https:\/\/sklep.thepartners.pl\/cs\/produkt\/drewniany-trzonek-stalco-s-47776-22x1200-mm\/","title":{"rendered":"D\u0159ev\u011bn\u00e1 rukoje\u0165 Stalco S-47776 22&#215;1200 mm"},"content":{"rendered":"<p>Tato rukoje\u0165 je ur\u010dena pro r\u016fzn\u00e9 ru\u010dn\u00ed n\u00e1stroje, jako jsou kart\u00e1\u010de nebo smet\u00e1ky, co\u017e zaji\u0161\u0165uje odolnost a pohodl\u00ed p\u0159i pou\u017e\u00edv\u00e1n\u00ed.<\/p>\n","protected":false},"excerpt":{"rendered":"<p><strong>Kl\u00ed\u010dov\u00e9 vlastnosti:<\/strong><\/p>\n<p><strong>Materi\u00e1l:<\/strong> bukov\u00e9 d\u0159evo<br \/>\n<strong>Rozm\u011bry:<\/strong> 22 mm (pr\u016fm\u011br) x 1200 mm (d\u00e9lka)<br \/>\n<strong>Povrchov\u00e1 \u00faprava:<\/strong> Pr\u00e1\u0161kov\u00e9 lakov\u00e1n\u00ed<\/p>\n","protected":false},"featured_media":8104,"comment_status":"open","ping_status":"closed","template":"","meta":{"_acf_changed":false},"product_brand":[],"product_cat":[1022,1030],"product_tag":[],"class_list":{"0":"post-8109","1":"product","2":"type-product","3":"status-publish","4":"has-post-thumbnail","6":"product_cat-naradi","7":"product_cat-ostatni","8":"product_shipping_class-kurier-cs","9":"pa_producent-stalco-cs","11":"first","12":"instock","13":"taxable","14":"shipping-taxable","15":"purchasable","16":"product-type-simple"},"acf":[],"_links":{"self":[{"href":"https:\/\/sklep.thepartners.pl\/cs\/wp-json\/wp\/v2\/product\/8109","targetHints":{"allow":["GET"]}}],"collection":[{"href":"https:\/\/sklep.thepartners.pl\/cs\/wp-json\/wp\/v2\/product"}],"about":[{"href":"https:\/\/sklep.thepartners.pl\/cs\/wp-json\/wp\/v2\/types\/product"}],"replies":[{"embeddable":true,"href":"https:\/\/sklep.thepartners.pl\/cs\/wp-json\/wp\/v2\/comments?post=8109"}],"wp:featuredmedia":[{"embeddable":true,"href":"https:\/\/sklep.thepartners.pl\/cs\/wp-json\/wp\/v2\/media\/8104"}],"wp:attachment":[{"href":"https:\/\/sklep.thepartners.pl\/cs\/wp-json\/wp\/v2\/media?parent=8109"}],"wp:term":[{"taxonomy":"product_brand","embeddable":true,"href":"https:\/\/sklep.thepartners.pl\/cs\/wp-json\/wp\/v2\/product_brand?post=8109"},{"taxonomy":"product_cat","embeddable":true,"href":"https:\/\/sklep.thepartners.pl\/cs\/wp-json\/wp\/v2\/product_cat?post=8109"},{"taxonomy":"product_tag","embeddable":true,"href":"https:\/\/sklep.thepartners.pl\/cs\/wp-json\/wp\/v2\/product_tag?post=8109"}],"curies":[{"name":"wp","href":"https:\/\/api.w.org\/{rel}","templated":true}]}}