{"id":8134,"date":"2024-11-12T14:06:33","date_gmt":"2024-11-12T13:06:33","guid":{"rendered":"https:\/\/sklep.thepartners.pl\/produkt\/stalowy-trzonek-stalco-s-47778-22x1200-mm\/"},"modified":"2024-12-02T10:33:59","modified_gmt":"2024-12-02T09:33:59","slug":"stalowy-trzonek-stalco-s-47778-22x1200-mm","status":"publish","type":"product","link":"https:\/\/sklep.thepartners.pl\/cs\/produkt\/stalowy-trzonek-stalco-s-47778-22x1200-mm\/","title":{"rendered":"Ocelov\u00e1 h\u0159\u00eddel Stalco S-47778 22&#215;1200 mm"},"content":{"rendered":"<p><strong>Stalco S-47778<\/strong> je ocelov\u00e1 n\u00e1sada o rozm\u011brech 22&#215;1200 mm, ur\u010den\u00e1 pro r\u016fzn\u00e9 ru\u010dn\u00ed n\u00e1\u0159ad\u00ed, jako jsou kart\u00e1\u010de nebo smet\u00e1ky.<\/p>\n","protected":false},"excerpt":{"rendered":"<p><strong>Kl\u00ed\u010dov\u00e9 vlastnosti:<\/strong><\/p>\n<p><strong>Materi\u00e1l:<\/strong> Ocel s pr\u00e1\u0161kov\u00fdm n\u00e1st\u0159ikem<br \/>\n<strong>Rozm\u011bry:<\/strong> 22 mm (pr\u016fm\u011br) x 1200 mm (d\u00e9lka)<br \/>\n<strong>Z\u00e1vit:<\/strong> Zakon\u010den z\u00e1vitem pro snadnou instalaci pomoc\u00ed kompatibiln\u00edch n\u00e1stroj\u016f<br \/>\n<strong>Dal\u0161\u00ed funkce:<\/strong> M\u00e1 otvor pro zav\u011b\u0161en\u00ed<\/p>\n","protected":false},"featured_media":8133,"comment_status":"open","ping_status":"closed","template":"","meta":{"_acf_changed":false},"product_brand":[],"product_cat":[1022,1030],"product_tag":[],"class_list":{"0":"post-8134","1":"product","2":"type-product","3":"status-publish","4":"has-post-thumbnail","6":"product_cat-naradi","7":"product_cat-ostatni","8":"product_shipping_class-kurier-dhl-cs","10":"first","11":"instock","12":"taxable","13":"shipping-taxable","14":"purchasable","15":"product-type-simple"},"acf":[],"_links":{"self":[{"href":"https:\/\/sklep.thepartners.pl\/cs\/wp-json\/wp\/v2\/product\/8134","targetHints":{"allow":["GET"]}}],"collection":[{"href":"https:\/\/sklep.thepartners.pl\/cs\/wp-json\/wp\/v2\/product"}],"about":[{"href":"https:\/\/sklep.thepartners.pl\/cs\/wp-json\/wp\/v2\/types\/product"}],"replies":[{"embeddable":true,"href":"https:\/\/sklep.thepartners.pl\/cs\/wp-json\/wp\/v2\/comments?post=8134"}],"wp:featuredmedia":[{"embeddable":true,"href":"https:\/\/sklep.thepartners.pl\/cs\/wp-json\/wp\/v2\/media\/8133"}],"wp:attachment":[{"href":"https:\/\/sklep.thepartners.pl\/cs\/wp-json\/wp\/v2\/media?parent=8134"}],"wp:term":[{"taxonomy":"product_brand","embeddable":true,"href":"https:\/\/sklep.thepartners.pl\/cs\/wp-json\/wp\/v2\/product_brand?post=8134"},{"taxonomy":"product_cat","embeddable":true,"href":"https:\/\/sklep.thepartners.pl\/cs\/wp-json\/wp\/v2\/product_cat?post=8134"},{"taxonomy":"product_tag","embeddable":true,"href":"https:\/\/sklep.thepartners.pl\/cs\/wp-json\/wp\/v2\/product_tag?post=8134"}],"curies":[{"name":"wp","href":"https:\/\/api.w.org\/{rel}","templated":true}]}}