{"id":8138,"date":"2024-11-12T14:33:26","date_gmt":"2024-11-12T13:33:26","guid":{"rendered":"https:\/\/sklep.thepartners.pl\/produkt\/pila-do-drewna-mokrego-240-mm-stalco-s-18479\/"},"modified":"2024-12-02T13:14:36","modified_gmt":"2024-12-02T12:14:36","slug":"pila-do-drewna-mokrego-240-mm-stalco-s-18479","status":"publish","type":"product","link":"https:\/\/sklep.thepartners.pl\/cs\/produkt\/pila-do-drewna-mokrego-240-mm-stalco-s-18479\/","title":{"rendered":"Pila na mokr\u00e9 d\u0159evo 240 mm STALCO S-18479"},"content":{"rendered":"<p>Tato pila je ide\u00e1ln\u00ed pro zahradn\u00ed pr\u00e1ce, jako je pro\u0159ez\u00e1v\u00e1n\u00ed v\u011btv\u00ed nebo drobn\u00e9 tesa\u0159sk\u00e9 pr\u00e1ce.<\/p>\n","protected":false},"excerpt":{"rendered":"<p><strong>Kl\u00ed\u010dov\u00e9 vlastnosti:<\/strong><\/p>\n<p><strong>D\u00e9lka \u010depele:<\/strong> 240 mm<br \/>\n<strong>Pilov\u00fd list:<\/strong> Skl\u00e1dac\u00ed pro snadn\u00e9 skladov\u00e1n\u00ed a p\u0159epravu<br \/>\n<strong>Rukoje\u0165:<\/strong> Dvouslo\u017ekov\u00e1, profilovan\u00e1, zaji\u0161\u0165uj\u00edc\u00ed bezpe\u010dn\u00e9 uchopen\u00ed<br \/>\n<strong>Dal\u0161\u00ed p\u0159\u00edslu\u0161enstv\u00ed:<\/strong> Pouzdro s dr\u017e\u00e1kem na opasek<br \/>\n<strong>Materi\u00e1l \u010depele:<\/strong> Vysoce kvalitn\u00ed ocel<\/p>\n","protected":false},"featured_media":8137,"comment_status":"open","ping_status":"closed","template":"","meta":{"_acf_changed":false},"product_brand":[],"product_cat":[1022,1023],"product_tag":[],"class_list":{"0":"post-8138","1":"product","2":"type-product","3":"status-publish","4":"has-post-thumbnail","6":"product_cat-naradi","7":"product_cat-rucni-naradi","8":"product_shipping_class-kurier-cs","9":"pa_producent-stalco-cs","11":"first","12":"instock","13":"taxable","14":"shipping-taxable","15":"purchasable","16":"product-type-simple"},"acf":[],"_links":{"self":[{"href":"https:\/\/sklep.thepartners.pl\/cs\/wp-json\/wp\/v2\/product\/8138","targetHints":{"allow":["GET"]}}],"collection":[{"href":"https:\/\/sklep.thepartners.pl\/cs\/wp-json\/wp\/v2\/product"}],"about":[{"href":"https:\/\/sklep.thepartners.pl\/cs\/wp-json\/wp\/v2\/types\/product"}],"replies":[{"embeddable":true,"href":"https:\/\/sklep.thepartners.pl\/cs\/wp-json\/wp\/v2\/comments?post=8138"}],"wp:featuredmedia":[{"embeddable":true,"href":"https:\/\/sklep.thepartners.pl\/cs\/wp-json\/wp\/v2\/media\/8137"}],"wp:attachment":[{"href":"https:\/\/sklep.thepartners.pl\/cs\/wp-json\/wp\/v2\/media?parent=8138"}],"wp:term":[{"taxonomy":"product_brand","embeddable":true,"href":"https:\/\/sklep.thepartners.pl\/cs\/wp-json\/wp\/v2\/product_brand?post=8138"},{"taxonomy":"product_cat","embeddable":true,"href":"https:\/\/sklep.thepartners.pl\/cs\/wp-json\/wp\/v2\/product_cat?post=8138"},{"taxonomy":"product_tag","embeddable":true,"href":"https:\/\/sklep.thepartners.pl\/cs\/wp-json\/wp\/v2\/product_tag?post=8138"}],"curies":[{"name":"wp","href":"https:\/\/api.w.org\/{rel}","templated":true}]}}