{"id":8151,"date":"2024-11-12T15:21:46","date_gmt":"2024-11-12T14:21:46","guid":{"rendered":"https:\/\/sklep.thepartners.pl\/produkt\/pila-do-gazobetonu-700-mm-stalco-s-18428\/"},"modified":"2024-12-02T10:13:17","modified_gmt":"2024-12-02T09:13:17","slug":"pila-do-gazobetonu-700-mm-stalco-s-18428","status":"publish","type":"product","link":"https:\/\/sklep.thepartners.pl\/cs\/produkt\/pila-do-gazobetonu-700-mm-stalco-s-18428\/","title":{"rendered":"Pila na p\u00f3robeton 700 mm STALCO S-18428"},"content":{"rendered":"<p>Tato pila je ide\u00e1ln\u00ed pro stavebn\u00ed pr\u00e1ce zahrnuj\u00edc\u00ed \u0159ez\u00e1n\u00ed p\u00f3robetonu, zaji\u0161\u0165uj\u00edc\u00ed \u010dist\u00e9 a p\u0159esn\u00e9 \u0159ezy.<\/p>\n<p>&nbsp;<\/p>\n","protected":false},"excerpt":{"rendered":"<p><strong>Kl\u00ed\u010dov\u00e9 vlastnosti:<\/strong><\/p>\n<p><strong>D\u00e9lka \u010depele:<\/strong> 700 mm<br \/>\n<strong>Zuby:<\/strong> Vyrobeny ze slinut\u00e9ho karbidu, kter\u00fd zaji\u0161\u0165uje vysokou odolnost a \u00fa\u010dinnost \u0159ez\u00e1n\u00ed<br \/>\n<strong>Rukoje\u0165:<\/strong> Ergonomick\u00e1, zaji\u0161\u0165uj\u00edc\u00ed pevn\u00e9 uchopen\u00ed<br \/>\n<strong>\u00dahly rukojeti:<\/strong> 45\u00b0 a 90\u00b0, umo\u017e\u0148uj\u00edc\u00ed p\u0159esn\u00e9 \u0159ez\u00e1n\u00ed<\/p>\n","protected":false},"featured_media":8150,"comment_status":"open","ping_status":"closed","template":"","meta":{"_acf_changed":false},"product_brand":[],"product_cat":[1022,1023],"product_tag":[],"class_list":{"0":"post-8151","1":"product","2":"type-product","3":"status-publish","4":"has-post-thumbnail","6":"product_cat-naradi","7":"product_cat-rucni-naradi","8":"product_shipping_class-kurier-cs","9":"pa_producent-stalco-cs","11":"first","12":"instock","13":"taxable","14":"shipping-taxable","15":"purchasable","16":"product-type-simple"},"acf":[],"_links":{"self":[{"href":"https:\/\/sklep.thepartners.pl\/cs\/wp-json\/wp\/v2\/product\/8151","targetHints":{"allow":["GET"]}}],"collection":[{"href":"https:\/\/sklep.thepartners.pl\/cs\/wp-json\/wp\/v2\/product"}],"about":[{"href":"https:\/\/sklep.thepartners.pl\/cs\/wp-json\/wp\/v2\/types\/product"}],"replies":[{"embeddable":true,"href":"https:\/\/sklep.thepartners.pl\/cs\/wp-json\/wp\/v2\/comments?post=8151"}],"wp:featuredmedia":[{"embeddable":true,"href":"https:\/\/sklep.thepartners.pl\/cs\/wp-json\/wp\/v2\/media\/8150"}],"wp:attachment":[{"href":"https:\/\/sklep.thepartners.pl\/cs\/wp-json\/wp\/v2\/media?parent=8151"}],"wp:term":[{"taxonomy":"product_brand","embeddable":true,"href":"https:\/\/sklep.thepartners.pl\/cs\/wp-json\/wp\/v2\/product_brand?post=8151"},{"taxonomy":"product_cat","embeddable":true,"href":"https:\/\/sklep.thepartners.pl\/cs\/wp-json\/wp\/v2\/product_cat?post=8151"},{"taxonomy":"product_tag","embeddable":true,"href":"https:\/\/sklep.thepartners.pl\/cs\/wp-json\/wp\/v2\/product_tag?post=8151"}],"curies":[{"name":"wp","href":"https:\/\/api.w.org\/{rel}","templated":true}]}}