{"id":8189,"date":"2024-11-14T09:48:53","date_gmt":"2024-11-14T08:48:53","guid":{"rendered":"https:\/\/sklep.thepartners.pl\/produkt\/stalco-siekiera-s-80603\/"},"modified":"2024-12-02T10:14:47","modified_gmt":"2024-12-02T09:14:47","slug":"stalco-siekiera-s-80603","status":"publish","type":"product","link":"https:\/\/sklep.thepartners.pl\/cs\/produkt\/stalco-siekiera-s-80603\/","title":{"rendered":"STALCO Sekera (S-80603)"},"content":{"rendered":"<p>Sekera STALCO model S-80603 je n\u00e1\u0159ad\u00ed o hmotnosti 980 gram\u016f, ur\u010den\u00e9 pro v\u0161estrann\u00e9 pou\u017eit\u00ed p\u0159i pr\u00e1ci na zahrad\u011b i v dom\u00e1cnosti.<\/p>\n","protected":false},"excerpt":{"rendered":"<p><strong>Charakteristick\u00e9 vlastnosti:<\/strong><\/p>\n<p><strong>Hlava:<\/strong> Vyrobena z kovan\u00e9 uhl\u00edkov\u00e9 oceli, kter\u00e1 zaji\u0161\u0165uje vysokou \u017eivotnost a odolnost proti po\u0161kozen\u00ed.<br \/>\n<strong>Povlak:<\/strong> Teflonov\u00fd povlak, kter\u00fd sni\u017euje t\u0159en\u00ed b\u011bhem provozu a chr\u00e1n\u00ed p\u0159ed koroz\u00ed.<br \/>\n<strong>Rukoje\u0165:<\/strong> Protiskluzov\u00e1, vyroben\u00e1 ze skeln\u00e9ho vl\u00e1kna, kter\u00e1 zaru\u010duje pevn\u00fd \u00fachop a <strong>pohodl\u00ed p\u0159i pou\u017e\u00edv\u00e1n\u00ed.<\/strong><br \/>\n<strong>Dal\u0161\u00ed funkce:<\/strong> Vybaveno otvorem na zav\u011b\u0161en\u00ed a madlem pro snadnou p\u0159epravu a skladov\u00e1n\u00ed.<\/p>\n","protected":false},"featured_media":8185,"comment_status":"open","ping_status":"closed","template":"","meta":{"_acf_changed":false},"product_brand":[],"product_cat":[1022,1025,1023],"product_tag":[],"class_list":{"0":"post-8189","1":"product","2":"type-product","3":"status-publish","4":"has-post-thumbnail","6":"product_cat-naradi","7":"product_cat-pro-zahradu","8":"product_cat-rucni-naradi","9":"product_shipping_class-kurier-cs","10":"pa_producent-stalco-cs","12":"first","13":"instock","14":"taxable","15":"shipping-taxable","16":"purchasable","17":"product-type-simple"},"acf":[],"_links":{"self":[{"href":"https:\/\/sklep.thepartners.pl\/cs\/wp-json\/wp\/v2\/product\/8189","targetHints":{"allow":["GET"]}}],"collection":[{"href":"https:\/\/sklep.thepartners.pl\/cs\/wp-json\/wp\/v2\/product"}],"about":[{"href":"https:\/\/sklep.thepartners.pl\/cs\/wp-json\/wp\/v2\/types\/product"}],"replies":[{"embeddable":true,"href":"https:\/\/sklep.thepartners.pl\/cs\/wp-json\/wp\/v2\/comments?post=8189"}],"wp:featuredmedia":[{"embeddable":true,"href":"https:\/\/sklep.thepartners.pl\/cs\/wp-json\/wp\/v2\/media\/8185"}],"wp:attachment":[{"href":"https:\/\/sklep.thepartners.pl\/cs\/wp-json\/wp\/v2\/media?parent=8189"}],"wp:term":[{"taxonomy":"product_brand","embeddable":true,"href":"https:\/\/sklep.thepartners.pl\/cs\/wp-json\/wp\/v2\/product_brand?post=8189"},{"taxonomy":"product_cat","embeddable":true,"href":"https:\/\/sklep.thepartners.pl\/cs\/wp-json\/wp\/v2\/product_cat?post=8189"},{"taxonomy":"product_tag","embeddable":true,"href":"https:\/\/sklep.thepartners.pl\/cs\/wp-json\/wp\/v2\/product_tag?post=8189"}],"curies":[{"name":"wp","href":"https:\/\/api.w.org\/{rel}","templated":true}]}}