{"id":819,"date":"2024-04-25T02:36:00","date_gmt":"2024-04-25T00:36:00","guid":{"rendered":"https:\/\/www.partners.proadax-dev.pl\/?post_type=product&#038;p=819"},"modified":"2024-10-01T10:09:39","modified_gmt":"2024-10-01T08:09:39","slug":"claro-bruk-plocha-strecha","status":"publish","type":"product","link":"https:\/\/sklep.thepartners.pl\/cs\/produkt\/claro-bruk-plocha-strecha\/","title":{"rendered":"Claro BRUK ploch\u00e1 st\u0159echa"},"content":{"rendered":"<p><strong>Ploch\u00e9 st\u0159\u00ed\u0161ky Claro<\/strong> &#8211; Dokonal\u00e9 dokon\u010den\u00ed a ochrana zd\u00ed a sloupk\u016f<\/p>\n<p>Ploch\u00e9 st\u0159\u00ed\u0161ky Claro jsou ide\u00e1ln\u00edmi prvky pro dokon\u010den\u00ed zd\u00ed, sloupk\u016f a z\u00e1klad\u016f z na\u0161\u00ed kolekce tv\u00e1rnic. Pln\u00ed jak dekorativn\u00ed, tak ochrannou funkci, chr\u00e1n\u00ed zdi a sloupky p\u0159ed de\u0161t\u011bm a sn\u011bhem.<\/p>\n<p><strong>V\u00fdjime\u010dn\u00e1 odolnost<\/strong>: Ploty z betonov\u00fdch tv\u00e1rnic se vyzna\u010duj\u00ed vysokou odolnost\u00ed a snadnou mont\u00e1\u017e\u00ed, co\u017e vede k \u00faspo\u0159e \u010dasu.<\/p>\n<p><strong>P\u0159esn\u00e9 zpracov\u00e1n\u00ed<\/strong>: Technologie vibrolisov\u00e1n\u00ed betonu zaji\u0161\u0165uje vysokou p\u0159esnost a estetiku proveden\u00ed.<\/p>\n<p>Pou\u017eit\u00ed ploch\u00fdch st\u0159\u00ed\u0161ek Claro zaru\u010duje dlouhov\u011bkost a eleganci va\u0161ich plot\u016f. Zjist\u011bte, jak mohou obohatit v\u00e1\u0161 prostor.<\/p>\n","protected":false},"excerpt":{"rendered":"<p><strong>Ploch\u00e9 st\u0159echy Claro<\/strong> jsou prvky pou\u017e\u00edvan\u00e9 k dokon\u010den\u00ed st\u011bn, sloupk\u016f a z\u00e1klad\u016f z dut\u00fdch cihel z kolekce.<\/p>\n","protected":false},"featured_media":5804,"comment_status":"open","ping_status":"closed","template":"","meta":{"_acf_changed":false},"product_brand":[],"product_cat":[171,174],"product_tag":[],"class_list":{"0":"post-819","1":"product","2":"type-product","3":"status-publish","4":"has-post-thumbnail","6":"product_cat-ploty","7":"product_cat-plotove-sloupky-a-zdi","8":"product_shipping_class-transport-the-partners-cs","9":"pa_producent-bruk-cs","11":"first","12":"onbackorder","13":"taxable","14":"shipping-taxable","15":"purchasable","16":"product-type-variable"},"acf":[],"_links":{"self":[{"href":"https:\/\/sklep.thepartners.pl\/cs\/wp-json\/wp\/v2\/product\/819","targetHints":{"allow":["GET"]}}],"collection":[{"href":"https:\/\/sklep.thepartners.pl\/cs\/wp-json\/wp\/v2\/product"}],"about":[{"href":"https:\/\/sklep.thepartners.pl\/cs\/wp-json\/wp\/v2\/types\/product"}],"replies":[{"embeddable":true,"href":"https:\/\/sklep.thepartners.pl\/cs\/wp-json\/wp\/v2\/comments?post=819"}],"wp:featuredmedia":[{"embeddable":true,"href":"https:\/\/sklep.thepartners.pl\/cs\/wp-json\/wp\/v2\/media\/5804"}],"wp:attachment":[{"href":"https:\/\/sklep.thepartners.pl\/cs\/wp-json\/wp\/v2\/media?parent=819"}],"wp:term":[{"taxonomy":"product_brand","embeddable":true,"href":"https:\/\/sklep.thepartners.pl\/cs\/wp-json\/wp\/v2\/product_brand?post=819"},{"taxonomy":"product_cat","embeddable":true,"href":"https:\/\/sklep.thepartners.pl\/cs\/wp-json\/wp\/v2\/product_cat?post=819"},{"taxonomy":"product_tag","embeddable":true,"href":"https:\/\/sklep.thepartners.pl\/cs\/wp-json\/wp\/v2\/product_tag?post=819"}],"curies":[{"name":"wp","href":"https:\/\/api.w.org\/{rel}","templated":true}]}}