{"id":8190,"date":"2024-11-12T14:40:38","date_gmt":"2024-11-12T13:40:38","guid":{"rendered":"https:\/\/sklep.thepartners.pl\/produkt\/siekiera-stalco-garden-s-80607\/"},"modified":"2024-12-02T09:57:46","modified_gmt":"2024-12-02T08:57:46","slug":"siekiera-stalco-garden-s-80607","status":"publish","type":"product","link":"https:\/\/sklep.thepartners.pl\/cs\/produkt\/siekiera-stalco-garden-s-80607\/","title":{"rendered":"Sekera  Stalco Garden S-80607"},"content":{"rendered":"<p><strong>Siekiera Stalco Garden S-80607 <\/strong> je zahradn\u00ed n\u00e1\u0159ad\u00ed o hmotnosti 2550 g, ur\u010den\u00e9 pro pr\u00e1ce spojen\u00e9 se sek\u00e1n\u00edm a \u0159ez\u00e1n\u00edm d\u0159eva.<\/p>\n","protected":false},"excerpt":{"rendered":"<p>Kl\u00ed\u010dov\u00e9 vlastnosti:<\/p>\n<p><strong>Hmotnost:<\/strong> 2550 g<br \/>\n<strong>D\u00e9lka:<\/strong> 770 mm<br \/>\n<strong>Hlava:<\/strong> uhl\u00edkov\u00e1 ocel (kovan\u00e1)<br \/>\n<strong>Rukoje\u0165:<\/strong> Protiskluzov\u00e1 sklolamin\u00e1tov\u00e1 rukoje\u0165<br \/>\n<strong>Povlak:<\/strong> teflon<br \/>\n<strong>Dal\u0161\u00ed vlastnosti:<\/strong> Z\u00e1v\u011bsn\u00fd otvor a rukoje\u0165 pro p\u0159epravu a skladov\u00e1n\u00ed<\/p>\n","protected":false},"featured_media":8145,"comment_status":"open","ping_status":"closed","template":"","meta":{"_acf_changed":false},"product_brand":[],"product_cat":[1022,1030],"product_tag":[],"class_list":{"0":"post-8190","1":"product","2":"type-product","3":"status-publish","4":"has-post-thumbnail","6":"product_cat-naradi","7":"product_cat-ostatni","8":"product_shipping_class-kurier-cs","10":"first","11":"instock","12":"taxable","13":"shipping-taxable","14":"purchasable","15":"product-type-simple"},"acf":[],"_links":{"self":[{"href":"https:\/\/sklep.thepartners.pl\/cs\/wp-json\/wp\/v2\/product\/8190","targetHints":{"allow":["GET"]}}],"collection":[{"href":"https:\/\/sklep.thepartners.pl\/cs\/wp-json\/wp\/v2\/product"}],"about":[{"href":"https:\/\/sklep.thepartners.pl\/cs\/wp-json\/wp\/v2\/types\/product"}],"replies":[{"embeddable":true,"href":"https:\/\/sklep.thepartners.pl\/cs\/wp-json\/wp\/v2\/comments?post=8190"}],"wp:featuredmedia":[{"embeddable":true,"href":"https:\/\/sklep.thepartners.pl\/cs\/wp-json\/wp\/v2\/media\/8145"}],"wp:attachment":[{"href":"https:\/\/sklep.thepartners.pl\/cs\/wp-json\/wp\/v2\/media?parent=8190"}],"wp:term":[{"taxonomy":"product_brand","embeddable":true,"href":"https:\/\/sklep.thepartners.pl\/cs\/wp-json\/wp\/v2\/product_brand?post=8190"},{"taxonomy":"product_cat","embeddable":true,"href":"https:\/\/sklep.thepartners.pl\/cs\/wp-json\/wp\/v2\/product_cat?post=8190"},{"taxonomy":"product_tag","embeddable":true,"href":"https:\/\/sklep.thepartners.pl\/cs\/wp-json\/wp\/v2\/product_tag?post=8190"}],"curies":[{"name":"wp","href":"https:\/\/api.w.org\/{rel}","templated":true}]}}