{"id":8194,"date":"2024-11-14T13:41:49","date_gmt":"2024-11-14T12:41:49","guid":{"rendered":"https:\/\/sklep.thepartners.pl\/produkt\/8191\/"},"modified":"2024-12-02T12:26:54","modified_gmt":"2024-12-02T11:26:54","slug":"8191","status":"publish","type":"product","link":"https:\/\/sklep.thepartners.pl\/cs\/produkt\/8191\/","title":{"rendered":"Rota\u010dn\u00ed post\u0159ikova\u010d STALCO GARDEN s-80483"},"content":{"rendered":"<p><strong>\u00a0Kl\u00ed\u010dov\u00e9 vlastnosti:<\/strong><\/p>\n<p><strong>Materi\u00e1l:<\/strong> Vyrobeno z odoln\u00e9ho ABS plastu, kter\u00fd zaru\u010duje dlouhou \u017eivotnost.<br \/>\n<strong>Pracovn\u00ed tlak:<\/strong> Optim\u00e1ln\u00ed provoz p\u0159i tlaku vody 2 a\u017e 4 bary.<br \/>\n<strong>Spot\u0159eba vody:<\/strong> V z\u00e1vislosti na tlaku je spot\u0159eba od 20 do 30 litr\u016f za minutu.<br \/>\n<strong>Oto\u010den\u00ed:<\/strong> Automatick\u00e1 rotace o 360\u00b0, kter\u00e1 v\u00e1m umo\u017en\u00ed zavla\u017eovat velk\u00e9 plochy, ani\u017e byste museli post\u0159ikova\u010d pohybovat.<br \/>\n<strong>P\u0159ipojen\u00ed:<\/strong> Snadn\u00e9 p\u0159ipojen\u00ed hadice pomoc\u00ed standardn\u00ed rychlospojky.<\/p>\n","protected":false},"excerpt":{"rendered":"<p>Rota\u010dn\u00ed zavla\u017eova\u010d STALCO GARDEN S-80483 je efektivn\u00ed n\u00e1stroj pro zavla\u017eov\u00e1n\u00ed zahrady zaji\u0161\u0165uj\u00edc\u00ed rovnom\u011brnou distribuci vody na povrchu od 78 do 130 m\u00b2.<\/p>\n","protected":false},"featured_media":8193,"comment_status":"open","ping_status":"closed","template":"","meta":{"_acf_changed":false},"product_brand":[],"product_cat":[1022,1025],"product_tag":[],"class_list":{"0":"post-8194","1":"product","2":"type-product","3":"status-publish","4":"has-post-thumbnail","6":"product_cat-naradi","7":"product_cat-pro-zahradu","8":"product_shipping_class-kurier-cs","9":"pa_producent-stalco-cs","11":"first","12":"instock","13":"taxable","14":"shipping-taxable","15":"purchasable","16":"product-type-simple"},"acf":[],"_links":{"self":[{"href":"https:\/\/sklep.thepartners.pl\/cs\/wp-json\/wp\/v2\/product\/8194","targetHints":{"allow":["GET"]}}],"collection":[{"href":"https:\/\/sklep.thepartners.pl\/cs\/wp-json\/wp\/v2\/product"}],"about":[{"href":"https:\/\/sklep.thepartners.pl\/cs\/wp-json\/wp\/v2\/types\/product"}],"replies":[{"embeddable":true,"href":"https:\/\/sklep.thepartners.pl\/cs\/wp-json\/wp\/v2\/comments?post=8194"}],"wp:featuredmedia":[{"embeddable":true,"href":"https:\/\/sklep.thepartners.pl\/cs\/wp-json\/wp\/v2\/media\/8193"}],"wp:attachment":[{"href":"https:\/\/sklep.thepartners.pl\/cs\/wp-json\/wp\/v2\/media?parent=8194"}],"wp:term":[{"taxonomy":"product_brand","embeddable":true,"href":"https:\/\/sklep.thepartners.pl\/cs\/wp-json\/wp\/v2\/product_brand?post=8194"},{"taxonomy":"product_cat","embeddable":true,"href":"https:\/\/sklep.thepartners.pl\/cs\/wp-json\/wp\/v2\/product_cat?post=8194"},{"taxonomy":"product_tag","embeddable":true,"href":"https:\/\/sklep.thepartners.pl\/cs\/wp-json\/wp\/v2\/product_tag?post=8194"}],"curies":[{"name":"wp","href":"https:\/\/api.w.org\/{rel}","templated":true}]}}