{"id":8217,"date":"2024-11-18T08:04:53","date_gmt":"2024-11-18T07:04:53","guid":{"rendered":"https:\/\/sklep.thepartners.pl\/produkt\/rekuperator-scienny-blauberg-vento-expert-duo-a30-1-s10-w-v-2\/"},"modified":"2024-12-02T12:39:36","modified_gmt":"2024-12-02T11:39:36","slug":"rekuperator-scienny-blauberg-vento-expert-duo-a30-1-s10-w-v-2","status":"publish","type":"product","link":"https:\/\/sklep.thepartners.pl\/cs\/produkt\/rekuperator-scienny-blauberg-vento-expert-duo-a30-1-s10-w-v-2\/","title":{"rendered":"N\u00e1st\u011bnn\u00e1 rekupera\u010dn\u00ed jednotka BLAUBERG VENTO EXPERT DUO A30-1 S10 W V.2"},"content":{"rendered":"<p>Modern\u00ed n\u00e1st\u011bnn\u00e1 rekupera\u010dn\u00ed jednotka ur\u010den\u00e1 pro efektivn\u00ed v\u011btr\u00e1n\u00ed obytn\u00fdch a komer\u010dn\u00edch m\u00edstnost\u00ed. D\u00edky decentralizovan\u00e9mu syst\u00e9mu nevy\u017eaduje rozs\u00e1hlou s\u00ed\u0165 kan\u00e1l\u016f, co\u017e usnad\u0148uje instalaci a sni\u017euje provozn\u00ed n\u00e1klady.<\/p>\n<p><strong>Kl\u00ed\u010dov\u00e9 vlastnosti:<\/strong><\/p>\n<p><strong>V\u00fdkon:<\/strong> Maxim\u00e1ln\u00ed pr\u016ftok vzduchu je 30 m\u00b3\/h.<br \/>\n<strong>Hlu\u010dnost:<\/strong> Od 24 dB(A), co\u017e zaji\u0161\u0165uje tich\u00fd provoz.<br \/>\n<strong>\u00da\u010dinnost rekuperace tepla:<\/strong> A\u017e 90 %, co\u017e v\u00fdrazn\u011b sni\u017euje energetick\u00e9 ztr\u00e1ty.<br \/>\n<strong>Ovl\u00e1d\u00e1n\u00ed:<\/strong> Mo\u017enost spravovat za\u0159\u00edzen\u00ed pomoc\u00ed mobiln\u00ed aplikace pro Android a iOS, d\u00edky vestav\u011bn\u00e9mu WiFi modulu.<br \/>\n<strong>\u010cidlo vlhkosti:<\/strong> Automaticky upravuje chod rekuper\u00e1toru v z\u00e1vislosti na \u00farovni vlhkosti v m\u00edstnosti.<\/p>\n<p><strong>v\u00fdhody:<\/strong><\/p>\n<p><strong>Snadn\u00e1 instalace:<\/strong> Nen\u00ed t\u0159eba instalovat slo\u017eitou potrubn\u00ed s\u00ed\u0165.<br \/>\n<strong>Energetick\u00e1 \u00fa\u010dinnost:<\/strong> Vysok\u00e1 \u00fa\u010dinnost rekuperace tepla s n\u00edzkou spot\u0159ebou energie.<br \/>\n<strong>Komfort pou\u017eit\u00ed:<\/strong> Tich\u00fd provoz a d\u00e1lkov\u00e9 ovl\u00e1d\u00e1n\u00ed.<\/p>\n","protected":false},"excerpt":{"rendered":"<p><strong>Kl\u00ed\u010dov\u00e9 vlastnosti:<\/strong><\/p>\n<p><strong>V\u00fdkon:<\/strong> Maxim\u00e1ln\u00ed pr\u016ftok vzduchu je 30 m\u00b3\/h.<br \/>\n<strong>Hlu\u010dnost:<\/strong> Od 24 dB(A), co\u017e zaji\u0161\u0165uje tich\u00fd provoz.<br \/>\n<strong>\u00da\u010dinnost rekuperace tepla:<\/strong> A\u017e 90 %, co\u017e v\u00fdrazn\u011b sni\u017euje energetick\u00e9 ztr\u00e1ty.<br \/>\n<strong>Ovl\u00e1d\u00e1n\u00ed:<\/strong> Mo\u017enost spravovat za\u0159\u00edzen\u00ed pomoc\u00ed mobiln\u00ed aplikace pro Android a iOS, d\u00edky vestav\u011bn\u00e9mu WiFi modulu.<br \/>\n<strong>\u010cidlo vlhkosti:<\/strong> Automaticky upravuje chod rekuper\u00e1toru v z\u00e1vislosti na \u00farovni vlhkosti v m\u00edstnosti.<\/p>\n","protected":false},"featured_media":8212,"comment_status":"open","ping_status":"closed","template":"","meta":{"_acf_changed":false},"product_brand":[],"product_cat":[156,992],"product_tag":[1247],"class_list":{"0":"post-8217","1":"product","2":"type-product","3":"status-publish","4":"has-post-thumbnail","6":"product_cat-stavebni-materialy","7":"product_cat-vetrani","8":"product_tag-rekuperator-scienny-cs","9":"product_shipping_class-kurier-cs","11":"first","12":"instock","13":"taxable","14":"shipping-taxable","15":"purchasable","16":"product-type-simple"},"acf":[],"_links":{"self":[{"href":"https:\/\/sklep.thepartners.pl\/cs\/wp-json\/wp\/v2\/product\/8217","targetHints":{"allow":["GET"]}}],"collection":[{"href":"https:\/\/sklep.thepartners.pl\/cs\/wp-json\/wp\/v2\/product"}],"about":[{"href":"https:\/\/sklep.thepartners.pl\/cs\/wp-json\/wp\/v2\/types\/product"}],"replies":[{"embeddable":true,"href":"https:\/\/sklep.thepartners.pl\/cs\/wp-json\/wp\/v2\/comments?post=8217"}],"wp:featuredmedia":[{"embeddable":true,"href":"https:\/\/sklep.thepartners.pl\/cs\/wp-json\/wp\/v2\/media\/8212"}],"wp:attachment":[{"href":"https:\/\/sklep.thepartners.pl\/cs\/wp-json\/wp\/v2\/media?parent=8217"}],"wp:term":[{"taxonomy":"product_brand","embeddable":true,"href":"https:\/\/sklep.thepartners.pl\/cs\/wp-json\/wp\/v2\/product_brand?post=8217"},{"taxonomy":"product_cat","embeddable":true,"href":"https:\/\/sklep.thepartners.pl\/cs\/wp-json\/wp\/v2\/product_cat?post=8217"},{"taxonomy":"product_tag","embeddable":true,"href":"https:\/\/sklep.thepartners.pl\/cs\/wp-json\/wp\/v2\/product_tag?post=8217"}],"curies":[{"name":"wp","href":"https:\/\/api.w.org\/{rel}","templated":true}]}}