{"id":8225,"date":"2024-11-18T10:32:32","date_gmt":"2024-11-18T09:32:32","guid":{"rendered":"https:\/\/sklep.thepartners.pl\/produkt\/kanal-wentylacyjny-rohr-160-700-vents\/"},"modified":"2024-12-02T12:50:55","modified_gmt":"2024-12-02T11:50:55","slug":"kanal-wentylacyjny-rohr-160-700-vents","status":"publish","type":"product","link":"https:\/\/sklep.thepartners.pl\/cs\/produkt\/kanal-wentylacyjny-rohr-160-700-vents\/","title":{"rendered":"V\u011btrac\u00ed potrub\u00ed ROHR 160-700 VENTS"},"content":{"rendered":"<p>vzduchotechnick\u00e9 potrub\u00ed o pr\u016fm\u011bru 160 mm a d\u00e9lce 700 mm z b\u00edl\u00e9ho plastu.<\/p>\n<p><strong>Aplikace:<\/strong><\/p>\n<p>Potrub\u00ed ROHR 160-700 slou\u017e\u00ed k prodlou\u017een\u00ed standardn\u00edho vzduchotechnick\u00e9ho potrub\u00ed, kter\u00e9 umo\u017e\u0148uje instalaci rekuper\u00e1tor\u016f do st\u011bn v\u011bt\u0161\u00ed tlou\u0161\u0165ky. To umo\u017e\u0148uje p\u0159izp\u016fsobit ventila\u010dn\u00ed syst\u00e9m konkr\u00e9tn\u00edm po\u017eadavk\u016fm budovy.<\/p>\n<p><strong>Technick\u00e9 specifikace:<\/strong><\/p>\n<p>Pr\u016fm\u011br: 160 mm<br \/>\nD\u00e9lka: 700 mm<br \/>\nMateri\u00e1l: PVC zpomaluj\u00edc\u00ed ho\u0159en\u00ed v souladu s normou PN-B-02874:1996<br \/>\nBarva: B\u00edl\u00e1<br \/>\nHygienick\u00fd atest: B-BK-60212-0335\/20<\/p>\n","protected":false},"excerpt":{"rendered":"<p><strong>Specyfikacja techniczna:<\/strong><\/p>\n<ul>\n<li><strong>\u015arednica:<\/strong> 160 mm<\/li>\n<li><strong>D\u0142ugo\u015b\u0107:<\/strong> 700 mm<\/li>\n<li><strong>Materia\u0142:<\/strong> PCV trudnozapalne zgodnie z norm\u0105 PN-B-02874:1996<\/li>\n<li><strong>Kolor:<\/strong> Bia\u0142y<\/li>\n<li><strong>Atest higieniczny:<\/strong> B-BK-60212-0335\/20<\/li>\n<\/ul>\n","protected":false},"featured_media":8224,"comment_status":"open","ping_status":"closed","template":"","meta":{"_acf_changed":false},"product_brand":[],"product_cat":[156,992],"product_tag":[],"class_list":{"0":"post-8225","1":"product","2":"type-product","3":"status-publish","4":"has-post-thumbnail","6":"product_cat-stavebni-materialy","7":"product_cat-vetrani","8":"product_shipping_class-kurier-cs","10":"first","11":"instock","12":"taxable","13":"shipping-taxable","14":"purchasable","15":"product-type-simple"},"acf":[],"_links":{"self":[{"href":"https:\/\/sklep.thepartners.pl\/cs\/wp-json\/wp\/v2\/product\/8225","targetHints":{"allow":["GET"]}}],"collection":[{"href":"https:\/\/sklep.thepartners.pl\/cs\/wp-json\/wp\/v2\/product"}],"about":[{"href":"https:\/\/sklep.thepartners.pl\/cs\/wp-json\/wp\/v2\/types\/product"}],"replies":[{"embeddable":true,"href":"https:\/\/sklep.thepartners.pl\/cs\/wp-json\/wp\/v2\/comments?post=8225"}],"wp:featuredmedia":[{"embeddable":true,"href":"https:\/\/sklep.thepartners.pl\/cs\/wp-json\/wp\/v2\/media\/8224"}],"wp:attachment":[{"href":"https:\/\/sklep.thepartners.pl\/cs\/wp-json\/wp\/v2\/media?parent=8225"}],"wp:term":[{"taxonomy":"product_brand","embeddable":true,"href":"https:\/\/sklep.thepartners.pl\/cs\/wp-json\/wp\/v2\/product_brand?post=8225"},{"taxonomy":"product_cat","embeddable":true,"href":"https:\/\/sklep.thepartners.pl\/cs\/wp-json\/wp\/v2\/product_cat?post=8225"},{"taxonomy":"product_tag","embeddable":true,"href":"https:\/\/sklep.thepartners.pl\/cs\/wp-json\/wp\/v2\/product_tag?post=8225"}],"curies":[{"name":"wp","href":"https:\/\/api.w.org\/{rel}","templated":true}]}}