{"id":8285,"date":"2024-11-21T15:18:01","date_gmt":"2024-11-21T14:18:01","guid":{"rendered":"https:\/\/sklep.thepartners.pl\/?post_type=product&#038;p=8285"},"modified":"2024-11-21T15:20:51","modified_gmt":"2024-11-21T14:20:51","slug":"plastova-hmozdinka-s-rovnou-hakem-gk-10-mm-blistr-4-ks-kopia-2","status":"publish","type":"product","link":"https:\/\/sklep.thepartners.pl\/cs\/produkt\/plastova-hmozdinka-s-rovnou-hakem-gk-10-mm-blistr-4-ks-kopia-2\/","title":{"rendered":"Plastov\u00e1 hmo\u017edinka s vrutem s ku\u017eelovou hlavou GL 8 mm &#8211; blistr &#8211; 6 ks"},"content":{"rendered":"<div class=\"flex max-w-full flex-col flex-grow\">\n<div class=\"min-h-8 text-message flex w-full flex-col items-end gap-2 whitespace-normal break-words [.text-message+&amp;]:mt-5\" dir=\"auto\" data-message-author-role=\"assistant\" data-message-id=\"7cd05703-f01d-4beb-aaca-54c46d0630ec\" data-message-model-slug=\"gpt-4o\">\n<div class=\"flex w-full flex-col gap-1 empty:hidden first:pt-[3px]\">\n<div class=\"markdown prose w-full break-words dark:prose-invert light\">\n<div class=\"flex max-w-full flex-col flex-grow\">\n<div class=\"min-h-8 text-message flex w-full flex-col items-end gap-2 whitespace-normal break-words [.text-message+&amp;]:mt-5\" dir=\"auto\" data-message-author-role=\"assistant\" data-message-id=\"5bf5a221-97c5-4d46-a66b-16b490d5670e\" data-message-model-slug=\"gpt-4o\">\n<div class=\"flex w-full flex-col gap-1 empty:hidden first:pt-[3px]\">\n<div class=\"markdown prose w-full break-words dark:prose-invert light\">\n<div class=\"flex max-w-full flex-col flex-grow\">\n<div class=\"min-h-8 text-message flex w-full flex-col items-end gap-2 whitespace-normal break-words [.text-message+&amp;]:mt-5\" dir=\"auto\" data-message-author-role=\"assistant\" data-message-id=\"85d389bd-e45c-439f-a53a-27843655b7a2\" data-message-model-slug=\"gpt-4o\">\n<div class=\"flex w-full flex-col gap-1 empty:hidden first:pt-[3px]\">\n<div class=\"markdown prose w-full break-words dark:prose-invert light\">\n<div class=\"flex max-w-full flex-col flex-grow\">\n<div class=\"min-h-8 text-message flex w-full flex-col items-end gap-2 whitespace-normal break-words [.text-message+&amp;]:mt-5\" dir=\"auto\" data-message-author-role=\"assistant\" data-message-id=\"645e73b3-c7f3-4192-b778-ff831a10633d\" data-message-model-slug=\"gpt-4o\">\n<div class=\"flex w-full flex-col gap-1 empty:hidden first:pt-[3px]\">\n<div class=\"markdown prose w-full break-words dark:prose-invert light\">\n<div class=\"flex max-w-full flex-col flex-grow\">\n<div class=\"min-h-8 text-message flex w-full flex-col items-end gap-2 whitespace-normal break-words [.text-message+&amp;]:mt-5\" dir=\"auto\" data-message-author-role=\"assistant\" data-message-id=\"44dc1df1-18fd-4e3e-b7ae-55900924e733\" data-message-model-slug=\"gpt-4o\">\n<div class=\"flex w-full flex-col gap-1 empty:hidden first:pt-[3px]\">\n<div class=\"markdown prose w-full break-words dark:prose-invert light\">\n<div class=\"flex max-w-full flex-col flex-grow\">\n<div class=\"min-h-8 text-message flex w-full flex-col items-end gap-2 whitespace-normal break-words [.text-message+&amp;]:mt-5\" dir=\"auto\" data-message-author-role=\"assistant\" data-message-id=\"778a7b23-8831-4d4a-a220-8d70ec008f70\" data-message-model-slug=\"gpt-4o\">\n<div class=\"flex w-full flex-col gap-1 empty:hidden first:pt-[3px]\">\n<div class=\"markdown prose w-full break-words dark:prose-invert light\">\n<div class=\"flex max-w-full flex-col flex-grow\">\n<div class=\"min-h-8 text-message flex w-full flex-col items-end gap-2 whitespace-normal break-words [.text-message+&amp;]:mt-5\" dir=\"auto\" data-message-author-role=\"assistant\" data-message-id=\"5f7b6693-805f-43b8-8906-edba9951408c\" data-message-model-slug=\"gpt-4o\">\n<div class=\"flex w-full flex-col gap-1 empty:hidden first:pt-[3px]\">\n<div class=\"markdown prose w-full break-words dark:prose-invert light\">\n<p>Plastov\u00e1 hmo\u017edinka GL s vrutem s ku\u017eelovou hlavou o pr\u016fm\u011bru 8 mm je spolehliv\u00fd mont\u00e1\u017en\u00ed prvek, ur\u010den\u00fd pro pou\u017eit\u00ed ve stavebnictv\u00ed a dokon\u010dovac\u00edch prac\u00edch. D\u00edky speci\u00e1ln\u011b navr\u017een\u00e9mu vrutu s ku\u017eelovou hlavou poskytuje hmo\u017edinka pevn\u00e9 a stabiln\u00ed upevn\u011bn\u00ed v r\u016fzn\u00fdch stavebn\u00edch materi\u00e1lech. Balen\u00ed obsahuje 6 ks v praktick\u00e9m blistru, co\u017e ho \u010din\u00ed ide\u00e1ln\u00edm pro \u0161irokou \u0161k\u00e1lu aplikac\u00ed, jako je mont\u00e1\u017e dr\u017e\u00e1k\u016f, polic nebo jin\u00fdch dopl\u0148k\u016f.<\/p>\n<p><strong>Pou\u017eit\u00ed:<\/strong><\/p>\n<ul>\n<li>Pou\u017e\u00edv\u00e1 se k mont\u00e1\u017ei dr\u017e\u00e1k\u016f, v\u011b\u0161\u00e1k\u016f, reg\u00e1l\u016f, dekorac\u00ed atd.<\/li>\n<li>Ide\u00e1ln\u00ed pro pou\u017eit\u00ed v r\u016fzn\u00fdch stavebn\u00edch materi\u00e1lech, jako je beton, cihla, p\u00f3robeton, s\u00e1drokartonov\u00e9 desky.<\/li>\n<\/ul>\n<p><strong>Vlastnosti produktu:<\/strong><\/p>\n<ul>\n<li><strong>Vrut s ku\u017eelovou hlavou:<\/strong> Umo\u017e\u0148uje snadnou a pevnou instalaci vrutu do hmo\u017edinky.<\/li>\n<li><strong>Materi\u00e1l:<\/strong> Plast, kter\u00fd zaji\u0161\u0165uje vysokou odolnost proti mechanick\u00e9mu po\u0161kozen\u00ed.<\/li>\n<li><strong>Univerz\u00e1ln\u00ed pou\u017eit\u00ed:<\/strong> Mo\u017enost pou\u017eit\u00ed v \u0161irok\u00e9 \u0161k\u00e1le stavebn\u00edch podklad\u016f.<\/li>\n<li><strong>Snadn\u00e1 instalace:<\/strong> Rychl\u00e1 a bezprobl\u00e9mov\u00e1 mont\u00e1\u017e bez rizika po\u0161kozen\u00ed hmo\u017edinky.<\/li>\n<\/ul>\n<p><strong>Technick\u00e1 specifikace:<\/strong><\/p>\n<ul>\n<li><strong>Pr\u016fm\u011br hmo\u017edinky:<\/strong> 8 mm.<\/li>\n<li><strong>Typ vrutu:<\/strong> S ku\u017eelovou hlavou.<\/li>\n<li><strong>Po\u010det v balen\u00ed:<\/strong> 6 ks.<\/li>\n<li><strong>Materi\u00e1l:<\/strong> Plast (hmo\u017edinka), ocel (vrut).<\/li>\n<\/ul>\n<p><strong>V\u00fdhody:<\/strong><\/p>\n<ul>\n<li>Vysok\u00e1 trvanlivost a pevnost.<\/li>\n<li>\u0160irok\u00e9 mo\u017enosti pou\u017eit\u00ed i v n\u00e1ro\u010dn\u011bj\u0161\u00edch podm\u00ednk\u00e1ch.<\/li>\n<li>Snadn\u00e1 instalace a pohodln\u00e9 pou\u017e\u00edv\u00e1n\u00ed.<\/li>\n<\/ul>\n<\/div>\n<\/div>\n<\/div>\n<\/div>\n<\/div>\n<\/div>\n<\/div>\n<\/div>\n<\/div>\n<\/div>\n<\/div>\n<\/div>\n<\/div>\n<\/div>\n<\/div>\n<\/div>\n<\/div>\n<\/div>\n<\/div>\n<\/div>\n<\/div>\n<\/div>\n<\/div>\n<\/div>\n<\/div>\n<\/div>\n<\/div>\n<\/div>\n","protected":false},"excerpt":{"rendered":"<p>Plastov\u00e1 hmo\u017edinka GL s vrutem s ku\u017eelovou hlavou o pr\u016fm\u011bru 8 mm je spolehliv\u00fd mont\u00e1\u017en\u00ed prvek, ur\u010den\u00fd pro pou\u017eit\u00ed ve<\/p>\n","protected":false},"featured_media":8279,"comment_status":"open","ping_status":"closed","template":"","meta":{"_acf_changed":false},"product_brand":[],"product_cat":[156,946,954,956],"product_tag":[],"class_list":{"0":"post-8285","1":"product","2":"type-product","3":"status-publish","4":"has-post-thumbnail","6":"product_cat-stavebni-materialy","7":"product_cat-sucha-vystavba","8":"product_cat-montazni-prislusenstvi","9":"product_cat-natloukaci-hmozdinky","10":"product_shipping_class-kurier-cs","11":"pa_producent-koelner-cs","13":"first","14":"instock","15":"taxable","16":"shipping-taxable","17":"purchasable","18":"product-type-simple"},"acf":[],"_links":{"self":[{"href":"https:\/\/sklep.thepartners.pl\/cs\/wp-json\/wp\/v2\/product\/8285","targetHints":{"allow":["GET"]}}],"collection":[{"href":"https:\/\/sklep.thepartners.pl\/cs\/wp-json\/wp\/v2\/product"}],"about":[{"href":"https:\/\/sklep.thepartners.pl\/cs\/wp-json\/wp\/v2\/types\/product"}],"replies":[{"embeddable":true,"href":"https:\/\/sklep.thepartners.pl\/cs\/wp-json\/wp\/v2\/comments?post=8285"}],"wp:featuredmedia":[{"embeddable":true,"href":"https:\/\/sklep.thepartners.pl\/cs\/wp-json\/wp\/v2\/media\/8279"}],"wp:attachment":[{"href":"https:\/\/sklep.thepartners.pl\/cs\/wp-json\/wp\/v2\/media?parent=8285"}],"wp:term":[{"taxonomy":"product_brand","embeddable":true,"href":"https:\/\/sklep.thepartners.pl\/cs\/wp-json\/wp\/v2\/product_brand?post=8285"},{"taxonomy":"product_cat","embeddable":true,"href":"https:\/\/sklep.thepartners.pl\/cs\/wp-json\/wp\/v2\/product_cat?post=8285"},{"taxonomy":"product_tag","embeddable":true,"href":"https:\/\/sklep.thepartners.pl\/cs\/wp-json\/wp\/v2\/product_tag?post=8285"}],"curies":[{"name":"wp","href":"https:\/\/api.w.org\/{rel}","templated":true}]}}