{"id":8315,"date":"2024-11-22T12:09:18","date_gmt":"2024-11-22T11:09:18","guid":{"rendered":"https:\/\/sklep.thepartners.pl\/produkt\/kuweta-malarska-serii-330-srednia-255-cm-x-34-cm\/"},"modified":"2024-11-22T13:46:40","modified_gmt":"2024-11-22T12:46:40","slug":"kuweta-malarska-serii-330-srednia-255-cm-x-34-cm","status":"publish","type":"product","link":"https:\/\/sklep.thepartners.pl\/cs\/produkt\/kuweta-malarska-serii-330-srednia-255-cm-x-34-cm\/","title":{"rendered":"Mal\u00ed\u0159sk\u00e1 vani\u010dka S\u00e9rie 330 st\u0159edn\u00ed 25,5 cm x 34 cm"},"content":{"rendered":"<p>Mal\u00ed\u0159sk\u00e1 vani\u010dka S\u00e9rie 330 je praktick\u00fd n\u00e1stroj pro mal\u00ed\u0159sk\u00e9 pr\u00e1ce, ide\u00e1ln\u00ed pro profesion\u00e1ly i amat\u00e9ry. Je ur\u010dena pro pou\u017eit\u00ed s mal\u00ed\u0159sk\u00fdmi v\u00e1le\u010dky st\u0159edn\u00ed velikosti. Speci\u00e1ln\u011b navr\u017een\u00fd odkap\u00e1vac\u00ed povrch umo\u017e\u0148uje rovnom\u011brn\u00e9 nanesen\u00ed barvy na v\u00e1le\u010dek a dob\u0159e tvarovan\u00e9 okraje zabra\u0148uj\u00ed rozlit\u00ed barvy.<\/p>\n<h4><strong>Pou\u017eit\u00ed:<\/strong><\/h4>\n<ul>\n<li>Usnad\u0148uje nan\u00e1\u0161en\u00ed barvy p\u0159i malov\u00e1n\u00ed st\u011bn, strop\u016f a dal\u0161\u00edch ploch.<\/li>\n<li>Ide\u00e1ln\u00ed pro pou\u017eit\u00ed s mal\u00ed\u0159sk\u00fdmi v\u00e1le\u010dky o \u0161\u00ed\u0159ce do 25 cm.<\/li>\n<\/ul>\n<h4><strong>Vlastnosti produktu:<\/strong><\/h4>\n<ul>\n<li><strong>Odkap\u00e1vac\u00ed povrch:<\/strong> Umo\u017e\u0148uje kontrolovan\u00e9 nas\u00e1knut\u00ed v\u00e1le\u010dku barvou.<\/li>\n<li><strong>Ergonomick\u00fd design:<\/strong> Zaji\u0161\u0165uje pohodl\u00ed p\u0159i pr\u00e1ci.<\/li>\n<li><strong>Stabiln\u00ed konstrukce:<\/strong> Vyrobena z odoln\u00e9ho plastov\u00e9ho materi\u00e1lu, kter\u00fd odol\u00e1v\u00e1 mechanick\u00e9mu i chemick\u00e9mu po\u0161kozen\u00ed.<\/li>\n<li><strong>Snadn\u00e9 \u010di\u0161t\u011bn\u00ed:<\/strong> Hladk\u00fd povrch umo\u017e\u0148uje rychl\u00e9 odstran\u011bn\u00ed zbytk\u016f barvy.<\/li>\n<li><strong>Rozm\u011bry:<\/strong> Kompaktn\u00ed velikost 25,5 cm x 34 cm, vhodn\u00e1 pro st\u0159edn\u00ed a men\u0161\u00ed mal\u00ed\u0159sk\u00e9 plochy.<\/li>\n<\/ul>\n<h4><strong>V\u00fdhody:<\/strong><\/h4>\n<ul>\n<li>Usnad\u0148uje a urychluje mal\u00ed\u0159skou pr\u00e1ci.<\/li>\n<li>Opakovan\u011b pou\u017eiteln\u00e1 d\u00edky odoln\u00e9mu materi\u00e1lu.<\/li>\n<li>Kompatibiln\u00ed s \u0161irokou \u0161k\u00e1lou mal\u00ed\u0159sk\u00fdch v\u00e1le\u010dk\u016f.<\/li>\n<\/ul>\n","protected":false},"excerpt":{"rendered":"<p>Mal\u00ed\u0159sk\u00e1 vani\u010dka S\u00e9rie 330 je praktick\u00fd n\u00e1stroj pro mal\u00ed\u0159sk\u00e9 pr\u00e1ce, ide\u00e1ln\u00ed pro profesion\u00e1ly i amat\u00e9ry. Je ur\u010dena pro pou\u017eit\u00ed s<\/p>\n","protected":false},"featured_media":8314,"comment_status":"open","ping_status":"closed","template":"","meta":{"_acf_changed":false},"product_brand":[],"product_cat":[162,1159],"product_tag":[],"class_list":{"0":"post-8315","1":"product","2":"type-product","3":"status-publish","4":"has-post-thumbnail","6":"product_cat-micharna-barev-a-omitek","7":"product_cat-malirske-doplnky","8":"product_shipping_class-kurier-cs","9":"pa_producent-blue-dolphin","11":"first","12":"instock","13":"taxable","14":"shipping-taxable","15":"purchasable","16":"product-type-simple"},"acf":[],"_links":{"self":[{"href":"https:\/\/sklep.thepartners.pl\/cs\/wp-json\/wp\/v2\/product\/8315","targetHints":{"allow":["GET"]}}],"collection":[{"href":"https:\/\/sklep.thepartners.pl\/cs\/wp-json\/wp\/v2\/product"}],"about":[{"href":"https:\/\/sklep.thepartners.pl\/cs\/wp-json\/wp\/v2\/types\/product"}],"replies":[{"embeddable":true,"href":"https:\/\/sklep.thepartners.pl\/cs\/wp-json\/wp\/v2\/comments?post=8315"}],"wp:featuredmedia":[{"embeddable":true,"href":"https:\/\/sklep.thepartners.pl\/cs\/wp-json\/wp\/v2\/media\/8314"}],"wp:attachment":[{"href":"https:\/\/sklep.thepartners.pl\/cs\/wp-json\/wp\/v2\/media?parent=8315"}],"wp:term":[{"taxonomy":"product_brand","embeddable":true,"href":"https:\/\/sklep.thepartners.pl\/cs\/wp-json\/wp\/v2\/product_brand?post=8315"},{"taxonomy":"product_cat","embeddable":true,"href":"https:\/\/sklep.thepartners.pl\/cs\/wp-json\/wp\/v2\/product_cat?post=8315"},{"taxonomy":"product_tag","embeddable":true,"href":"https:\/\/sklep.thepartners.pl\/cs\/wp-json\/wp\/v2\/product_tag?post=8315"}],"curies":[{"name":"wp","href":"https:\/\/api.w.org\/{rel}","templated":true}]}}