{"id":8359,"date":"2024-11-25T08:54:45","date_gmt":"2024-11-25T07:54:45","guid":{"rendered":"https:\/\/sklep.thepartners.pl\/?post_type=product&#038;p=8359"},"modified":"2024-11-25T09:00:54","modified_gmt":"2024-11-25T08:00:54","slug":"univerzalni-hmozdinka-6x30-mm-s-vrutem-45x40-mm-50-ks-kopia","status":"publish","type":"product","link":"https:\/\/sklep.thepartners.pl\/cs\/produkt\/univerzalni-hmozdinka-6x30-mm-s-vrutem-45x40-mm-50-ks-kopia\/","title":{"rendered":"Univerz\u00e1ln\u00ed hmo\u017edinka 8&#215;40 mm s vrutem 5,0 x 60 mm -50 ks"},"content":{"rendered":"<p>Univerz\u00e1ln\u00ed hmo\u017edinka 4ALL o rozm\u011brech 8&#215;40 mm, vybaven\u00e1 vrutem 5,0 x 60 mm, je v\u0161estrann\u00e1 mont\u00e1\u017en\u00ed sada. D\u00edky speci\u00e1ln\u00ed konstrukci hmo\u017edinka zaji\u0161\u0165uje vynikaj\u00edc\u00ed p\u0159ilnavost v r\u016fzn\u00fdch materi\u00e1lech, jako je beton, cihla, s\u00e1drokarton nebo d\u0159evo. Balen\u00ed obsahuje 50 kus\u016f, co\u017e z n\u00ed \u010din\u00ed ide\u00e1ln\u00ed \u0159e\u0161en\u00ed jak pro dom\u00e1c\u00ed, tak pro profesion\u00e1ln\u00ed pou\u017eit\u00ed.<\/p>\n<h4><strong>Pou\u017eit\u00ed:<\/strong><\/h4>\n<ul>\n<li>Mont\u00e1\u017e lehk\u00fdch a st\u0159edn\u011b t\u011b\u017ek\u00fdch konstrukc\u00ed na r\u016fzn\u00fdch podkladech.<\/li>\n<li>P\u0159ipevn\u011bn\u00ed polic, dr\u017e\u00e1k\u016f, dekorac\u00ed a dal\u0161\u00edch interi\u00e9rov\u00fdch prvk\u016f.<\/li>\n<\/ul>\n<h4><strong>Vlastnosti produktu:<\/strong><\/h4>\n<ul>\n<li><strong>Univerz\u00e1lnost:<\/strong> P\u0159izp\u016fsobeno \u0161irok\u00e9mu spektru podklad\u016f, jako je beton, cihla, p\u00f3robeton \u010di s\u00e1drokarton.<\/li>\n<li><strong>Vysok\u00e1 kvalita materi\u00e1l\u016f:<\/strong> Odoln\u00fd plast a vrut z pozinkovan\u00e9 oceli.<\/li>\n<li><strong>Snadn\u00e1 instalace:<\/strong> Jednoduch\u00e9 osazen\u00ed d\u00edky ergonomick\u00e9mu tvaru a p\u0159izp\u016fsoben\u00e9mu vrutu.<\/li>\n<li><strong>Bezpe\u010dnost:<\/strong> Stabiln\u00ed uchycen\u00ed minimalizuj\u00edc\u00ed riziko uvoln\u011bn\u00ed prvk\u016f.<\/li>\n<\/ul>\n<h4><strong>Obsah balen\u00ed:<\/strong><\/h4>\n<ul>\n<li>Hmo\u017edinky: 8&#215;40 mm \u2013 50 ks.<\/li>\n<li>Vruty: 5,0 x 60 mm \u2013 50 ks.<\/li>\n<\/ul>\n","protected":false},"excerpt":{"rendered":"<p>Univerz\u00e1ln\u00ed hmo\u017edinka 4ALL o rozm\u011brech 8&#215;40 mm, vybaven\u00e1 vrutem 5,0 x 60 mm, je v\u0161estrann\u00e1 mont\u00e1\u017en\u00ed sada. D\u00edky speci\u00e1ln\u00ed konstrukci<\/p>\n","protected":false},"featured_media":8362,"comment_status":"open","ping_status":"closed","template":"","meta":{"_acf_changed":false},"product_brand":[],"product_cat":[156,946,956],"product_tag":[],"class_list":{"0":"post-8359","1":"product","2":"type-product","3":"status-publish","4":"has-post-thumbnail","6":"product_cat-stavebni-materialy","7":"product_cat-sucha-vystavba","8":"product_cat-natloukaci-hmozdinky","9":"product_shipping_class-kurier-cs","10":"pa_producent-rawplug-cs","12":"first","13":"instock","14":"taxable","15":"shipping-taxable","16":"purchasable","17":"product-type-simple"},"acf":[],"_links":{"self":[{"href":"https:\/\/sklep.thepartners.pl\/cs\/wp-json\/wp\/v2\/product\/8359","targetHints":{"allow":["GET"]}}],"collection":[{"href":"https:\/\/sklep.thepartners.pl\/cs\/wp-json\/wp\/v2\/product"}],"about":[{"href":"https:\/\/sklep.thepartners.pl\/cs\/wp-json\/wp\/v2\/types\/product"}],"replies":[{"embeddable":true,"href":"https:\/\/sklep.thepartners.pl\/cs\/wp-json\/wp\/v2\/comments?post=8359"}],"wp:featuredmedia":[{"embeddable":true,"href":"https:\/\/sklep.thepartners.pl\/cs\/wp-json\/wp\/v2\/media\/8362"}],"wp:attachment":[{"href":"https:\/\/sklep.thepartners.pl\/cs\/wp-json\/wp\/v2\/media?parent=8359"}],"wp:term":[{"taxonomy":"product_brand","embeddable":true,"href":"https:\/\/sklep.thepartners.pl\/cs\/wp-json\/wp\/v2\/product_brand?post=8359"},{"taxonomy":"product_cat","embeddable":true,"href":"https:\/\/sklep.thepartners.pl\/cs\/wp-json\/wp\/v2\/product_cat?post=8359"},{"taxonomy":"product_tag","embeddable":true,"href":"https:\/\/sklep.thepartners.pl\/cs\/wp-json\/wp\/v2\/product_tag?post=8359"}],"curies":[{"name":"wp","href":"https:\/\/api.w.org\/{rel}","templated":true}]}}