{"id":8366,"date":"2024-11-25T09:03:55","date_gmt":"2024-11-25T08:03:55","guid":{"rendered":"https:\/\/sklep.thepartners.pl\/?post_type=product&#038;p=8366"},"modified":"2024-11-25T09:06:39","modified_gmt":"2024-11-25T08:06:39","slug":"univerzalni-hmozdinka-8x40-mm-s-vrutem-50-x-60-mm-50-ks-kopia","status":"publish","type":"product","link":"https:\/\/sklep.thepartners.pl\/cs\/produkt\/univerzalni-hmozdinka-8x40-mm-s-vrutem-50-x-60-mm-50-ks-kopia\/","title":{"rendered":"Univerz\u00e1ln\u00ed hmo\u017edinka 8&#215;65 mm s vrutem 5,0&#215;80 mm -50 ks"},"content":{"rendered":"<div class=\"flex max-w-full flex-col flex-grow\">\n<div class=\"min-h-8 text-message flex w-full flex-col items-end gap-2 whitespace-normal break-words [.text-message+&amp;]:mt-5\" dir=\"auto\" data-message-author-role=\"assistant\" data-message-id=\"f4f3a212-7187-4693-ae87-122770bc99b8\" data-message-model-slug=\"gpt-4o\">\n<div class=\"flex w-full flex-col gap-1 empty:hidden first:pt-[3px]\">\n<div class=\"markdown prose w-full break-words dark:prose-invert light\">\n<p>Univerz\u00e1ln\u00ed hmo\u017edinka o rozm\u011brech 8&#215;65 mm s odpov\u00eddaj\u00edc\u00edm vrutem 5,0&#215;80 mm je spolehliv\u00e9 \u0159e\u0161en\u00ed pro mont\u00e1\u017e v r\u016fzn\u00fdch typech podklad\u016f. D\u00edky sv\u00e9 v\u0161estrann\u00e9 konstrukci hmo\u017edinka zaji\u0161\u0165uje pevn\u00e9 a stabiln\u00ed uchycen\u00ed jak v pln\u00fdch, tak dut\u00fdch materi\u00e1lech. Produkt je balen v kartonov\u00e9m obalu obsahuj\u00edc\u00edm 50 sad, co\u017e z n\u011bj \u010din\u00ed ide\u00e1ln\u00ed volbu pro dom\u00e1c\u00ed, d\u00edlensk\u00e9 i stavebn\u00ed pr\u00e1ce.<\/p>\n<h4><strong>Pou\u017eit\u00ed:<\/strong><\/h4>\n<ul>\n<li>Mont\u00e1\u017e interi\u00e9rov\u00fdch prvk\u016f, jako jsou police, v\u011b\u0161\u00e1ky, sk\u0159\u00ed\u0148ky.<\/li>\n<li>Upevn\u011bn\u00ed konstrukc\u00ed v podkladech z cihel, betonu, p\u00f3robetonu nebo s\u00e1drokartonu.<\/li>\n<li>Vyu\u017eit\u00ed v lehk\u00fdch a st\u0159edn\u011b zat\u00ed\u017een\u00fdch instalac\u00edch.<\/li>\n<\/ul>\n<h4><strong>Vlastnosti produktu:<\/strong><\/h4>\n<ul>\n<li><strong>Univerz\u00e1lnost:<\/strong> Pou\u017eit\u00ed ve pln\u00fdch i dut\u00fdch podkladech.<\/li>\n<li><strong>Vysok\u00e1 kvalita:<\/strong> Hmo\u017edinka z odoln\u00e9ho plastu, vrut z pozinkovan\u00e9 oceli.<\/li>\n<li><strong>Snadn\u00e1 instalace:<\/strong> Ergonomick\u00fd tvar usnad\u0148uje upevn\u011bn\u00ed, p\u0159izp\u016fsoben\u00fd vrut zaji\u0161\u0165uje stabiln\u00ed uchycen\u00ed.<\/li>\n<li><strong>Odolnost:<\/strong> Konstrukce odoln\u00e1 v\u016f\u010di uvoln\u011bn\u00ed a vyta\u017een\u00ed p\u0159i zat\u00ed\u017een\u00ed.<\/li>\n<\/ul>\n<h4><strong>Obsah balen\u00ed:<\/strong><\/h4>\n<ul>\n<li>Hmo\u017edinky: 8&#215;65 mm \u2013 50 ks.<\/li>\n<li>Vruty: 5,0&#215;80 mm \u2013 50 ks.<\/li>\n<\/ul>\n<\/div>\n<\/div>\n<\/div>\n<\/div>\n<div class=\"mb-2 flex gap-3 empty:hidden -ml-2\">\n<div class=\"items-center justify-start rounded-xl p-1 flex\"><\/div>\n<\/div>\n","protected":false},"excerpt":{"rendered":"<p>Univerz\u00e1ln\u00ed hmo\u017edinka o rozm\u011brech 8&#215;65 mm s odpov\u00eddaj\u00edc\u00edm vrutem 5,0&#215;80 mm je spolehliv\u00e9 \u0159e\u0161en\u00ed pro mont\u00e1\u017e v r\u016fzn\u00fdch typech podklad\u016f.<\/p>\n","protected":false},"featured_media":8362,"comment_status":"open","ping_status":"closed","template":"","meta":{"_acf_changed":false},"product_brand":[],"product_cat":[956,156,946],"product_tag":[],"class_list":{"0":"post-8366","1":"product","2":"type-product","3":"status-publish","4":"has-post-thumbnail","6":"product_cat-natloukaci-hmozdinky","7":"product_cat-stavebni-materialy","8":"product_cat-sucha-vystavba","9":"product_shipping_class-kurier-cs","10":"pa_producent-rawplug-cs","12":"first","13":"instock","14":"taxable","15":"shipping-taxable","16":"purchasable","17":"product-type-simple"},"acf":[],"_links":{"self":[{"href":"https:\/\/sklep.thepartners.pl\/cs\/wp-json\/wp\/v2\/product\/8366","targetHints":{"allow":["GET"]}}],"collection":[{"href":"https:\/\/sklep.thepartners.pl\/cs\/wp-json\/wp\/v2\/product"}],"about":[{"href":"https:\/\/sklep.thepartners.pl\/cs\/wp-json\/wp\/v2\/types\/product"}],"replies":[{"embeddable":true,"href":"https:\/\/sklep.thepartners.pl\/cs\/wp-json\/wp\/v2\/comments?post=8366"}],"wp:featuredmedia":[{"embeddable":true,"href":"https:\/\/sklep.thepartners.pl\/cs\/wp-json\/wp\/v2\/media\/8362"}],"wp:attachment":[{"href":"https:\/\/sklep.thepartners.pl\/cs\/wp-json\/wp\/v2\/media?parent=8366"}],"wp:term":[{"taxonomy":"product_brand","embeddable":true,"href":"https:\/\/sklep.thepartners.pl\/cs\/wp-json\/wp\/v2\/product_brand?post=8366"},{"taxonomy":"product_cat","embeddable":true,"href":"https:\/\/sklep.thepartners.pl\/cs\/wp-json\/wp\/v2\/product_cat?post=8366"},{"taxonomy":"product_tag","embeddable":true,"href":"https:\/\/sklep.thepartners.pl\/cs\/wp-json\/wp\/v2\/product_tag?post=8366"}],"curies":[{"name":"wp","href":"https:\/\/api.w.org\/{rel}","templated":true}]}}