{"id":8369,"date":"2024-11-25T08:54:03","date_gmt":"2024-11-25T07:54:03","guid":{"rendered":"https:\/\/sklep.thepartners.pl\/produkt\/zestaw-malarski-badass-zmbs37\/"},"modified":"2025-07-09T13:08:54","modified_gmt":"2025-07-09T11:08:54","slug":"zestaw-malarski-badass-zmbs37","status":"publish","type":"product","link":"https:\/\/sklep.thepartners.pl\/cs\/produkt\/zestaw-malarski-badass-zmbs37\/","title":{"rendered":"Sada na malov\u00e1n\u00ed BADASS ZMBS37"},"content":{"rendered":"<p>je profesion\u00e1ln\u00ed sada n\u00e1stroj\u016f navr\u017een\u00e1 pro urychlen\u00ed procesu lakov\u00e1n\u00ed a\u017e dvojn\u00e1sobn\u011b. D\u00edky pe\u010dliv\u011b vybran\u00fdm prvk\u016fm umo\u017e\u0148uje tato sada efektivn\u00ed a p\u0159esn\u00e9 pokryt\u00ed velk\u00fdch ploch.<\/p>\n<p><strong>Sada obsahuje:<\/strong><\/p>\n<p>ST\u0158\u00cdBRN\u00dd mal\u00ed\u0159sk\u00fd v\u00e1le\u010dek 37 cm: \u0160irok\u00fd v\u00e1le\u010dek, kter\u00fd v\u00e1m umo\u017en\u00ed rychle pokr\u00fdt velk\u00e9 plochy.<br \/>\nJUMBO podnos na malov\u00e1n\u00ed: Prostorn\u00fd podnos, kter\u00fd pojme a\u017e 8 litr\u016f barvy, co\u017e minimalizuje nutnost \u010dast\u00e9ho dopl\u0148ov\u00e1n\u00ed.<br \/>\nDr\u017e\u00e1k v\u00e1le\u010dku: Nastaviteln\u00e1 rukoje\u0165 o \u0161\u00ed\u0159ce od 30 cm do 45 cm, zaji\u0161\u0165uj\u00edc\u00ed komfort pr\u00e1ce.<br \/>\nF\u00f3liov\u00e9 potahy: P\u011bt potah\u016f na odpadkov\u00fd ko\u0161, co\u017e usnad\u0148uje jeho udr\u017eov\u00e1n\u00ed v \u010distot\u011b a \u0161et\u0159\u00ed \u010das p\u0159i myt\u00ed.<\/p>\n<p><strong>V\u00fdhody setu:<\/strong><\/p>\n<p>Rychlej\u0161\u00ed lakov\u00e1n\u00ed: D\u00edky \u0161irok\u00e9mu v\u00e1le\u010dku a prostorn\u00e9mu t\u00e1cu je proces lakov\u00e1n\u00ed efektivn\u011bj\u0161\u00ed.<br \/>\nSnadno se udr\u017euje v \u010distot\u011b: F\u00f3liov\u00e9 kryty odpadkov\u00e9ho ko\u0161e umo\u017e\u0148uj\u00ed rychl\u00e9 \u010di\u0161t\u011bn\u00ed po pr\u00e1ci.<br \/>\nErgonomick\u00e1 rukoje\u0165: Nastaviteln\u00e1 rukoje\u0165 se p\u0159izp\u016fsob\u00ed pot\u0159eb\u00e1m u\u017eivatele a zvy\u0161uje komfort pr\u00e1ce.<\/p>\n","protected":false},"excerpt":{"rendered":"<p><strong>Sada obsahuje:<\/strong><\/p>\n<p>ST\u0158\u00cdBRN\u00dd mal\u00ed\u0159sk\u00fd v\u00e1le\u010dek 37 cm: \u0160irok\u00fd v\u00e1le\u010dek, kter\u00fd v\u00e1m umo\u017en\u00ed rychle pokr\u00fdt velk\u00e9 plochy.<br \/>\nJUMBO podnos na malov\u00e1n\u00ed: Prostorn\u00fd podnos, kter\u00fd pojme a\u017e 8 litr\u016f barvy, co\u017e minimalizuje nutnost \u010dast\u00e9ho dopl\u0148ov\u00e1n\u00ed.<br \/>\nDr\u017e\u00e1k v\u00e1le\u010dku: Nastaviteln\u00e1 rukoje\u0165 o \u0161\u00ed\u0159ce od 30 cm do 45 cm, zaji\u0161\u0165uj\u00edc\u00ed komfort pr\u00e1ce.<br \/>\nF\u00f3liov\u00e9 potahy: P\u011bt potah\u016f na odpadkov\u00fd ko\u0161, co\u017e usnad\u0148uje jeho udr\u017eov\u00e1n\u00ed v \u010distot\u011b a \u0161et\u0159\u00ed \u010das p\u0159i myt\u00ed.<\/p>\n","protected":false},"featured_media":8368,"comment_status":"open","ping_status":"closed","template":"","meta":{"_acf_changed":false},"product_brand":[],"product_cat":[162,1159],"product_tag":[],"class_list":{"0":"post-8369","1":"product","2":"type-product","3":"status-publish","4":"has-post-thumbnail","6":"product_cat-micharna-barev-a-omitek","7":"product_cat-malirske-doplnky","8":"product_shipping_class-kurier-cs","9":"pa_darmowa-dostawa-ano","10":"pa_producent-blue-dolphin","12":"first","13":"instock","14":"taxable","15":"shipping-taxable","16":"purchasable","17":"product-type-simple"},"acf":[],"_links":{"self":[{"href":"https:\/\/sklep.thepartners.pl\/cs\/wp-json\/wp\/v2\/product\/8369","targetHints":{"allow":["GET"]}}],"collection":[{"href":"https:\/\/sklep.thepartners.pl\/cs\/wp-json\/wp\/v2\/product"}],"about":[{"href":"https:\/\/sklep.thepartners.pl\/cs\/wp-json\/wp\/v2\/types\/product"}],"replies":[{"embeddable":true,"href":"https:\/\/sklep.thepartners.pl\/cs\/wp-json\/wp\/v2\/comments?post=8369"}],"wp:featuredmedia":[{"embeddable":true,"href":"https:\/\/sklep.thepartners.pl\/cs\/wp-json\/wp\/v2\/media\/8368"}],"wp:attachment":[{"href":"https:\/\/sklep.thepartners.pl\/cs\/wp-json\/wp\/v2\/media?parent=8369"}],"wp:term":[{"taxonomy":"product_brand","embeddable":true,"href":"https:\/\/sklep.thepartners.pl\/cs\/wp-json\/wp\/v2\/product_brand?post=8369"},{"taxonomy":"product_cat","embeddable":true,"href":"https:\/\/sklep.thepartners.pl\/cs\/wp-json\/wp\/v2\/product_cat?post=8369"},{"taxonomy":"product_tag","embeddable":true,"href":"https:\/\/sklep.thepartners.pl\/cs\/wp-json\/wp\/v2\/product_tag?post=8369"}],"curies":[{"name":"wp","href":"https:\/\/api.w.org\/{rel}","templated":true}]}}